{"id":1338,"date":"2019-09-24T12:52:28","date_gmt":"2019-09-24T12:52:28","guid":{"rendered":"http:\/\/www.juiceandworld.com\/?page_id=1338"},"modified":"2024-02-29T10:52:22","modified_gmt":"2024-02-29T10:52:22","slug":"home-2019","status":"publish","type":"page","link":"https:\/\/www.juiceandworld.com\/es\/","title":{"rendered":"portada"},"content":{"rendered":"\n<style type=\"text\/css\" data-created_by=\"avia_inline_auto\" id=\"style-css-av-zt9khw-14832f9f4edd030d20bfc33900d6aa59\">\n#top .flex_column.av-zt9khw-14832f9f4edd030d20bfc33900d6aa59{\nmargin-top:0px;\nmargin-bottom:0px;\n}\n.flex_column.av-zt9khw-14832f9f4edd030d20bfc33900d6aa59{\nborder-radius:0px 0px 0px 0px;\npadding:0px 0px 0px 0px;\n}\n.responsive #top #wrap_all .flex_column.av-zt9khw-14832f9f4edd030d20bfc33900d6aa59{\nmargin-top:0px;\nmargin-bottom:0px;\n}\n<\/style>\n<div  class='flex_column av-zt9khw-14832f9f4edd030d20bfc33900d6aa59 av_one_full  avia-builder-el-0  el_before_av_layout_row  avia-builder-el-no-sibling  first no_margin flex_column_div av-zero-column-padding  '     ><\/div><\/div><\/div><\/div><!-- close content main div --><\/div><\/div><div id='home-intro'  class='av-layout-grid-container av-vzvd3u-6ed033723639b3387d5631a3cb9519be entry-content-wrapper main_color av-flex-cells  avia-builder-el-2  el_after_av_one_full  el_before_av_layout_row  grid-row-not-first  container_wrap sidebar_left'  >\n<div class='flex_cell av-uao04a-7d3770b911489b0c62cf6f4c4e6b3ffd av-gridrow-cell av_one_third no_margin  avia-builder-el-3  el_before_av_cell_one_third  avia-builder-el-first '  ><div class='flex_cell_inner'>\n<style type=\"text\/css\" data-created_by=\"avia_inline_auto\" id=\"style-css-av-t52nsq-47e22c76319bf1360021efeddc5731b3\">\n.flex_column.av-t52nsq-47e22c76319bf1360021efeddc5731b3{\nborder-radius:0px 0px 0px 0px;\npadding:0px 0px 0px 0px;\n}\n<\/style>\n<div  class='flex_column av-t52nsq-47e22c76319bf1360021efeddc5731b3 av_one_full  avia-builder-el-4  avia-builder-el-no-sibling  first flex_column_div av-zero-column-padding  '     ><p>\n<style type=\"text\/css\" data-created_by=\"avia_inline_auto\" id=\"style-css-av-rmhn22-f3933748133c1538002fb6c4998b536d\">\n.avia-image-container.av-rmhn22-f3933748133c1538002fb6c4998b536d img.avia_image{\nbox-shadow:none;\n}\n.avia-image-container.av-rmhn22-f3933748133c1538002fb6c4998b536d .av-image-caption-overlay-center{\ncolor:#ffffff;\n}\n<\/style>\n<div  class='avia-image-container av-rmhn22-f3933748133c1538002fb6c4998b536d av-styling- avia-align-center  avia-builder-el-5  el_before_av_textblock  avia-builder-el-first '   itemprop=\"image\" itemscope=\"itemscope\" itemtype=\"https:\/\/schema.org\/ImageObject\" ><div class=\"avia-image-container-inner\"><div class=\"avia-image-overlay-wrap\"><img fetchpriority=\"high\" class='wp-image-1339 avia-img-lazy-loading-not-1339 avia_image ' src='https:\/\/www.juiceandworld.com\/wp-content\/uploads\/2019\/09\/home-flavour.png' alt='' title='home-flavour'  height=\"150\" width=\"150\"  itemprop=\"thumbnailUrl\"  \/><\/div><\/div><\/div><br \/>\n<section  class='av_textblock_section av-pdx1re-120458af0b2077c226f9f89f498bbaf5 '   itemscope=\"itemscope\" itemtype=\"https:\/\/schema.org\/CreativeWork\" ><div class='avia_textblock'  itemprop=\"text\" ><h2>CUALQUIER SABOR QUE QUIERAS<\/h2>\n<p>Hacemos realidad cualquier tipo de bebida que puedan imaginar nuestros clientes y sus consumidores.<\/p>\n<p>Nuestro equipo de I+D desarrolla cada nueva receta respondiendo a los gustos de los clientes y ofreciendo sabores \u00fanicos en botellas con dise\u00f1os personalizados<\/p>\n<\/div><\/section><\/p><\/div>\n<\/div><\/div><div class='flex_cell av-ndn0x6-f184e670311521ec0cd3dea7203c4832 av-gridrow-cell av_one_third no_margin  avia-builder-el-7  el_after_av_cell_one_third  el_before_av_cell_one_third '  ><div class='flex_cell_inner'>\n<style type=\"text\/css\" data-created_by=\"avia_inline_auto\" id=\"style-css-av-m8qjnu-06dac12bd36698cd3c09d2de99d572be\">\n.flex_column.av-m8qjnu-06dac12bd36698cd3c09d2de99d572be{\nborder-radius:0px 0px 0px 0px;\npadding:0px 0px 0px 0px;\n}\n<\/style>\n<div  class='flex_column av-m8qjnu-06dac12bd36698cd3c09d2de99d572be av_one_full  avia-builder-el-8  avia-builder-el-no-sibling  first flex_column_div av-zero-column-padding  '     ><p>\n<style type=\"text\/css\" data-created_by=\"avia_inline_auto\" id=\"style-css-av-l1x1u2-0c52e3418698e247b8f988b26bbab163\">\n.avia-image-container.av-l1x1u2-0c52e3418698e247b8f988b26bbab163 img.avia_image{\nbox-shadow:none;\n}\n.avia-image-container.av-l1x1u2-0c52e3418698e247b8f988b26bbab163 .av-image-caption-overlay-center{\ncolor:#ffffff;\n}\n<\/style>\n<div  class='avia-image-container av-l1x1u2-0c52e3418698e247b8f988b26bbab163 av-styling- avia-align-center  avia-builder-el-9  el_before_av_textblock  avia-builder-el-first '   itemprop=\"image\" itemscope=\"itemscope\" itemtype=\"https:\/\/schema.org\/ImageObject\" ><div class=\"avia-image-container-inner\"><div class=\"avia-image-overlay-wrap\"><img fetchpriority=\"high\" class='wp-image-1342 avia-img-lazy-loading-not-1342 avia_image ' src='https:\/\/www.juiceandworld.com\/wp-content\/uploads\/2019\/09\/home-nature.png' alt='' title='home-nature'  height=\"150\" width=\"150\"  itemprop=\"thumbnailUrl\"  \/><\/div><\/div><\/div><br \/>\n<section  class='av_textblock_section av-jtlbui-9b4f05d6aaca6212f7d1551668a04097 '   itemscope=\"itemscope\" itemtype=\"https:\/\/schema.org\/CreativeWork\" ><div class='avia_textblock'  itemprop=\"text\" ><h2>COMPROMETIDOS CON LA NATURALEZA<\/h2>\n<p>La naturaleza nos ofrece todo un abanico de sabores naturales que son la base de nuestros zumos y bebidas refrescantes.<\/p>\n<p>Somos una empresa \u201cPlastic free\u201d que cuida y respeta la naturaleza favoreciendo un estilo de vida natural y un consumo saludable y sostenible<\/p>\n<\/div><\/section><\/p><\/div>\n<\/div><\/div><div class='flex_cell av-1op65m-5f2a2811a653a3caabca4c25798c3b1e av-gridrow-cell av_one_third no_margin  avia-builder-el-11  el_after_av_cell_one_third  avia-builder-el-last '  ><div class='flex_cell_inner'>\n<style type=\"text\/css\" data-created_by=\"avia_inline_auto\" id=\"style-css-av-fg3j6y-be815fb22811af15f6d0327b4bf13f06\">\n.flex_column.av-fg3j6y-be815fb22811af15f6d0327b4bf13f06{\nborder-radius:0px 0px 0px 0px;\npadding:0px 0px 0px 0px;\n}\n<\/style>\n<div  class='flex_column av-fg3j6y-be815fb22811af15f6d0327b4bf13f06 av_one_full  avia-builder-el-12  avia-builder-el-no-sibling  first flex_column_div av-zero-column-padding  '     ><p>\n<style type=\"text\/css\" data-created_by=\"avia_inline_auto\" id=\"style-css-av-dmcf56-c5d530b6229f23a6e9dbb7df1093c013\">\n.avia-image-container.av-dmcf56-c5d530b6229f23a6e9dbb7df1093c013 img.avia_image{\nbox-shadow:none;\n}\n.avia-image-container.av-dmcf56-c5d530b6229f23a6e9dbb7df1093c013 .av-image-caption-overlay-center{\ncolor:#ffffff;\n}\n<\/style>\n<div  class='avia-image-container av-dmcf56-c5d530b6229f23a6e9dbb7df1093c013 av-styling- avia-align-center  avia-builder-el-13  el_before_av_textblock  avia-builder-el-first '   itemprop=\"image\" itemscope=\"itemscope\" itemtype=\"https:\/\/schema.org\/ImageObject\" ><div class=\"avia-image-container-inner\"><div class=\"avia-image-overlay-wrap\"><img fetchpriority=\"high\" class='wp-image-1345 avia-img-lazy-loading-not-1345 avia_image ' src='https:\/\/www.juiceandworld.com\/wp-content\/uploads\/2019\/09\/home-quality.png' alt='' title='home-quality'  height=\"150\" width=\"150\"  itemprop=\"thumbnailUrl\"  \/><\/div><\/div><\/div><br \/>\n<section  class='av_textblock_section av-d50a0a-2c6fd1010076489c321ba73dc62e0ee1 '   itemscope=\"itemscope\" itemtype=\"https:\/\/schema.org\/CreativeWork\" ><div class='avia_textblock'  itemprop=\"text\" ><h2>ALTA CALIDAD GARANTIZADA<\/h2>\n<p>Aplicamos la mayor exigencia y rigor en los procesos productivos con el objetivo de garantizar la m\u00e1xima calidad y seguridad alimentaria, que ha sido avalada por los organismos nacionales e internacionales de certificaci\u00f3n m\u00e1s exigentes.<\/p>\n<\/div><\/section><\/p><\/div>\n<\/div><\/div>\n<\/div><\/p>\n<div id='some-choices'  class='av-layout-grid-container av-bcg8vu-cbe19e3804758a888f1b537a7cf53b1b entry-content-wrapper main_color av-flex-cells  avia-builder-el-15  el_after_av_layout_row  el_before_av_layout_row  grid-row-not-first  container_wrap sidebar_left'  >\n\n<style type=\"text\/css\" data-created_by=\"avia_inline_auto\" id=\"style-css-av-8klfay-4b56b5c6aed0a278ede2296f15dbc2ff\">\n.flex_cell.av-8klfay-4b56b5c6aed0a278ede2296f15dbc2ff{\nvertical-align:top;\n}\n.responsive #top #wrap_all .flex_cell.av-8klfay-4b56b5c6aed0a278ede2296f15dbc2ff{\npadding:30px 30px 30px 30px !important;\n}\n<\/style>\n<div class='flex_cell av-8klfay-4b56b5c6aed0a278ede2296f15dbc2ff av-gridrow-cell av_one_full no_margin  avia-builder-el-16  avia-builder-el-no-sibling  content-align-top'  ><div class='flex_cell_inner'><section  class='av_textblock_section av-7t54lm-bee608fa91efc3cef847925ede2b729e '   itemscope=\"itemscope\" itemtype=\"https:\/\/schema.org\/CreativeWork\" ><div class='avia_textblock'  itemprop=\"text\" ><h3>ALGUNAS OPCIONES<\/h3>\n<\/div><\/section>\n<\/div><\/div>\n<\/div>\n<div id='home-productos'  class='av-layout-grid-container av-5vmk0a-704c1614374fe6d0cd80d67491958699 entry-content-wrapper main_color av-flex-cells  avia-builder-el-18  el_after_av_layout_row  avia-builder-el-last  grid-row-not-first  container_wrap sidebar_left'  >\n\n<style type=\"text\/css\" data-created_by=\"avia_inline_auto\" id=\"style-css-av-4agq7u-e88c4812af9a16a3eed263a4d71f9df4\">\n.flex_cell.av-4agq7u-e88c4812af9a16a3eed263a4d71f9df4{\nvertical-align:top;\n}\n.responsive #top #wrap_all .flex_cell.av-4agq7u-e88c4812af9a16a3eed263a4d71f9df4{\npadding:30px 30px 30px 30px !important;\n}\n<\/style>\n<div class='flex_cell av-4agq7u-e88c4812af9a16a3eed263a4d71f9df4 av-gridrow-cell av_one_full no_margin  avia-builder-el-19  avia-builder-el-no-sibling  content-align-top'  ><div class='flex_cell_inner'>\n<\/div><\/div>\n<\/div>\n","protected":false},"excerpt":{"rendered":"","protected":false},"author":1,"featured_media":0,"parent":0,"menu_order":0,"comment_status":"closed","ping_status":"closed","template":"","meta":{"footnotes":""},"class_list":["post-1338","page","type-page","status-publish","hentry"],"_links":{"self":[{"href":"https:\/\/www.juiceandworld.com\/es\/wp-json\/wp\/v2\/pages\/1338","targetHints":{"allow":["GET"]}}],"collection":[{"href":"https:\/\/www.juiceandworld.com\/es\/wp-json\/wp\/v2\/pages"}],"about":[{"href":"https:\/\/www.juiceandworld.com\/es\/wp-json\/wp\/v2\/types\/page"}],"author":[{"embeddable":true,"href":"https:\/\/www.juiceandworld.com\/es\/wp-json\/wp\/v2\/users\/1"}],"replies":[{"embeddable":true,"href":"https:\/\/www.juiceandworld.com\/es\/wp-json\/wp\/v2\/comments?post=1338"}],"version-history":[{"count":29,"href":"https:\/\/www.juiceandworld.com\/es\/wp-json\/wp\/v2\/pages\/1338\/revisions"}],"predecessor-version":[{"id":2927,"href":"https:\/\/www.juiceandworld.com\/es\/wp-json\/wp\/v2\/pages\/1338\/revisions\/2927"}],"wp:attachment":[{"href":"https:\/\/www.juiceandworld.com\/es\/wp-json\/wp\/v2\/media?parent=1338"}],"curies":[{"name":"wp","href":"https:\/\/api.w.org\/{rel}","templated":true}]}}