{"id":1410,"date":"2019-09-25T07:32:47","date_gmt":"2019-09-25T07:32:47","guid":{"rendered":"http:\/\/www.juiceandworld.com\/?page_id=1410"},"modified":"2024-03-07T12:25:40","modified_gmt":"2024-03-07T12:25:40","slug":"calidad","status":"publish","type":"page","link":"https:\/\/www.juiceandworld.com\/es\/calidad\/","title":{"rendered":"CALIDAD"},"content":{"rendered":"<div id='cabecera'  class='avia-section av-av_section-f874bc87275a63eac764a3cd7f26dee9 main_color avia-section-default avia-no-shadow  avia-builder-el-0  el_before_av_one_half  avia-builder-el-first  avia-bg-style-scroll av-minimum-height av-minimum-height-custom av-height-custom  container_wrap sidebar_left'   data-av_minimum_height_px='200'><div class='container av-section-cont-open' style='height:200px'><main  role=\"main\" itemprop=\"mainContentOfPage\"  class='template-page content  av-content-small units'><div class='post-entry post-entry-type-page post-entry-1410'><div class='entry-content-wrapper clearfix'>\n\n<style type=\"text\/css\" data-created_by=\"avia_inline_auto\" id=\"style-css-av-lt77jxxr-3de6fb3cf4ea83626b50c2a9580e1a82\">\n#top .av-special-heading.av-lt77jxxr-3de6fb3cf4ea83626b50c2a9580e1a82{\npadding-bottom:0;\n}\nbody .av-special-heading.av-lt77jxxr-3de6fb3cf4ea83626b50c2a9580e1a82 .av-special-heading-tag .heading-char{\nfont-size:25px;\n}\n.av-special-heading.av-lt77jxxr-3de6fb3cf4ea83626b50c2a9580e1a82 .av-subheading{\nfont-size:15px;\n}\n<\/style>\n<div  class='av-special-heading av-lt77jxxr-3de6fb3cf4ea83626b50c2a9580e1a82 av-special-heading-h1 custom-color-heading blockquote modern-quote  avia-builder-el-1  avia-builder-el-no-sibling '><h1 class='av-special-heading-tag '  itemprop=\"headline\"  >ALTA CALIDAD GARANTIZADA<\/h1><div class=\"special-heading-border\"><div class=\"special-heading-inner-border\"><\/div><\/div><\/div>\n<\/div><\/div><\/main><!-- close content main element --><\/div><\/div><div id='after_section_1'  class='main_color av_default_container_wrap container_wrap sidebar_left'  ><div class='container av-section-cont-open' ><div class='template-page content  av-content-small units'><div class='post-entry post-entry-type-page post-entry-1410'><div class='entry-content-wrapper clearfix'>\n\n<style type=\"text\/css\" data-created_by=\"avia_inline_auto\" id=\"style-css-av-av_one_half-9497bbf8bff73ea4c6992cc17fa9ec36\">\n.flex_column.av-av_one_half-9497bbf8bff73ea4c6992cc17fa9ec36{\nborder-radius:0px 0px 0px 0px;\npadding:0px 0px 0px 0px;\n}\n<\/style>\n<div  class='flex_column av-av_one_half-9497bbf8bff73ea4c6992cc17fa9ec36 av_one_half  avia-builder-el-2  el_after_av_section  el_before_av_one_half  avia-builder-el-first  first flex_column_div av-zero-column-padding  '     ><section  class='av_textblock_section av-lt77lqte-9c59c5037d25ea0be337eaaa6c003ec0 '   itemscope=\"itemscope\" itemtype=\"https:\/\/schema.org\/CreativeWork\" ><div class='avia_textblock'  itemprop=\"text\" ><p>En Juice &amp; World invertimos esfuerzo, tecnolog\u00eda e innovaci\u00f3n para garantizar a nuestros clientes la m\u00e1s alta calidad y seguridad alimentaria de todos nuestros productos.<\/p>\n<section class=\"av_textblock_section\">\n<div class=\"avia_textblock \">\n<blockquote>\n<p>Trabajamos con un sistema integrado de gesti\u00f3n de calidad y seguridad alimentaria.<\/p>\n<\/blockquote>\n<\/div>\n<p>A lo largo de nuestro proceso de producci\u00f3n, aplicamos el mayor rigor y control a trav\u00e9s de un Sistema Integrado de Gesti\u00f3n (SIG). Nuestro SIG, basado en el sistema HACCP (Hazard Analysis and Critical Control Point), est\u00e1 avalado por los organismos de certificaci\u00f3n nacionales e internacionales m\u00e1s exigentes: BRC Global Standard for Food Safety, IFS Food, FDA (Food and Drug Administration) y el Certificado Halal.<\/p>\n<p>Nuestra experiencia e infraestructura nos permite ser vers\u00e1tiles y flexibles, pudiendo innovar y adaptarnos a las necesidades de cada cliente y las particularidades de cada mercado.<\/p>\n<\/section>\n<\/div><\/section><\/div>\n\n<style type=\"text\/css\" data-created_by=\"avia_inline_auto\" id=\"style-css-av-av_one_half-9c1d454dc06f7247226bc4e8f931daae\">\n.flex_column.av-av_one_half-9c1d454dc06f7247226bc4e8f931daae{\nborder-radius:0px 0px 0px 0px;\npadding:0px 0px 0px 0px;\n}\n<\/style>\n<div  class='flex_column av-av_one_half-9c1d454dc06f7247226bc4e8f931daae av_one_half  avia-builder-el-4  el_after_av_one_half  el_before_av_section  avia-builder-el-last  flex_column_div av-zero-column-padding  '     ><style type=\"text\/css\" data-created_by=\"avia_inline_auto\" id=\"style-css-av-lt781zys-f6ddd3701044c3a2aa551c7ea4e1b580\">\n.avia-image-container.av-lt781zys-f6ddd3701044c3a2aa551c7ea4e1b580 img.avia_image{\nbox-shadow:none;\n}\n.avia-image-container.av-lt781zys-f6ddd3701044c3a2aa551c7ea4e1b580 .av-image-caption-overlay-center{\ncolor:#ffffff;\n}\n<\/style>\n<div  class='avia-image-container av-lt781zys-f6ddd3701044c3a2aa551c7ea4e1b580 av-styling- avia-align-center  avia-builder-el-5  avia-builder-el-no-sibling '   itemprop=\"image\" itemscope=\"itemscope\" itemtype=\"https:\/\/schema.org\/ImageObject\" ><div class=\"avia-image-container-inner\"><div class=\"avia-image-overlay-wrap\"><img fetchpriority=\"high\" class='wp-image-1959 avia-img-lazy-loading-not-1959 avia_image ' src='https:\/\/www.juiceandworld.com\/wp-content\/uploads\/2019\/10\/quality-1030x651.jpg' alt='' title='Showing a shield with a check mark .'  height=\"651\" width=\"1030\"  itemprop=\"thumbnailUrl\"  \/><\/div><\/div><\/div><\/div>\n<\/div><\/div><\/div><!-- close content main div --><\/div><\/div>\n<style type=\"text\/css\" data-created_by=\"avia_inline_auto\" id=\"style-css-av-av_section-23d946d115171df6eb47d84b3ba737b3\">\n.avia-section.av-av_section-23d946d115171df6eb47d84b3ba737b3{\nbackground-color:#ddedf6;\nbackground-image:unset;\n}\n<\/style>\n<div id='av_section_2'  class='avia-section av-av_section-23d946d115171df6eb47d84b3ba737b3 main_color avia-section-large avia-shadow  avia-builder-el-6  el_after_av_one_half  el_before_av_hr  avia-bg-style-scroll container_wrap sidebar_left'  ><div class='container av-section-cont-open' ><div class='template-page content  av-content-small units'><div class='post-entry post-entry-type-page post-entry-1410'><div class='entry-content-wrapper clearfix'>\n\n<style type=\"text\/css\" data-created_by=\"avia_inline_auto\" id=\"style-css-av-4wns3c-c5bcbe4e9b4c0404f66ccab8c0fc0767\">\n#top .av_textblock_section.av-4wns3c-c5bcbe4e9b4c0404f66ccab8c0fc0767 .avia_textblock{\nfont-size:21px;\n}\n<\/style>\n<section  class='av_textblock_section av-4wns3c-c5bcbe4e9b4c0404f66ccab8c0fc0767 '   itemscope=\"itemscope\" itemtype=\"https:\/\/schema.org\/CreativeWork\" ><div class='avia_textblock'  itemprop=\"text\" ><p style=\"text-align: left;\">CERTIFICADOS<\/p>\n<\/div><\/section>\n\n<style type=\"text\/css\" data-created_by=\"avia_inline_auto\" id=\"style-css-av-av_one_fourth-9497bbf8bff73ea4c6992cc17fa9ec36\">\n.flex_column.av-av_one_fourth-9497bbf8bff73ea4c6992cc17fa9ec36{\nborder-radius:0px 0px 0px 0px;\npadding:0px 0px 0px 0px;\n}\n<\/style>\n<div  class='flex_column av-av_one_fourth-9497bbf8bff73ea4c6992cc17fa9ec36 av_one_fourth  avia-builder-el-8  el_after_av_textblock  el_before_av_one_fourth  first flex_column_div av-zero-column-padding  column-top-margin'     ><p>\n<style type=\"text\/css\" data-created_by=\"avia_inline_auto\" id=\"style-css-av-av_image-a0a0bc3ad9a34dac0e7d5087941d7c8b\">\n.avia-image-container.av-av_image-a0a0bc3ad9a34dac0e7d5087941d7c8b img.avia_image{\nbox-shadow:none;\n}\n.avia-image-container.av-av_image-a0a0bc3ad9a34dac0e7d5087941d7c8b .av-image-caption-overlay-center{\ncolor:#ffffff;\n}\n<\/style>\n<div  class='avia-image-container av-av_image-a0a0bc3ad9a34dac0e7d5087941d7c8b av-styling- avia-align-center  avia-builder-el-9  el_before_av_textblock  avia-builder-el-first '   itemprop=\"image\" itemscope=\"itemscope\" itemtype=\"https:\/\/schema.org\/ImageObject\" ><div class=\"avia-image-container-inner\"><div class=\"avia-image-overlay-wrap\"><img fetchpriority=\"high\" class='wp-image-1784 avia-img-lazy-loading-not-1784 avia_image ' src='https:\/\/www.juiceandworld.com\/wp-content\/uploads\/2019\/10\/halal-1-180x180.png' alt='' title='halal'  height=\"180\" width=\"180\"  itemprop=\"thumbnailUrl\"  \/><\/div><\/div><\/div><br \/>\n<section  class='av_textblock_section av-lt77m5m0-d038da5e4c18315b3faf2982e0746459 '   itemscope=\"itemscope\" itemtype=\"https:\/\/schema.org\/CreativeWork\" ><div class='avia_textblock'  itemprop=\"text\" ><p>Sello de garant\u00eda que certifica que la producci\u00f3n y elaboraci\u00f3n de los productos cumple con los preceptos isl\u00e1micos, avalando que los alimentos est\u00e1n libres de todo elemento \u201cHaram\u201d, elemento prohibido, y que son beneficiosos y saludables para el consumo humano en Europa y pa\u00edses de poblaci\u00f3n musulmana.<\/p>\n<p><em>* Consultar disponibilidad del certificado para cada producto<br \/>\n<\/em><\/p>\n<\/div><\/section><\/p><\/div>\n<style type=\"text\/css\" data-created_by=\"avia_inline_auto\" id=\"style-css-av-av_one_fourth-9c1d454dc06f7247226bc4e8f931daae\">\n.flex_column.av-av_one_fourth-9c1d454dc06f7247226bc4e8f931daae{\nborder-radius:0px 0px 0px 0px;\npadding:0px 0px 0px 0px;\n}\n<\/style>\n<div  class='flex_column av-av_one_fourth-9c1d454dc06f7247226bc4e8f931daae av_one_fourth  avia-builder-el-11  el_after_av_one_fourth  el_before_av_one_fourth  flex_column_div av-zero-column-padding  column-top-margin'     ><p>\n<style type=\"text\/css\" data-created_by=\"avia_inline_auto\" id=\"style-css-av-av_image-eb21d4103256f35f8cd6ecde0ddecc27\">\n.avia-image-container.av-av_image-eb21d4103256f35f8cd6ecde0ddecc27 img.avia_image{\nbox-shadow:none;\n}\n.avia-image-container.av-av_image-eb21d4103256f35f8cd6ecde0ddecc27 .av-image-caption-overlay-center{\ncolor:#ffffff;\n}\n<\/style>\n<div  class='avia-image-container av-av_image-eb21d4103256f35f8cd6ecde0ddecc27 av-styling- avia-align-center  avia-builder-el-12  el_before_av_textblock  avia-builder-el-first '   itemprop=\"image\" itemscope=\"itemscope\" itemtype=\"https:\/\/schema.org\/ImageObject\" ><div class=\"avia-image-container-inner\"><div class=\"avia-image-overlay-wrap\"><img fetchpriority=\"high\" class='wp-image-1778 avia-img-lazy-loading-not-1778 avia_image ' src='https:\/\/www.juiceandworld.com\/wp-content\/uploads\/2019\/10\/brc-1-180x180.png' alt='' title='brc'  height=\"180\" width=\"180\"  itemprop=\"thumbnailUrl\"  \/><\/div><\/div><\/div><br \/>\n<section  class='av_textblock_section av-lt77m9kl-887f8191b469723ccebe696a76851bb2 '   itemscope=\"itemscope\" itemtype=\"https:\/\/schema.org\/CreativeWork\" ><div class='avia_textblock'  itemprop=\"text\" ><p>BRC Global Standard for Food Safety, desarrollada en Reino Unido con reconocimiento internacional, tiene como objetivo ayudar a los distribuidores en el cumplimiento de las obligaciones legales de seguridad alimentaria garantizando transparencia y rigurosidad en los sistemas de certificaci\u00f3n y el m\u00e1ximo nivel de protecci\u00f3n al consumidor.<\/p>\n<\/div><\/section><\/p><\/div>\n<style type=\"text\/css\" data-created_by=\"avia_inline_auto\" id=\"style-css-av-av_one_fourth-9c1d454dc06f7247226bc4e8f931daae\">\n.flex_column.av-av_one_fourth-9c1d454dc06f7247226bc4e8f931daae{\nborder-radius:0px 0px 0px 0px;\npadding:0px 0px 0px 0px;\n}\n<\/style>\n<div  class='flex_column av-av_one_fourth-9c1d454dc06f7247226bc4e8f931daae av_one_fourth  avia-builder-el-14  el_after_av_one_fourth  el_before_av_one_fourth  flex_column_div av-zero-column-padding  column-top-margin'     ><p>\n<style type=\"text\/css\" data-created_by=\"avia_inline_auto\" id=\"style-css-av-av_image-a3750cf69719d1f8fd27885366779b3a\">\n.avia-image-container.av-av_image-a3750cf69719d1f8fd27885366779b3a img.avia_image{\nbox-shadow:none;\n}\n.avia-image-container.av-av_image-a3750cf69719d1f8fd27885366779b3a .av-image-caption-overlay-center{\ncolor:#ffffff;\n}\n<\/style>\n<div  class='avia-image-container av-av_image-a3750cf69719d1f8fd27885366779b3a av-styling- avia-align-center  avia-builder-el-15  el_before_av_textblock  avia-builder-el-first '   itemprop=\"image\" itemscope=\"itemscope\" itemtype=\"https:\/\/schema.org\/ImageObject\" ><div class=\"avia-image-container-inner\"><div class=\"avia-image-overlay-wrap\"><img fetchpriority=\"high\" class='wp-image-1787 avia-img-lazy-loading-not-1787 avia_image ' src='https:\/\/www.juiceandworld.com\/wp-content\/uploads\/2019\/10\/Mesa-de-trabajo-4-180x180.png' alt='' title='Mesa de trabajo 4'  height=\"180\" width=\"180\"  itemprop=\"thumbnailUrl\"  \/><\/div><\/div><\/div><br \/>\n<section  class='av_textblock_section av-lt77mekp-7add724474854b949487ad5fe69ab547 '   itemscope=\"itemscope\" itemtype=\"https:\/\/schema.org\/CreativeWork\" ><div class='avia_textblock'  itemprop=\"text\" ><p>Protocolo privado t\u00e9cnico desarrollado por los distribuidores alemanes, franceses e italianos con el prop\u00f3sito de ayudar a los proveedores a que suministren productos seguros conforme a la legislaci\u00f3n vigente. Se ajusta a los requisitos internacionales (GFSI), proporcionando una visi\u00f3n clara de los conceptos de seguridad alimentaria y control de la calidad.<\/p>\n<\/div><\/section><\/p><\/div>\n<style type=\"text\/css\" data-created_by=\"avia_inline_auto\" id=\"style-css-av-av_one_fourth-9c1d454dc06f7247226bc4e8f931daae\">\n.flex_column.av-av_one_fourth-9c1d454dc06f7247226bc4e8f931daae{\nborder-radius:0px 0px 0px 0px;\npadding:0px 0px 0px 0px;\n}\n<\/style>\n<div  class='flex_column av-av_one_fourth-9c1d454dc06f7247226bc4e8f931daae av_one_fourth  avia-builder-el-17  el_after_av_one_fourth  avia-builder-el-last  flex_column_div av-zero-column-padding  column-top-margin'     ><p>\n<style type=\"text\/css\" data-created_by=\"avia_inline_auto\" id=\"style-css-av-av_image-a78738aaa8724dc27d5a6e1547b7bed2\">\n.avia-image-container.av-av_image-a78738aaa8724dc27d5a6e1547b7bed2 img.avia_image{\nbox-shadow:none;\n}\n.avia-image-container.av-av_image-a78738aaa8724dc27d5a6e1547b7bed2 .av-image-caption-overlay-center{\ncolor:#ffffff;\n}\n<\/style>\n<div  class='avia-image-container av-av_image-a78738aaa8724dc27d5a6e1547b7bed2 av-styling- avia-align-center  avia-builder-el-18  el_before_av_textblock  avia-builder-el-first '   itemprop=\"image\" itemscope=\"itemscope\" itemtype=\"https:\/\/schema.org\/ImageObject\" ><div class=\"avia-image-container-inner\"><div class=\"avia-image-overlay-wrap\"><img fetchpriority=\"high\" class='wp-image-1781 avia-img-lazy-loading-not-1781 avia_image ' src='https:\/\/www.juiceandworld.com\/wp-content\/uploads\/2019\/10\/fda-1-180x180.png' alt='' title='fda'  height=\"180\" width=\"180\"  itemprop=\"thumbnailUrl\"  \/><\/div><\/div><\/div><br \/>\n<section  class='av_textblock_section av-lt77mjy2-3b9f6d123772d97e1ff683f78d5a3759 '   itemscope=\"itemscope\" itemtype=\"https:\/\/schema.org\/CreativeWork\" ><div class='avia_textblock'  itemprop=\"text\" ><p>La FDA (Food and Drug Administration) es una agencia federal de los Estados Unidos que depende del Departamento de Salud y se ocupa principalmente de la regulaci\u00f3n de las importaciones de productos alimenticios, medicamentos, cosm\u00e9ticos, equipos m\u00e9dicos y otros productos biol\u00f3gicos o derivados.<\/p>\n<\/div><\/section><\/p><\/div>\n<\/div><\/div><\/div><!-- close content main div --><\/div><\/div><div id='after_section_2'  class='main_color av_default_container_wrap container_wrap sidebar_left'  ><div class='container av-section-cont-open' ><div class='template-page content  av-content-small units'><div class='post-entry post-entry-type-page post-entry-1410'><div class='entry-content-wrapper clearfix'>\n\n<style type=\"text\/css\" data-created_by=\"avia_inline_auto\" id=\"style-css-av-av_hr-0688d0b0b6ed2f8b057db7a8270206df\">\n#top .hr.hr-invisible.av-av_hr-0688d0b0b6ed2f8b057db7a8270206df{\nheight:50px;\n}\n<\/style>\n<div  class='hr av-av_hr-0688d0b0b6ed2f8b057db7a8270206df hr-invisible  avia-builder-el-20  el_after_av_section  el_before_av_textblock  avia-builder-el-first '><span class='hr-inner '><span class=\"hr-inner-style\"><\/span><\/span><\/div>\n\n<style type=\"text\/css\" data-created_by=\"avia_inline_auto\" id=\"style-css-av-lt77mtal-cc6e822c5e555dbb825d41787cf934c9\">\n#top .av_textblock_section.av-lt77mtal-cc6e822c5e555dbb825d41787cf934c9 .avia_textblock{\nfont-size:21px;\n}\n<\/style>\n<section  class='av_textblock_section av-lt77mtal-cc6e822c5e555dbb825d41787cf934c9 '   itemscope=\"itemscope\" itemtype=\"https:\/\/schema.org\/CreativeWork\" ><div class='avia_textblock'  itemprop=\"text\" ><p style=\"text-align: center;\">Para verificar el grado de cumplimiento de nuestro sistema integrado de gesti\u00f3n y de los protocolos BRC e IFS, Juice&amp;World es auditada anualmente por la entidad certificadora LRQA Ltd. y peri\u00f3dicamente por algunos de nuestros principales clientes.s.<\/p>\n<\/div><\/section>\n<\/div><\/div><\/div><!-- close content main div --><\/div><\/div>\n<style type=\"text\/css\" data-created_by=\"avia_inline_auto\" id=\"style-css-av-r9ltyw-9ab4ebf2db8cece16312ab677b371e02\">\n.avia-section.av-r9ltyw-9ab4ebf2db8cece16312ab677b371e02{\nbackground-color:#ddedf6;\nbackground-image:unset;\n}\n<\/style>\n<div id='av_section_3'  class='avia-section av-r9ltyw-9ab4ebf2db8cece16312ab677b371e02 main_color avia-section-large avia-shadow  avia-builder-el-22  el_after_av_textblock  avia-builder-el-last  avia-bg-style-scroll container_wrap sidebar_left'  ><div class='container av-section-cont-open' ><div class='template-page content  av-content-small units'><div class='post-entry post-entry-type-page post-entry-1410'><div class='entry-content-wrapper clearfix'>\n\n<style type=\"text\/css\" data-created_by=\"avia_inline_auto\" id=\"style-css-av-4wns3c-c5bcbe4e9b4c0404f66ccab8c0fc0767\">\n#top .av_textblock_section.av-4wns3c-c5bcbe4e9b4c0404f66ccab8c0fc0767 .avia_textblock{\nfont-size:21px;\n}\n<\/style>\n<section  class='av_textblock_section av-4wns3c-c5bcbe4e9b4c0404f66ccab8c0fc0767 '   itemscope=\"itemscope\" itemtype=\"https:\/\/schema.org\/CreativeWork\" ><div class='avia_textblock'  itemprop=\"text\" ><p style=\"text-align: left;\">AYUDAS Y SUBVENCIONES<\/p>\n<\/div><\/section>\n\n<style type=\"text\/css\" data-created_by=\"avia_inline_auto\" id=\"style-css-av-pg9ibs-4ac1827be260969af7250f959a78135f\">\n.flex_column.av-pg9ibs-4ac1827be260969af7250f959a78135f{\nborder-radius:0px 0px 0px 0px;\npadding:0px 0px 0px 0px;\n}\n<\/style>\n<div  class='flex_column av-pg9ibs-4ac1827be260969af7250f959a78135f av_one_half  avia-builder-el-24  el_after_av_textblock  avia-builder-el-last  first flex_column_div av-zero-column-padding  column-top-margin'     ><p>\n<style type=\"text\/css\" data-created_by=\"avia_inline_auto\" id=\"style-css-av-oqgd94-cbd98da8eb4c7c06a920afe57118c661\">\n.avia-image-container.av-oqgd94-cbd98da8eb4c7c06a920afe57118c661 img.avia_image{\nbox-shadow:none;\n}\n.avia-image-container.av-oqgd94-cbd98da8eb4c7c06a920afe57118c661 .av-image-caption-overlay-center{\ncolor:#ffffff;\n}\n<\/style>\n<div  class='avia-image-container av-oqgd94-cbd98da8eb4c7c06a920afe57118c661 av-styling- avia-align-center  avia-builder-el-25  el_before_av_textblock  avia-builder-el-first '   itemprop=\"image\" itemscope=\"itemscope\" itemtype=\"https:\/\/schema.org\/ImageObject\" ><div class=\"avia-image-container-inner\"><div class=\"avia-image-overlay-wrap\"><img fetchpriority=\"high\" class='wp-image-2651 avia-img-lazy-loading-not-2651 avia_image ' src='https:\/\/www.juiceandworld.com\/wp-content\/uploads\/2021\/07\/image001.jpg' alt='' title='image001'  height=\"73\" width=\"454\"  itemprop=\"thumbnailUrl\"  \/><\/div><\/div><\/div><br \/>\n<section  class='av_textblock_section av-m4vge0-6b8d3de4727c91410d6c2c2e1d4dd55d '   itemscope=\"itemscope\" itemtype=\"https:\/\/schema.org\/CreativeWork\" ><div class='avia_textblock'  itemprop=\"text\" ><p>Esta empresa ha recibido ayudas cofinanciadas al 50% por el Gobierno de Navarra y el Fondo Europeo de Desarrollo Regional a trav\u00e9s del Programa Operativo FEDER de Navarra 2014-2020.<\/p>\n<\/div><\/section><\/p><\/div><\/div><\/div><\/div><!-- close content main div --><\/div><\/div><div id='after_section_3'  class='main_color av_default_container_wrap container_wrap sidebar_left'  ><div class='container av-section-cont-open' ><div class='template-page content  av-content-small units'><div class='post-entry post-entry-type-page post-entry-1410'><div class='entry-content-wrapper clearfix'>\n","protected":false},"excerpt":{"rendered":"","protected":false},"author":1,"featured_media":0,"parent":0,"menu_order":0,"comment_status":"closed","ping_status":"closed","template":"","meta":{"footnotes":""},"class_list":["post-1410","page","type-page","status-publish","hentry"],"_links":{"self":[{"href":"https:\/\/www.juiceandworld.com\/es\/wp-json\/wp\/v2\/pages\/1410","targetHints":{"allow":["GET"]}}],"collection":[{"href":"https:\/\/www.juiceandworld.com\/es\/wp-json\/wp\/v2\/pages"}],"about":[{"href":"https:\/\/www.juiceandworld.com\/es\/wp-json\/wp\/v2\/types\/page"}],"author":[{"embeddable":true,"href":"https:\/\/www.juiceandworld.com\/es\/wp-json\/wp\/v2\/users\/1"}],"replies":[{"embeddable":true,"href":"https:\/\/www.juiceandworld.com\/es\/wp-json\/wp\/v2\/comments?post=1410"}],"version-history":[{"count":33,"href":"https:\/\/www.juiceandworld.com\/es\/wp-json\/wp\/v2\/pages\/1410\/revisions"}],"predecessor-version":[{"id":16323,"href":"https:\/\/www.juiceandworld.com\/es\/wp-json\/wp\/v2\/pages\/1410\/revisions\/16323"}],"wp:attachment":[{"href":"https:\/\/www.juiceandworld.com\/es\/wp-json\/wp\/v2\/media?parent=1410"}],"curies":[{"name":"wp","href":"https:\/\/api.w.org\/{rel}","templated":true}]}}