{"id":1438,"date":"2019-09-25T10:01:19","date_gmt":"2019-09-25T10:01:19","guid":{"rendered":"http:\/\/www.juiceandworld.com\/?page_id=1438"},"modified":"2024-02-29T16:12:29","modified_gmt":"2024-02-29T16:12:29","slug":"personalizacion","status":"publish","type":"page","link":"https:\/\/www.juiceandworld.com\/es\/personalizacion\/","title":{"rendered":"PERSONALIZACI\u00d3N"},"content":{"rendered":"<div id='cabecera'  class='avia-section av-av_section-5f620bf77e7a08953edb740ed635ef38 main_color avia-section-default avia-no-shadow  avia-builder-el-0  el_before_av_one_half  avia-builder-el-first  avia-bg-style-scroll av-minimum-height av-minimum-height-custom av-height-custom  container_wrap sidebar_left'   data-av_minimum_height_px='100'><div class='container av-section-cont-open' style='height:100px'><main  role=\"main\" itemprop=\"mainContentOfPage\"  class='template-page content  av-content-small units'><div class='post-entry post-entry-type-page post-entry-1438'><div class='entry-content-wrapper clearfix'>\n\n<style type=\"text\/css\" data-created_by=\"avia_inline_auto\" id=\"style-css-av-lt77txp6-c9e9cb6d6b8edad36c9cdeaf730345b5\">\n#top .av-special-heading.av-lt77txp6-c9e9cb6d6b8edad36c9cdeaf730345b5{\npadding-bottom:0;\n}\nbody .av-special-heading.av-lt77txp6-c9e9cb6d6b8edad36c9cdeaf730345b5 .av-special-heading-tag .heading-char{\nfont-size:25px;\n}\n.av-special-heading.av-lt77txp6-c9e9cb6d6b8edad36c9cdeaf730345b5 .av-subheading{\nfont-size:15px;\n}\n<\/style>\n<div  class='av-special-heading av-lt77txp6-c9e9cb6d6b8edad36c9cdeaf730345b5 av-special-heading-h1 custom-color-heading blockquote modern-quote  avia-builder-el-1  avia-builder-el-no-sibling '><h1 class='av-special-heading-tag '  itemprop=\"headline\"  >PERSONALIZACI\u00d3N<\/h1><div class=\"special-heading-border\"><div class=\"special-heading-inner-border\"><\/div><\/div><\/div>\n<\/div><\/div><\/main><!-- close content main element --><\/div><\/div><div id='after_section_1'  class='main_color av_default_container_wrap container_wrap sidebar_left'  ><div class='container av-section-cont-open' ><div class='template-page content  av-content-small units'><div class='post-entry post-entry-type-page post-entry-1438'><div class='entry-content-wrapper clearfix'>\n\n<style type=\"text\/css\" data-created_by=\"avia_inline_auto\" id=\"style-css-av-av_one_half-9497bbf8bff73ea4c6992cc17fa9ec36\">\n.flex_column.av-av_one_half-9497bbf8bff73ea4c6992cc17fa9ec36{\nborder-radius:0px 0px 0px 0px;\npadding:0px 0px 0px 0px;\n}\n<\/style>\n<div  class='flex_column av-av_one_half-9497bbf8bff73ea4c6992cc17fa9ec36 av_one_half  avia-builder-el-2  el_after_av_section  el_before_av_one_half  avia-builder-el-first  first flex_column_div av-zero-column-padding  '     ><section  class='av_textblock_section av-lt77ux3o-adddda970fb61079a9a93574debfba3e '   itemscope=\"itemscope\" itemtype=\"https:\/\/schema.org\/CreativeWork\" ><div class='avia_textblock'  itemprop=\"text\" ><div class=\"av-special-heading av-special-heading-h2 blockquote modern-quote avia-builder-el-4 el_before_av_textblock avia-builder-el-first av-thin-font\">\n<h2 class=\"av-special-heading-tag\"><strong>Cualquier sabor en la naturaleza que quieras<\/strong><\/h2>\n<\/div>\n<p>En <strong>Juice&amp;World<\/strong>\u00a0elaboramos productos a medida. Nuestro compromiso es proporcionar el mejor servicio y los mejores productos teniendo en cuenta las demandas del mercado que, hoy en d\u00eda, busca cada vez una mayor personalizaci\u00f3n de cada producto.<\/p>\n<section class=\"av_textblock_section\">\n<div class=\"avia_textblock \">\n<blockquote>\n<p>\u00bfQuieres un sabor \u00fanico y diferente desarrollado a tu gusto? F\u00f3rmulas especiales, modificaciones a nuestros productos o el desarrollo de productos completamente originales.<\/p>\n<\/blockquote>\n<\/div>\n<\/section>\n<p>Trabajamos con el cliente para desarrollar los productos que necesitas. Nuestro departamento de I+D est\u00e1 preparado para elaborar productos desde su concepto hasta su producci\u00f3n final, mientras que nuestra planta y nuestro departamento de marketing nos garantizan el resultado final deseado para nuestros clientes.<\/p>\n<p>Consulta nuestras cantidades m\u00ednimas de pedido de productos a la carta.<\/p>\n<\/div><\/section><\/div>\n<style type=\"text\/css\" data-created_by=\"avia_inline_auto\" id=\"style-css-av-av_one_half-9c1d454dc06f7247226bc4e8f931daae\">\n.flex_column.av-av_one_half-9c1d454dc06f7247226bc4e8f931daae{\nborder-radius:0px 0px 0px 0px;\npadding:0px 0px 0px 0px;\n}\n<\/style>\n<div  class='flex_column av-av_one_half-9c1d454dc06f7247226bc4e8f931daae av_one_half  avia-builder-el-4  el_after_av_one_half  el_before_av_one_half  flex_column_div av-zero-column-padding  '     ><style type=\"text\/css\" data-created_by=\"avia_inline_auto\" id=\"style-css-av-lt77tkwt-f53157aa2c7d19ded2d5bd7473e255a8\">\n.avia-image-container.av-lt77tkwt-f53157aa2c7d19ded2d5bd7473e255a8 img.avia_image{\nbox-shadow:none;\n}\n.avia-image-container.av-lt77tkwt-f53157aa2c7d19ded2d5bd7473e255a8 .av-image-caption-overlay-center{\ncolor:#ffffff;\n}\n<\/style>\n<div  class='avia-image-container av-lt77tkwt-f53157aa2c7d19ded2d5bd7473e255a8 av-styling- avia-align-center  avia-builder-el-5  avia-builder-el-no-sibling '   itemprop=\"image\" itemscope=\"itemscope\" itemtype=\"https:\/\/schema.org\/ImageObject\" ><div class=\"avia-image-container-inner\"><div class=\"avia-image-overlay-wrap\"><img fetchpriority=\"high\" class='wp-image-1953 avia-img-lazy-loading-not-1953 avia_image ' src='https:\/\/www.juiceandworld.com\/wp-content\/uploads\/2019\/10\/customization-1030x671.jpg' alt='' title='Healthy fruit and vegetable smoothies'  height=\"671\" width=\"1030\"  itemprop=\"thumbnailUrl\"  \/><\/div><\/div><\/div><\/div><\/p>\n\n<style type=\"text\/css\" data-created_by=\"avia_inline_auto\" id=\"style-css-av-av_one_half-9497bbf8bff73ea4c6992cc17fa9ec36\">\n.flex_column.av-av_one_half-9497bbf8bff73ea4c6992cc17fa9ec36{\nborder-radius:0px 0px 0px 0px;\npadding:0px 0px 0px 0px;\n}\n<\/style>\n<div  class='flex_column av-av_one_half-9497bbf8bff73ea4c6992cc17fa9ec36 av_one_half  avia-builder-el-6  el_after_av_one_half  el_before_av_one_full  first flex_column_div av-zero-column-padding  column-top-margin'     ><section  class='av_textblock_section av-lt77v8lb-ce0e8decfec491e321ab86427da4df1c '   itemscope=\"itemscope\" itemtype=\"https:\/\/schema.org\/CreativeWork\" ><div class='avia_textblock'  itemprop=\"text\" ><h2>Dise\u00f1a tu propio packaging<\/h2>\n<p>Nuestros clientes nos conf\u00edan su activo m\u00e1s preciado: su identidad de marca. Selecciona el producto que desees de nuestro cat\u00e1logo y desarrollaremos una marca personalizada para ti.<\/p>\n<\/div><\/section><\/div>\n\n<style type=\"text\/css\" data-created_by=\"avia_inline_auto\" id=\"style-css-av-av_one_full-9497bbf8bff73ea4c6992cc17fa9ec36\">\n.flex_column.av-av_one_full-9497bbf8bff73ea4c6992cc17fa9ec36{\nborder-radius:0px 0px 0px 0px;\npadding:0px 0px 0px 0px;\n}\n<\/style>\n<div  class='flex_column av-av_one_full-9497bbf8bff73ea4c6992cc17fa9ec36 av_one_full  avia-builder-el-8  el_after_av_one_half  avia-builder-el-last  first flex_column_div av-zero-column-padding  column-top-margin'     ><section  class='av_textblock_section av-lt77vez9-a4add66f157ac96aae58153434f46c37 '   itemscope=\"itemscope\" itemtype=\"https:\/\/schema.org\/CreativeWork\" ><div class='avia_textblock'  itemprop=\"text\" ><h2>Formatos disponibles de botella<\/h2>\n<p><strong>\u00a0<\/strong><\/p>\n<\/div><\/section><br \/>\n\n<style type=\"text\/css\" data-created_by=\"avia_inline_auto\" id=\"style-css-av-kdrlbxk5-4e092492ac46d6d45af75eb510b9b017\">\n#top .avia-gallery.av-kdrlbxk5-4e092492ac46d6d45af75eb510b9b017 .avia-gallery-thumb a{\nwidth:14.2857%;\n}\n<\/style>\n<div  class='avia-gallery av-kdrlbxk5-4e092492ac46d6d45af75eb510b9b017 avia_animate_when_visible  avia-builder-el-10  el_after_av_textblock  avia-builder-el-last  deactivate_avia_lazyload avia-gallery-animate avia-gallery-1'  itemprop=\"image\" itemscope=\"itemscope\" itemtype=\"https:\/\/schema.org\/ImageObject\" ><meta itemprop=\"contentURL\" content=\"https:\/\/www.juiceandworld.com\/es\/personalizacion\/\"><div class='avia-gallery-thumb'><a href=\"https:\/\/www.juiceandworld.com\/wp-content\/uploads\/2020\/08\/botella1200ml.jpg\" data-rel='gallery-1' data-prev-img='https:\/\/www.juiceandworld.com\/wp-content\/uploads\/2020\/08\/botella1200ml.jpg' class='first_thumb lightbox ' data-onclick='1' title='1 (250ml)'  itemprop=\"thumbnailUrl\"  ><img fetchpriority=\"high\" class=\"wp-image-2622 avia-img-lazy-loading-not-2622\"  data-avia-tooltip='1 (250ml)' src='https:\/\/www.juiceandworld.com\/wp-content\/uploads\/2020\/08\/botella1200ml.jpg' width='450' height='1017'  title='botella1200ml' alt='' \/><div class='big-prev-fake'><img loading=\"lazy\" class=\"wp-image-2622 avia-img-lazy-loading-2622\"  width='450' height='1017' src='https:\/\/www.juiceandworld.com\/wp-content\/uploads\/2020\/08\/botella1200ml.jpg' title='botella1200ml' alt='' \/><\/div><\/a><a href=\"https:\/\/www.juiceandworld.com\/wp-content\/uploads\/2019\/09\/DSC9038.png\" data-rel='gallery-1' data-prev-img='https:\/\/www.juiceandworld.com\/wp-content\/uploads\/2019\/09\/DSC9038.png' class='lightbox ' data-onclick='2' title='2 (250ml)'  itemprop=\"thumbnailUrl\"  ><img fetchpriority=\"high\" class=\"wp-image-1527 avia-img-lazy-loading-not-1527\"  data-avia-tooltip='2 (250ml)' src='https:\/\/www.juiceandworld.com\/wp-content\/uploads\/2019\/09\/DSC9038.png' width='450' height='1017'  title='253' alt='' \/><div class='big-prev-fake'><img loading=\"lazy\" class=\"wp-image-1527 avia-img-lazy-loading-1527\"  width='450' height='1017' src='https:\/\/www.juiceandworld.com\/wp-content\/uploads\/2019\/09\/DSC9038.png' title='253' alt='' \/><\/div><\/a><a href=\"https:\/\/www.juiceandworld.com\/wp-content\/uploads\/2019\/09\/DSC9041.png\" data-rel='gallery-1' data-prev-img='https:\/\/www.juiceandworld.com\/wp-content\/uploads\/2019\/09\/DSC9041.png' class='lightbox ' data-onclick='3' title='3 (250ml)'  itemprop=\"thumbnailUrl\"  ><img fetchpriority=\"high\" class=\"wp-image-1530 avia-img-lazy-loading-not-1530\"  data-avia-tooltip='3 (250ml)' src='https:\/\/www.juiceandworld.com\/wp-content\/uploads\/2019\/09\/DSC9041.png' width='450' height='1017'  title='277' alt='' \/><div class='big-prev-fake'><img loading=\"lazy\" class=\"wp-image-1530 avia-img-lazy-loading-1530\"  width='450' height='1017' src='https:\/\/www.juiceandworld.com\/wp-content\/uploads\/2019\/09\/DSC9041.png' title='277' alt='' \/><\/div><\/a><a href=\"https:\/\/www.juiceandworld.com\/wp-content\/uploads\/2019\/09\/DSC9036.png\" data-rel='gallery-1' data-prev-img='https:\/\/www.juiceandworld.com\/wp-content\/uploads\/2019\/09\/DSC9036.png' class='lightbox ' data-onclick='4' title='4 (275ml)'  itemprop=\"thumbnailUrl\"  ><img fetchpriority=\"high\" class=\"wp-image-1524 avia-img-lazy-loading-not-1524\"  data-avia-tooltip='4 (275ml)' src='https:\/\/www.juiceandworld.com\/wp-content\/uploads\/2019\/09\/DSC9036.png' width='450' height='1017'  title='498' alt='' \/><div class='big-prev-fake'><img loading=\"lazy\" class=\"wp-image-1524 avia-img-lazy-loading-1524\"  width='450' height='1017' src='https:\/\/www.juiceandworld.com\/wp-content\/uploads\/2019\/09\/DSC9036.png' title='498' alt='' \/><\/div><\/a><a href=\"https:\/\/www.juiceandworld.com\/wp-content\/uploads\/2019\/09\/DSC9030.png\" data-rel='gallery-1' data-prev-img='https:\/\/www.juiceandworld.com\/wp-content\/uploads\/2019\/09\/DSC9030.png' class='lightbox ' data-onclick='5' title='5 (330ml)'  itemprop=\"thumbnailUrl\"  ><img fetchpriority=\"high\" class=\"wp-image-1521 avia-img-lazy-loading-not-1521\"  data-avia-tooltip='5 (330ml)' src='https:\/\/www.juiceandworld.com\/wp-content\/uploads\/2019\/09\/DSC9030.png' width='450' height='1017'  title='211' alt='' \/><div class='big-prev-fake'><img loading=\"lazy\" class=\"wp-image-1521 avia-img-lazy-loading-1521\"  width='450' height='1017' src='https:\/\/www.juiceandworld.com\/wp-content\/uploads\/2019\/09\/DSC9030.png' title='211' alt='' \/><\/div><\/a><a href=\"https:\/\/www.juiceandworld.com\/wp-content\/uploads\/2019\/09\/DSC9459.png\" data-rel='gallery-1' data-prev-img='https:\/\/www.juiceandworld.com\/wp-content\/uploads\/2019\/09\/DSC9459.png' class='lightbox ' data-onclick='6' title='6 (330ml)'  itemprop=\"thumbnailUrl\"  ><img fetchpriority=\"high\" class=\"wp-image-1533 avia-img-lazy-loading-not-1533\"  data-avia-tooltip='6 (330ml)' src='https:\/\/www.juiceandworld.com\/wp-content\/uploads\/2019\/09\/DSC9459.png' width='450' height='1017'  title='209' alt='' \/><div class='big-prev-fake'><img loading=\"lazy\" class=\"wp-image-1533 avia-img-lazy-loading-1533\"  width='450' height='1017' src='https:\/\/www.juiceandworld.com\/wp-content\/uploads\/2019\/09\/DSC9459.png' title='209' alt='' \/><\/div><\/a><a href=\"https:\/\/www.juiceandworld.com\/wp-content\/uploads\/2019\/09\/DSC9026.png\" data-rel='gallery-1' data-prev-img='https:\/\/www.juiceandworld.com\/wp-content\/uploads\/2019\/09\/DSC9026.png' class='lightbox ' data-onclick='7' title='7 (350ml)'  itemprop=\"thumbnailUrl\"  ><img fetchpriority=\"high\" class=\"wp-image-1518 avia-img-lazy-loading-not-1518\"  data-avia-tooltip='7 (350ml)' src='https:\/\/www.juiceandworld.com\/wp-content\/uploads\/2019\/09\/DSC9026.png' width='450' height='1017'  title='633' alt='' \/><div class='big-prev-fake'><img loading=\"lazy\" class=\"wp-image-1518 avia-img-lazy-loading-1518\"  width='450' height='1017' src='https:\/\/www.juiceandworld.com\/wp-content\/uploads\/2019\/09\/DSC9026.png' title='633' alt='' \/><\/div><\/a><a href=\"https:\/\/www.juiceandworld.com\/wp-content\/uploads\/2019\/09\/DSC9022.png\" data-rel='gallery-1' data-prev-img='https:\/\/www.juiceandworld.com\/wp-content\/uploads\/2019\/09\/DSC9022.png' class='first_thumb lightbox ' data-onclick='8' title='8 (750ml)'  itemprop=\"thumbnailUrl\"  ><img fetchpriority=\"high\" class=\"wp-image-1512 avia-img-lazy-loading-not-1512\"  data-avia-tooltip='8 (750ml)' src='https:\/\/www.juiceandworld.com\/wp-content\/uploads\/2019\/09\/DSC9022.png' width='450' height='1017'  title='013' alt='' \/><div class='big-prev-fake'><img loading=\"lazy\" class=\"wp-image-1512 avia-img-lazy-loading-1512\"  width='450' height='1017' src='https:\/\/www.juiceandworld.com\/wp-content\/uploads\/2019\/09\/DSC9022.png' title='013' alt='' \/><\/div><\/a><a href=\"https:\/\/www.juiceandworld.com\/wp-content\/uploads\/2019\/09\/DSC9010.png\" data-rel='gallery-1' data-prev-img='https:\/\/www.juiceandworld.com\/wp-content\/uploads\/2019\/09\/DSC9010.png' class='lightbox ' data-onclick='9' title='9 (750ml)'  itemprop=\"thumbnailUrl\"  ><img fetchpriority=\"high\" class=\"wp-image-1500 avia-img-lazy-loading-not-1500\"  data-avia-tooltip='9 (750ml)' src='https:\/\/www.juiceandworld.com\/wp-content\/uploads\/2019\/09\/DSC9010.png' width='450' height='1017'  title='544' alt='' \/><div class='big-prev-fake'><img loading=\"lazy\" class=\"wp-image-1500 avia-img-lazy-loading-1500\"  width='450' height='1017' src='https:\/\/www.juiceandworld.com\/wp-content\/uploads\/2019\/09\/DSC9010.png' title='544' alt='' \/><\/div><\/a><a href=\"https:\/\/www.juiceandworld.com\/wp-content\/uploads\/2019\/09\/DSC9015.png\" data-rel='gallery-1' data-prev-img='https:\/\/www.juiceandworld.com\/wp-content\/uploads\/2019\/09\/DSC9015.png' class='lightbox ' data-onclick='10' title='10 (750ml)'  itemprop=\"thumbnailUrl\"  ><img fetchpriority=\"high\" class=\"wp-image-1506 avia-img-lazy-loading-not-1506\"  data-avia-tooltip='10 (750ml)' src='https:\/\/www.juiceandworld.com\/wp-content\/uploads\/2019\/09\/DSC9015.png' width='450' height='1017'  title='910' alt='' \/><div class='big-prev-fake'><img loading=\"lazy\" class=\"wp-image-1506 avia-img-lazy-loading-1506\"  width='450' height='1017' src='https:\/\/www.juiceandworld.com\/wp-content\/uploads\/2019\/09\/DSC9015.png' title='910' alt='' \/><\/div><\/a><a href=\"https:\/\/www.juiceandworld.com\/wp-content\/uploads\/2019\/09\/DSC9012.png\" data-rel='gallery-1' data-prev-img='https:\/\/www.juiceandworld.com\/wp-content\/uploads\/2019\/09\/DSC9012.png' class='lightbox ' data-onclick='11' title='11 (750ml)'  itemprop=\"thumbnailUrl\"  ><img fetchpriority=\"high\" class=\"wp-image-1503 avia-img-lazy-loading-not-1503\"  data-avia-tooltip='11 (750ml)' src='https:\/\/www.juiceandworld.com\/wp-content\/uploads\/2019\/09\/DSC9012.png' width='450' height='1017'  title='048' alt='' \/><div class='big-prev-fake'><img loading=\"lazy\" class=\"wp-image-1503 avia-img-lazy-loading-1503\"  width='450' height='1017' src='https:\/\/www.juiceandworld.com\/wp-content\/uploads\/2019\/09\/DSC9012.png' title='048' alt='' \/><\/div><\/a><a href=\"https:\/\/www.juiceandworld.com\/wp-content\/uploads\/2019\/09\/DSC9024.png\" data-rel='gallery-1' data-prev-img='https:\/\/www.juiceandworld.com\/wp-content\/uploads\/2019\/09\/DSC9024.png' class='lightbox ' data-onclick='12' title='12 (750ml)'  itemprop=\"thumbnailUrl\"  ><img fetchpriority=\"high\" class=\"wp-image-1515 avia-img-lazy-loading-not-1515\"  data-avia-tooltip='12 (750ml)' src='https:\/\/www.juiceandworld.com\/wp-content\/uploads\/2019\/09\/DSC9024.png' width='450' height='1017'  title='704' alt='' \/><div class='big-prev-fake'><img loading=\"lazy\" class=\"wp-image-1515 avia-img-lazy-loading-1515\"  width='450' height='1017' src='https:\/\/www.juiceandworld.com\/wp-content\/uploads\/2019\/09\/DSC9024.png' title='704' alt='' \/><\/div><\/a><a href=\"https:\/\/www.juiceandworld.com\/wp-content\/uploads\/2019\/09\/DSC9017.png\" data-rel='gallery-1' data-prev-img='https:\/\/www.juiceandworld.com\/wp-content\/uploads\/2019\/09\/DSC9017.png' class='lightbox ' data-onclick='13' title='13 (750ml)'  itemprop=\"thumbnailUrl\"  ><img fetchpriority=\"high\" class=\"wp-image-1509 avia-img-lazy-loading-not-1509\"  data-avia-tooltip='13 (750ml)' src='https:\/\/www.juiceandworld.com\/wp-content\/uploads\/2019\/09\/DSC9017.png' width='450' height='1017'  title='722' alt='' \/><div class='big-prev-fake'><img loading=\"lazy\" class=\"wp-image-1509 avia-img-lazy-loading-1509\"  width='450' height='1017' src='https:\/\/www.juiceandworld.com\/wp-content\/uploads\/2019\/09\/DSC9017.png' title='722' alt='' \/><\/div><\/a><a href=\"https:\/\/www.juiceandworld.com\/wp-content\/uploads\/2019\/09\/DSC9004.png\" data-rel='gallery-1' data-prev-img='https:\/\/www.juiceandworld.com\/wp-content\/uploads\/2019\/09\/DSC9004.png' class='lightbox ' data-onclick='14' title='14 (750ml)'  itemprop=\"thumbnailUrl\"  ><img fetchpriority=\"high\" class=\"wp-image-1494 avia-img-lazy-loading-not-1494\"  data-avia-tooltip='14 (750ml)' src='https:\/\/www.juiceandworld.com\/wp-content\/uploads\/2019\/09\/DSC9004.png' width='450' height='1017'  title='003' alt='' \/><div class='big-prev-fake'><img loading=\"lazy\" class=\"wp-image-1494 avia-img-lazy-loading-1494\"  width='450' height='1017' src='https:\/\/www.juiceandworld.com\/wp-content\/uploads\/2019\/09\/DSC9004.png' title='003' alt='' \/><\/div><\/a><a href=\"https:\/\/www.juiceandworld.com\/wp-content\/uploads\/2019\/09\/DSC9008.png\" data-rel='gallery-1' data-prev-img='https:\/\/www.juiceandworld.com\/wp-content\/uploads\/2019\/09\/DSC9008.png' class='first_thumb lightbox ' data-onclick='15' title='15 (750ml)'  itemprop=\"thumbnailUrl\"  ><img fetchpriority=\"high\" class=\"wp-image-1497 avia-img-lazy-loading-not-1497\"  data-avia-tooltip='15 (750ml)' src='https:\/\/www.juiceandworld.com\/wp-content\/uploads\/2019\/09\/DSC9008.png' width='450' height='1017'  title='846' alt='' \/><div class='big-prev-fake'><img loading=\"lazy\" class=\"wp-image-1497 avia-img-lazy-loading-1497\"  width='450' height='1017' src='https:\/\/www.juiceandworld.com\/wp-content\/uploads\/2019\/09\/DSC9008.png' title='846' alt='' \/><\/div><\/a><\/div><\/div><\/p><\/div>\n","protected":false},"excerpt":{"rendered":"","protected":false},"author":1,"featured_media":0,"parent":0,"menu_order":0,"comment_status":"closed","ping_status":"closed","template":"","meta":{"footnotes":""},"class_list":["post-1438","page","type-page","status-publish","hentry"],"_links":{"self":[{"href":"https:\/\/www.juiceandworld.com\/es\/wp-json\/wp\/v2\/pages\/1438","targetHints":{"allow":["GET"]}}],"collection":[{"href":"https:\/\/www.juiceandworld.com\/es\/wp-json\/wp\/v2\/pages"}],"about":[{"href":"https:\/\/www.juiceandworld.com\/es\/wp-json\/wp\/v2\/types\/page"}],"author":[{"embeddable":true,"href":"https:\/\/www.juiceandworld.com\/es\/wp-json\/wp\/v2\/users\/1"}],"replies":[{"embeddable":true,"href":"https:\/\/www.juiceandworld.com\/es\/wp-json\/wp\/v2\/comments?post=1438"}],"version-history":[{"count":25,"href":"https:\/\/www.juiceandworld.com\/es\/wp-json\/wp\/v2\/pages\/1438\/revisions"}],"predecessor-version":[{"id":2884,"href":"https:\/\/www.juiceandworld.com\/es\/wp-json\/wp\/v2\/pages\/1438\/revisions\/2884"}],"wp:attachment":[{"href":"https:\/\/www.juiceandworld.com\/es\/wp-json\/wp\/v2\/media?parent=1438"}],"curies":[{"name":"wp","href":"https:\/\/api.w.org\/{rel}","templated":true}]}}