{"id":1453,"date":"2019-09-25T10:19:02","date_gmt":"2019-09-25T10:19:02","guid":{"rendered":"http:\/\/www.juiceandworld.com\/?page_id=1453"},"modified":"2024-02-29T11:56:42","modified_gmt":"2024-02-29T11:56:42","slug":"instalaciones","status":"publish","type":"page","link":"https:\/\/www.juiceandworld.com\/es\/instalaciones\/","title":{"rendered":"INSTALACIONES"},"content":{"rendered":"<div id='cabecera'  class='avia-section av-av_section-f874bc87275a63eac764a3cd7f26dee9 main_color avia-section-default avia-no-shadow  avia-builder-el-0  el_before_av_one_half  avia-builder-el-first  avia-bg-style-scroll av-minimum-height av-minimum-height-custom av-height-custom  container_wrap sidebar_left'   data-av_minimum_height_px='200'><div class='container av-section-cont-open' style='height:200px'><main  role=\"main\" itemprop=\"mainContentOfPage\"  class='template-page content  av-content-small units'><div class='post-entry post-entry-type-page post-entry-1453'><div class='entry-content-wrapper clearfix'>\n\n<style type=\"text\/css\" data-created_by=\"avia_inline_auto\" id=\"style-css-av-lt75wvrg-5d6795bf933c88e23b4cd3e372d4786e\">\n#top .av-special-heading.av-lt75wvrg-5d6795bf933c88e23b4cd3e372d4786e{\npadding-bottom:0;\n}\nbody .av-special-heading.av-lt75wvrg-5d6795bf933c88e23b4cd3e372d4786e .av-special-heading-tag .heading-char{\nfont-size:25px;\n}\n.av-special-heading.av-lt75wvrg-5d6795bf933c88e23b4cd3e372d4786e .av-subheading{\nfont-size:15px;\n}\n<\/style>\n<div  class='av-special-heading av-lt75wvrg-5d6795bf933c88e23b4cd3e372d4786e av-special-heading-h1 custom-color-heading blockquote modern-quote  avia-builder-el-1  avia-builder-el-no-sibling '><h1 class='av-special-heading-tag '  itemprop=\"headline\"  >INSTALACIONES<\/h1><div class=\"special-heading-border\"><div class=\"special-heading-inner-border\"><\/div><\/div><\/div>\n<\/div><\/div><\/main><!-- close content main element --><\/div><\/div><div id='after_section_1'  class='main_color av_default_container_wrap container_wrap sidebar_left'  ><div class='container av-section-cont-open' ><div class='template-page content  av-content-small units'><div class='post-entry post-entry-type-page post-entry-1453'><div class='entry-content-wrapper clearfix'>\n\n<style type=\"text\/css\" data-created_by=\"avia_inline_auto\" id=\"style-css-av-av_one_half-9497bbf8bff73ea4c6992cc17fa9ec36\">\n.flex_column.av-av_one_half-9497bbf8bff73ea4c6992cc17fa9ec36{\nborder-radius:0px 0px 0px 0px;\npadding:0px 0px 0px 0px;\n}\n<\/style>\n<div  class='flex_column av-av_one_half-9497bbf8bff73ea4c6992cc17fa9ec36 av_one_half  avia-builder-el-2  el_after_av_section  el_before_av_one_half  avia-builder-el-first  first flex_column_div av-zero-column-padding  '     ><section  class='av_textblock_section av-lt75ywhq-b684d356e7223b64c383ddf1a0c8b15c '   itemscope=\"itemscope\" itemtype=\"https:\/\/schema.org\/CreativeWork\" ><div class='avia_textblock'  itemprop=\"text\" ><div class=\"av-special-heading av-special-heading-h2 blockquote modern-quote avia-builder-el-4 el_before_av_textblock avia-builder-el-first av-thin-font\">\n<h2 class=\"av-special-heading-tag\"><strong>Somos un equipo<\/strong><\/h2>\n<\/div>\n<section class=\"av_textblock_section\">\n<div class=\"avia_textblock \">\n<p>El secreto de nuestro \u00e9xito est\u00e1 en la combinaci\u00f3n de instalaciones modernas y un equipo de profesionales totalmente capaces de desarrollar soluciones innovadoras y competitivas en el desarrollo de todo tipo de bebidas. Desde el departamento financiero hasta ventas y marketing, I + D, producci\u00f3n y log\u00edstica, el resultado de nuestro trabajo es el fruto de una estrategia compartida y un trabajo conjunto a diario. s.<\/p>\n<blockquote>\n<p>El trabajo en equipo es uno de nuestros valores fundamentales.<\/p>\n<\/blockquote>\n<\/div>\n<\/section>\n<div class=\"av-special-heading av-special-heading-h2 blockquote modern-quote avia-builder-el-6 el_after_av_textblock el_before_av_textblock av-thin-font\">\n<h2 class=\"av-special-heading-tag\">Tenemos una <strong>alta capacidad de producci\u00f3n<\/strong><\/h2>\n<\/div>\n<section class=\"av_textblock_section\">\n<div class=\"avia_textblock \">\n<p><strong>Juice&amp;World<\/strong>\u00a0tiene una moderna planta de embotellado gracias a la cual podemos mejorar nuestra capacidad de producci\u00f3n continuamente. Hemos dise\u00f1ado nuestras instalaciones para lograr la m\u00e1xima flexibilidad y permitirnos incorporar nuevos desarrollos en el proceso de embotellado cuando lo consideremos necesario.<\/p>\n<p>Combinamos la \u00faltima tecnolog\u00eda con nuestra experiencia para exprimir al m\u00e1ximo nuestra planta y obtener productos de la m\u00e1s alta calidad. Nuestras instalaciones est\u00e1n equipadas con los \u00faltimos desarrollos tecnol\u00f3gicos disponibles en el mercado.<\/p>\n<\/div>\n<\/section>\n<\/div><\/section><\/div>\n\n<style type=\"text\/css\" data-created_by=\"avia_inline_auto\" id=\"style-css-av-av_one_half-9c1d454dc06f7247226bc4e8f931daae\">\n.flex_column.av-av_one_half-9c1d454dc06f7247226bc4e8f931daae{\nborder-radius:0px 0px 0px 0px;\npadding:0px 0px 0px 0px;\n}\n<\/style>\n<div  class='flex_column av-av_one_half-9c1d454dc06f7247226bc4e8f931daae av_one_half  avia-builder-el-4  el_after_av_one_half  el_before_av_section  avia-builder-el-last  flex_column_div av-zero-column-padding  '     ><style type=\"text\/css\" data-created_by=\"avia_inline_auto\" id=\"style-css-av-av_image-b56b24eb88919f53b09d7aee9b0c5196\">\n.avia-image-container.av-av_image-b56b24eb88919f53b09d7aee9b0c5196 img.avia_image{\nbox-shadow:none;\n}\n.avia-image-container.av-av_image-b56b24eb88919f53b09d7aee9b0c5196 .av-image-caption-overlay-center{\ncolor:#ffffff;\n}\n<\/style>\n<div  class='avia-image-container av-av_image-b56b24eb88919f53b09d7aee9b0c5196 av-styling-no-styling avia-align-center  avia-builder-el-5  avia-builder-el-no-sibling '   itemprop=\"image\" itemscope=\"itemscope\" itemtype=\"https:\/\/schema.org\/ImageObject\" ><div class=\"avia-image-container-inner\"><div class=\"avia-image-overlay-wrap\"><img fetchpriority=\"high\" class='wp-image-1800 avia-img-lazy-loading-not-1800 avia_image ' src='https:\/\/www.juiceandworld.com\/wp-content\/uploads\/2019\/10\/1-1030x731.jpg' alt='' title='1-1030x731'  height=\"731\" width=\"1030\"  itemprop=\"thumbnailUrl\"  \/><\/div><\/div><\/div><\/div>\n<\/div><\/div><\/div><!-- close content main div --><\/div><\/div>\n<style type=\"text\/css\" data-created_by=\"avia_inline_auto\" id=\"style-css-av-av_section-f322bf387c481d40b401c9e45fc8d0bf\">\n.avia-section.av-av_section-f322bf387c481d40b401c9e45fc8d0bf{\nbackground-color:#ddedf6;\nbackground-image:unset;\n}\n<\/style>\n<div id='av_section_2'  class='avia-section av-av_section-f322bf387c481d40b401c9e45fc8d0bf main_color avia-section-large avia-shadow  avia-builder-el-6  el_after_av_one_half  avia-builder-el-last  avia-bg-style-scroll container_wrap sidebar_left'  ><div class='container av-section-cont-open' ><div class='template-page content  av-content-small units'><div class='post-entry post-entry-type-page post-entry-1453'><div class='entry-content-wrapper clearfix'>\n<div  class='flex_column av-av_one_third-2a9015ff38129c418a3f2eafba3e9512 av_one_third  avia-builder-el-7  el_before_av_one_third  avia-builder-el-first  first flex_column_div  '     ><section  class='av_textblock_section av-lt75zbdt-67775ac851cb5d16db789966aaa0bd47 '   itemscope=\"itemscope\" itemtype=\"https:\/\/schema.org\/CreativeWork\" ><div class='avia_textblock'  itemprop=\"text\" ><h3>MEZCLA DIRECTA<\/h3>\n<p>Disponemos de una zona para la mezcla directa automatizada del producto.<\/p>\n<\/div><\/section><\/div>\n<style type=\"text\/css\" data-created_by=\"avia_inline_auto\" id=\"style-css-av-av_one_third-9c1d454dc06f7247226bc4e8f931daae\">\n.flex_column.av-av_one_third-9c1d454dc06f7247226bc4e8f931daae{\nborder-radius:0px 0px 0px 0px;\npadding:0px 0px 0px 0px;\n}\n<\/style>\n<div  class='flex_column av-av_one_third-9c1d454dc06f7247226bc4e8f931daae av_one_third  avia-builder-el-9  el_after_av_one_third  el_before_av_one_third  flex_column_div av-zero-column-padding  '     ><section  class='av_textblock_section av-lt75zmxp-fba195c18a79cfd9d1f12c2b980f9c7a '   itemscope=\"itemscope\" itemtype=\"https:\/\/schema.org\/CreativeWork\" ><div class='avia_textblock'  itemprop=\"text\" ><h3>DESAIREADO Y ENJUAGADO<\/h3>\n<p>Mecanismos para el desaireado del agua y enjuague, llenado y cierre de botellas.<\/p>\n<\/div><\/section><\/div>\n<style type=\"text\/css\" data-created_by=\"avia_inline_auto\" id=\"style-css-av-av_one_third-9c1d454dc06f7247226bc4e8f931daae\">\n.flex_column.av-av_one_third-9c1d454dc06f7247226bc4e8f931daae{\nborder-radius:0px 0px 0px 0px;\npadding:0px 0px 0px 0px;\n}\n<\/style>\n<div  class='flex_column av-av_one_third-9c1d454dc06f7247226bc4e8f931daae av_one_third  avia-builder-el-11  el_after_av_one_third  el_before_av_one_third  flex_column_div av-zero-column-padding  '     ><section  class='av_textblock_section av-lt75zysw-328de3d62dc2e44a4470aa62ebce2ab2 '   itemscope=\"itemscope\" itemtype=\"https:\/\/schema.org\/CreativeWork\" ><div class='avia_textblock'  itemprop=\"text\" ><h3>PERSONALIZACI\u00d3N DE BOTELLAS<\/h3>\n<p>Disponemos de capsuladoras y etiquetadoras para la personalizaci\u00f3n total de las botellas.<\/p>\n<\/div><\/section><\/div>\n<style type=\"text\/css\" data-created_by=\"avia_inline_auto\" id=\"style-css-av-av_one_third-9497bbf8bff73ea4c6992cc17fa9ec36\">\n.flex_column.av-av_one_third-9497bbf8bff73ea4c6992cc17fa9ec36{\nborder-radius:0px 0px 0px 0px;\npadding:0px 0px 0px 0px;\n}\n<\/style>\n<div  class='flex_column av-av_one_third-9497bbf8bff73ea4c6992cc17fa9ec36 av_one_third  avia-builder-el-13  el_after_av_one_third  el_before_av_one_third  first flex_column_div av-zero-column-padding  column-top-margin'     ><section  class='av_textblock_section av-lt760b69-9259317edc84b6f6bc3bcd398c5aaec4 '   itemscope=\"itemscope\" itemtype=\"https:\/\/schema.org\/CreativeWork\" ><div class='avia_textblock'  itemprop=\"text\" ><h3>T\u00daNEL DE PASTEURIZADO<\/h3>\n<p>Dispositivos de estabilizaci\u00f3n biol\u00f3gica por pasteurizado en t\u00fanel.<\/p>\n<\/div><\/section><\/div>\n<style type=\"text\/css\" data-created_by=\"avia_inline_auto\" id=\"style-css-av-av_one_third-9c1d454dc06f7247226bc4e8f931daae\">\n.flex_column.av-av_one_third-9c1d454dc06f7247226bc4e8f931daae{\nborder-radius:0px 0px 0px 0px;\npadding:0px 0px 0px 0px;\n}\n<\/style>\n<div  class='flex_column av-av_one_third-9c1d454dc06f7247226bc4e8f931daae av_one_third  avia-builder-el-15  el_after_av_one_third  el_before_av_one_third  flex_column_div av-zero-column-padding  column-top-margin'     ><section  class='av_textblock_section av-lt760q8h-5afaccdfe3103de87612646450e505c9 '   itemscope=\"itemscope\" itemtype=\"https:\/\/schema.org\/CreativeWork\" ><div class='avia_textblock'  itemprop=\"text\" ><h3>LIMPIEZA AUTOM\u00c1TICA<\/h3>\n<p>Disponemos de sistemas de limpieza e higienizaci\u00f3n autom\u00e1ticos.<\/p>\n<\/div><\/section><\/div>\n<style type=\"text\/css\" data-created_by=\"avia_inline_auto\" id=\"style-css-av-av_one_third-9c1d454dc06f7247226bc4e8f931daae\">\n.flex_column.av-av_one_third-9c1d454dc06f7247226bc4e8f931daae{\nborder-radius:0px 0px 0px 0px;\npadding:0px 0px 0px 0px;\n}\n<\/style>\n<div  class='flex_column av-av_one_third-9c1d454dc06f7247226bc4e8f931daae av_one_third  avia-builder-el-17  el_after_av_one_third  avia-builder-el-last  flex_column_div av-zero-column-padding  column-top-margin'     ><section  class='av_textblock_section av-lt7611t8-43e6f217b500b8685e02fc8bbb124369 '   itemscope=\"itemscope\" itemtype=\"https:\/\/schema.org\/CreativeWork\" ><div class='avia_textblock'  itemprop=\"text\" ><h3>ACABADO Y PACKAGING<\/h3>\n<p>Disponemos de una moderna maquinaria para la fase de acabado y packaging, que permite una gran variedad de presentaciones finales.<\/p>\n<\/div><\/section><\/div>\n<\/div><\/div><\/div><!-- close content main div --><\/div><\/div><div id='after_section_2'  class='main_color av_default_container_wrap container_wrap sidebar_left'  ><div class='container av-section-cont-open' ><div class='template-page content  av-content-small units'><div class='post-entry post-entry-type-page post-entry-1453'><div class='entry-content-wrapper clearfix'>\n","protected":false},"excerpt":{"rendered":"","protected":false},"author":1,"featured_media":0,"parent":0,"menu_order":0,"comment_status":"closed","ping_status":"closed","template":"","meta":{"footnotes":""},"class_list":["post-1453","page","type-page","status-publish","hentry"],"_links":{"self":[{"href":"https:\/\/www.juiceandworld.com\/es\/wp-json\/wp\/v2\/pages\/1453","targetHints":{"allow":["GET"]}}],"collection":[{"href":"https:\/\/www.juiceandworld.com\/es\/wp-json\/wp\/v2\/pages"}],"about":[{"href":"https:\/\/www.juiceandworld.com\/es\/wp-json\/wp\/v2\/types\/page"}],"author":[{"embeddable":true,"href":"https:\/\/www.juiceandworld.com\/es\/wp-json\/wp\/v2\/users\/1"}],"replies":[{"embeddable":true,"href":"https:\/\/www.juiceandworld.com\/es\/wp-json\/wp\/v2\/comments?post=1453"}],"version-history":[{"count":11,"href":"https:\/\/www.juiceandworld.com\/es\/wp-json\/wp\/v2\/pages\/1453\/revisions"}],"predecessor-version":[{"id":2892,"href":"https:\/\/www.juiceandworld.com\/es\/wp-json\/wp\/v2\/pages\/1453\/revisions\/2892"}],"wp:attachment":[{"href":"https:\/\/www.juiceandworld.com\/es\/wp-json\/wp\/v2\/media?parent=1453"}],"curies":[{"name":"wp","href":"https:\/\/api.w.org\/{rel}","templated":true}]}}