{"id":19,"date":"2014-07-09T15:49:34","date_gmt":"2014-07-09T15:49:34","guid":{"rendered":"http:\/\/192.168.1.104\/restaurant\/?page_id=16"},"modified":"2016-08-02T17:05:34","modified_gmt":"2016-08-02T17:05:34","slug":"news","status":"publish","type":"page","link":"https:\/\/www.juiceandworld.com\/es\/news\/","title":{"rendered":"Actualidad"},"content":{"rendered":"\n<style type=\"text\/css\" data-created_by=\"avia_inline_auto\" id=\"style-css-av-av_section-0ccca0c3c4c7fae47119caf13cdf2caf\">\n.avia-section.av-av_section-0ccca0c3c4c7fae47119caf13cdf2caf{\nbackground-repeat:no-repeat;\nbackground-image:url(https:\/\/www.juiceandworld.com\/wp-content\/uploads\/2014\/07\/header-definitivo.jpg);\nbackground-position:50% 0%;\nbackground-attachment:scroll;\n}\n<\/style>\n<div id='av_section_1'  class='avia-section av-av_section-0ccca0c3c4c7fae47119caf13cdf2caf main_color avia-section-default avia-no-shadow  avia-builder-el-0  el_before_av_blog  avia-builder-el-first  avia-full-stretch avia-bg-style-scroll av-minimum-height av-minimum-height-custom av-height-custom  container_wrap sidebar_left'  data-section-bg-repeat='stretch' data-av_minimum_height_px='200'><div class='container av-section-cont-open' style='height:200px'><main  role=\"main\" itemprop=\"mainContentOfPage\"  class='template-page content  av-content-small units'><div class='post-entry post-entry-type-page post-entry-19'><div class='entry-content-wrapper clearfix'>\n\n<style type=\"text\/css\" data-created_by=\"avia_inline_auto\" id=\"style-css-av-av_heading-1f7320675dad0def4399cb838d136e04\">\n#top .av-special-heading.av-av_heading-1f7320675dad0def4399cb838d136e04{\npadding-bottom:0;\ncolor:#ffffff;\nfont-size:60px;\n}\nbody .av-special-heading.av-av_heading-1f7320675dad0def4399cb838d136e04 .av-special-heading-tag .heading-char{\nfont-size:25px;\n}\n#top #wrap_all .av-special-heading.av-av_heading-1f7320675dad0def4399cb838d136e04 .av-special-heading-tag{\nfont-size:60px;\n}\n.av-special-heading.av-av_heading-1f7320675dad0def4399cb838d136e04 .special-heading-inner-border{\nborder-color:#ffffff;\n}\n.av-special-heading.av-av_heading-1f7320675dad0def4399cb838d136e04 .av-subheading{\nfont-size:18px;\n}\n\n@media only screen and (min-width: 480px) and (max-width: 767px){ \n#top #wrap_all .av-special-heading.av-av_heading-1f7320675dad0def4399cb838d136e04 .av-special-heading-tag{\nfont-size:0.8em;\n}\n}\n\n@media only screen and (max-width: 479px){ \n#top #wrap_all .av-special-heading.av-av_heading-1f7320675dad0def4399cb838d136e04 .av-special-heading-tag{\nfont-size:0.8em;\n}\n}\n<\/style>\n<div  class='av-special-heading av-av_heading-1f7320675dad0def4399cb838d136e04 av-special-heading-h2 custom-color-heading blockquote modern-quote  avia-builder-el-1  avia-builder-el-no-sibling  av-thin-font av-inherit-size'><h2 class='av-special-heading-tag '  itemprop=\"headline\"  >ACTUALIDAD<br \/>\n<strong>JUICE&amp;WORLD<\/strong><\/h2><div class=\"special-heading-border\"><div class=\"special-heading-inner-border\"><\/div><\/div><\/div>\n<\/div><\/div><\/main><!-- close content main element --><\/div><\/div><div id='after_section_1'  class='main_color av_default_container_wrap container_wrap sidebar_left'  ><div class='container av-section-cont-open' ><div class='template-page content  av-content-small units'><div class='post-entry post-entry-type-page post-entry-19'><div class='entry-content-wrapper clearfix'>\n<div  class='av-alb-blogposts template-blog  av-blog-meta-author-disabled '  itemscope=\"itemscope\" itemtype=\"https:\/\/schema.org\/Blog\" ><article class=\"post-entry post-entry-type-standard post-entry-1239 post-loop-1 post-parity-odd single-big with-slider post-1239 post type-post status-publish format-standard has-post-thumbnail hentry category-bebidas-con-alcohol category-bebidas-sin-alcohol category-zumos tag-bebidas tag-china tag-feria tag-frizzantes tag-sial tag-zumos\"  itemscope=\"itemscope\" itemtype=\"https:\/\/schema.org\/BlogPosting\" ><div class=\"big-preview single-big\"  itemprop=\"image\" itemscope=\"itemscope\" itemtype=\"https:\/\/schema.org\/ImageObject\" ><a href=\"https:\/\/www.juiceandworld.com\/es\/juice-and-world-viaja-a-china\/\"  title=\"Sial\" ><img decoding=\"async\" loading=\"lazy\" width=\"845\" height=\"292\" src=\"https:\/\/www.juiceandworld.com\/wp-content\/uploads\/2017\/04\/Sial-845x292.png\" class=\"wp-image-1251 avia-img-lazy-loading-1251 attachment-entry_with_sidebar size-entry_with_sidebar wp-post-image\" alt=\"\" \/><\/a><\/div><div class=\"blog-meta\"><\/div><div class='entry-content-wrapper clearfix standard-content'><header class=\"entry-content-header\" aria-label=\"Post: Juice and World viaja a China\"><h2 class='post-title entry-title '  itemprop=\"headline\" ><a href=\"https:\/\/www.juiceandworld.com\/es\/juice-and-world-viaja-a-china\/\" rel=\"bookmark\" title=\"Enlace permanente: Juice and World viaja a China\">Juice and World viaja a China<span class=\"post-format-icon minor-meta\"><\/span><\/a><\/h2><span class=\"post-meta-infos\"><time class=\"date-container minor-meta updated\"  itemprop=\"datePublished\" datetime=\"2017-04-27T09:11:35+00:00\" >27\/04\/2017<\/time><span class=\"text-sep\">\/<\/span><span class=\"blog-categories minor-meta\">en <a href=\"https:\/\/www.juiceandworld.com\/es\/category\/bebidas-con-alcohol\/\" rel=\"tag\">Bebidas con alcohol<\/a>, <a href=\"https:\/\/www.juiceandworld.com\/es\/category\/bebidas-sin-alcohol\/\" rel=\"tag\">Bebidas sin alcohol<\/a>, <a href=\"https:\/\/www.juiceandworld.com\/es\/category\/zumos\/\" rel=\"tag\">Zumos<\/a><\/span><\/span><\/header><div class=\"entry-content\"  itemprop=\"text\" ><p>A la hora de desarrollar y vender nuestros productos, en J&amp;W tenemos muy en cuenta los mercados a los que nos dirigimos. Crear contacto con los clientes e investigar las necesidades y gustos de los mismos es una de las funciones m\u00e1s importantes de nuestras comerciales. Para ello nos acercamos al pa\u00eds objetivo y establecemos [&hellip;]<\/p>\n<div class=\"read-more-link\"><a href=\"https:\/\/www.juiceandworld.com\/es\/juice-and-world-viaja-a-china\/\" class=\"more-link\">Leer m\u00e1s<span class='more-link-arrow avia-svg-icon avia-font-svg_entypo-fontello' data-av_svg_icon='right-open-big' data-av_iconset='svg_entypo-fontello'><svg version=\"1.1\" xmlns=\"http:\/\/www.w3.org\/2000\/svg\" width=\"15\" height=\"32\" viewBox=\"0 0 15 32\" preserveAspectRatio=\"xMidYMid meet\" role=\"graphics-symbol\" aria-hidden=\"true\">\n<path d=\"M0.416 27.84l11.456-11.84-11.456-11.904q-0.832-0.832 0-1.536 0.832-0.832 1.536 0l12.544 12.608q0.768 0.832 0 1.6l-12.544 12.608q-0.704 0.832-1.536 0-0.832-0.704 0-1.536z\"><\/path>\n<\/svg><\/span><\/a><\/div>\n<\/div><footer class=\"entry-footer\"><\/footer><div class='post_delimiter'><\/div><\/div><div class=\"post_author_timeline\"><\/div><span class='hidden'>\n\t\t\t\t<span class='av-structured-data'  itemprop=\"image\" itemscope=\"itemscope\" itemtype=\"https:\/\/schema.org\/ImageObject\" >\n\t\t\t\t\t\t<span itemprop='url'>https:\/\/www.juiceandworld.com\/wp-content\/uploads\/2017\/04\/Sial.png<\/span>\n\t\t\t\t\t\t<span itemprop='height'>292<\/span>\n\t\t\t\t\t\t<span itemprop='width'>858<\/span>\n\t\t\t\t<\/span>\n\t\t\t\t<span class='av-structured-data'  itemprop=\"publisher\" itemtype=\"https:\/\/schema.org\/Organization\" itemscope=\"itemscope\" >\n\t\t\t\t\t\t<span itemprop='name'>Juice&amp;World<\/span>\n\t\t\t\t\t\t<span itemprop='logo' itemscope itemtype='https:\/\/schema.org\/ImageObject'>\n\t\t\t\t\t\t\t<span itemprop='url'>http:\/\/www.juiceandworld.com\/wp-content\/uploads\/2019\/09\/logo.png<\/span>\n\t\t\t\t\t\t<\/span>\n\t\t\t\t<\/span><span class='av-structured-data'  itemprop=\"author\" itemscope=\"itemscope\" itemtype=\"https:\/\/schema.org\/Person\" ><span itemprop='name'>Juice&amp;World<\/span><\/span><span class='av-structured-data'  itemprop=\"datePublished\" datetime=\"2017-04-27T09:11:35+00:00\" >2017-04-27 09:11:35<\/span><span class='av-structured-data'  itemprop=\"dateModified\" itemtype=\"https:\/\/schema.org\/dateModified\" >2017-04-27 09:17:20<\/span><span class='av-structured-data'  itemprop=\"mainEntityOfPage\" itemtype=\"https:\/\/schema.org\/mainEntityOfPage\" ><span itemprop='name'>Juice and World viaja a China<\/span><\/span><\/span><\/article><article class=\"post-entry post-entry-type-standard post-entry-1228 post-loop-2 post-parity-even single-big with-slider post-1228 post type-post status-publish format-standard has-post-thumbnail hentry category-bebidas-sin-alcohol category-mercado category-zumos tag-empresa tag-exportacion tag-innovacion tag-internacionalizacion tag-zumos\"  itemscope=\"itemscope\" itemtype=\"https:\/\/schema.org\/BlogPosting\" ><div class=\"big-preview single-big\"  itemprop=\"image\" itemscope=\"itemscope\" itemtype=\"https:\/\/schema.org\/ImageObject\" ><a href=\"https:\/\/www.juiceandworld.com\/es\/la-ventana-de-la-empresa-navarra-entrevista-a-eduardo-zorrilla\/\"  title=\"Foto Eduardo Cadena Ser\" ><img decoding=\"async\" loading=\"lazy\" width=\"770\" height=\"321\" src=\"https:\/\/www.juiceandworld.com\/wp-content\/uploads\/2017\/03\/Foto-Eduardo-Cadena-Ser-770x321.jpg\" class=\"wp-image-1229 avia-img-lazy-loading-1229 attachment-entry_with_sidebar size-entry_with_sidebar wp-post-image\" alt=\"\" \/><\/a><\/div><div class=\"blog-meta\"><\/div><div class='entry-content-wrapper clearfix standard-content'><header class=\"entry-content-header\" aria-label=\"Post: \u00abLa Ventana de la empresa Navarra\u00bb &#8211; Entrevista a Eduardo Zorrilla\"><h2 class='post-title entry-title '  itemprop=\"headline\" ><a href=\"https:\/\/www.juiceandworld.com\/es\/la-ventana-de-la-empresa-navarra-entrevista-a-eduardo-zorrilla\/\" rel=\"bookmark\" title=\"Enlace permanente: \u00abLa Ventana de la empresa Navarra\u00bb &#8211; Entrevista a Eduardo Zorrilla\">\u00abLa Ventana de la empresa Navarra\u00bb &#8211; Entrevista a Eduardo Zorrilla<span class=\"post-format-icon minor-meta\"><\/span><\/a><\/h2><span class=\"post-meta-infos\"><time class=\"date-container minor-meta updated\"  itemprop=\"datePublished\" datetime=\"2017-03-17T14:02:10+00:00\" >17\/03\/2017<\/time><span class=\"text-sep\">\/<\/span><span class=\"blog-categories minor-meta\">en <a href=\"https:\/\/www.juiceandworld.com\/es\/category\/bebidas-sin-alcohol\/\" rel=\"tag\">Bebidas sin alcohol<\/a>, <a href=\"https:\/\/www.juiceandworld.com\/es\/category\/mercado\/\" rel=\"tag\">Mercado<\/a>, <a href=\"https:\/\/www.juiceandworld.com\/es\/category\/zumos\/\" rel=\"tag\">Zumos<\/a><\/span><\/span><\/header><div class=\"entry-content\"  itemprop=\"text\" ><p>La semana pasada, Cadena Ser entrevist\u00f3 al Gerente de Juice and World S.L., Eduardo Zorrilla, en \u00abLa Ventana de la empresa Navarra\u00bb. Programa que comenz\u00f3 a emitirse en septiembre y en el que los empresarios y empresarias de Navarra cuentan su d\u00eda a d\u00eda y las experiencias que han tenido a lo largo de su [&hellip;]<\/p>\n<div class=\"read-more-link\"><a href=\"https:\/\/www.juiceandworld.com\/es\/la-ventana-de-la-empresa-navarra-entrevista-a-eduardo-zorrilla\/\" class=\"more-link\">Leer m\u00e1s<span class='more-link-arrow avia-svg-icon avia-font-svg_entypo-fontello' data-av_svg_icon='right-open-big' data-av_iconset='svg_entypo-fontello'><svg version=\"1.1\" xmlns=\"http:\/\/www.w3.org\/2000\/svg\" width=\"15\" height=\"32\" viewBox=\"0 0 15 32\" preserveAspectRatio=\"xMidYMid meet\" role=\"graphics-symbol\" aria-hidden=\"true\">\n<path d=\"M0.416 27.84l11.456-11.84-11.456-11.904q-0.832-0.832 0-1.536 0.832-0.832 1.536 0l12.544 12.608q0.768 0.832 0 1.6l-12.544 12.608q-0.704 0.832-1.536 0-0.832-0.704 0-1.536z\"><\/path>\n<\/svg><\/span><\/a><\/div>\n<\/div><footer class=\"entry-footer\"><\/footer><div class='post_delimiter'><\/div><\/div><div class=\"post_author_timeline\"><\/div><span class='hidden'>\n\t\t\t\t<span class='av-structured-data'  itemprop=\"image\" itemscope=\"itemscope\" itemtype=\"https:\/\/schema.org\/ImageObject\" >\n\t\t\t\t\t\t<span itemprop='url'>https:\/\/www.juiceandworld.com\/wp-content\/uploads\/2017\/03\/Foto-Eduardo-Cadena-Ser.jpg<\/span>\n\t\t\t\t\t\t<span itemprop='height'>578<\/span>\n\t\t\t\t\t\t<span itemprop='width'>770<\/span>\n\t\t\t\t<\/span>\n\t\t\t\t<span class='av-structured-data'  itemprop=\"publisher\" itemtype=\"https:\/\/schema.org\/Organization\" itemscope=\"itemscope\" >\n\t\t\t\t\t\t<span itemprop='name'>Juice&amp;World<\/span>\n\t\t\t\t\t\t<span itemprop='logo' itemscope itemtype='https:\/\/schema.org\/ImageObject'>\n\t\t\t\t\t\t\t<span itemprop='url'>http:\/\/www.juiceandworld.com\/wp-content\/uploads\/2019\/09\/logo.png<\/span>\n\t\t\t\t\t\t<\/span>\n\t\t\t\t<\/span><span class='av-structured-data'  itemprop=\"author\" itemscope=\"itemscope\" itemtype=\"https:\/\/schema.org\/Person\" ><span itemprop='name'>Juice&amp;World<\/span><\/span><span class='av-structured-data'  itemprop=\"datePublished\" datetime=\"2017-03-17T14:02:10+00:00\" >2017-03-17 14:02:10<\/span><span class='av-structured-data'  itemprop=\"dateModified\" itemtype=\"https:\/\/schema.org\/dateModified\" >2017-03-17 14:02:10<\/span><span class='av-structured-data'  itemprop=\"mainEntityOfPage\" itemtype=\"https:\/\/schema.org\/mainEntityOfPage\" ><span itemprop='name'>\u00abLa Ventana de la empresa Navarra\u00bb &#8211; Entrevista a Eduardo Zorrilla<\/span><\/span><\/span><\/article><article class=\"post-entry post-entry-type-standard post-entry-857 post-loop-3 post-parity-odd single-big with-slider post-857 post type-post status-publish format-standard has-post-thumbnail hentry category-marca-distribuidor category-mercado category-zumos tag-feria tag-marca-distribuidor tag-zumos\"  itemscope=\"itemscope\" itemtype=\"https:\/\/schema.org\/BlogPosting\" ><div class=\"big-preview single-big\"  itemprop=\"image\" itemscope=\"itemscope\" itemtype=\"https:\/\/schema.org\/ImageObject\" ><a href=\"https:\/\/www.juiceandworld.com\/es\/el-crecimiento-de-las-marcas-de-distribuidor\/\"  title=\"ThinkstockPhotos-473654106\" ><img decoding=\"async\" loading=\"lazy\" width=\"845\" height=\"321\" src=\"https:\/\/www.juiceandworld.com\/wp-content\/uploads\/2016\/07\/ThinkstockPhotos-473654106-1-845x321.jpg\" class=\"wp-image-860 avia-img-lazy-loading-860 attachment-entry_with_sidebar size-entry_with_sidebar wp-post-image\" alt=\"\" \/><\/a><\/div><div class=\"blog-meta\"><\/div><div class='entry-content-wrapper clearfix standard-content'><header class=\"entry-content-header\" aria-label=\"Post: El crecimiento de las marcas de distribuidor\"><h2 class='post-title entry-title '  itemprop=\"headline\" ><a href=\"https:\/\/www.juiceandworld.com\/es\/el-crecimiento-de-las-marcas-de-distribuidor\/\" rel=\"bookmark\" title=\"Enlace permanente: El crecimiento de las marcas de distribuidor\">El crecimiento de las marcas de distribuidor<span class=\"post-format-icon minor-meta\"><\/span><\/a><\/h2><span class=\"post-meta-infos\"><time class=\"date-container minor-meta updated\"  itemprop=\"datePublished\" datetime=\"2016-07-01T14:07:00+00:00\" >01\/07\/2016<\/time><span class=\"text-sep\">\/<\/span><span class=\"blog-categories minor-meta\">en <a href=\"https:\/\/www.juiceandworld.com\/es\/category\/marca-distribuidor\/\" rel=\"tag\">Marca distribuidor<\/a>, <a href=\"https:\/\/www.juiceandworld.com\/es\/category\/mercado\/\" rel=\"tag\">Mercado<\/a>, <a href=\"https:\/\/www.juiceandworld.com\/es\/category\/zumos\/\" rel=\"tag\">Zumos<\/a><\/span><\/span><\/header><div class=\"entry-content\"  itemprop=\"text\" ><p>El pasado 24 y 25 de mayo tuvimos la oportunidad de presentar nuestra empresa as\u00ed como nuestros productos en una de las ferias m\u00e1s importantes de marca de distribuidor. Desde 1979, la asociaci\u00f3n PLMA (Private Label Manufacturers Association), ofrece al sector distribuci\u00f3n programas y ferias para la promoci\u00f3n de empresas. Este sector ha crecido notablemente [&hellip;]<\/p>\n<div class=\"read-more-link\"><a href=\"https:\/\/www.juiceandworld.com\/es\/el-crecimiento-de-las-marcas-de-distribuidor\/\" class=\"more-link\">Leer m\u00e1s<span class='more-link-arrow avia-svg-icon avia-font-svg_entypo-fontello' data-av_svg_icon='right-open-big' data-av_iconset='svg_entypo-fontello'><svg version=\"1.1\" xmlns=\"http:\/\/www.w3.org\/2000\/svg\" width=\"15\" height=\"32\" viewBox=\"0 0 15 32\" preserveAspectRatio=\"xMidYMid meet\" role=\"graphics-symbol\" aria-hidden=\"true\">\n<path d=\"M0.416 27.84l11.456-11.84-11.456-11.904q-0.832-0.832 0-1.536 0.832-0.832 1.536 0l12.544 12.608q0.768 0.832 0 1.6l-12.544 12.608q-0.704 0.832-1.536 0-0.832-0.704 0-1.536z\"><\/path>\n<\/svg><\/span><\/a><\/div>\n<\/div><footer class=\"entry-footer\"><\/footer><div class='post_delimiter'><\/div><\/div><div class=\"post_author_timeline\"><\/div><span class='hidden'>\n\t\t\t\t<span class='av-structured-data'  itemprop=\"image\" itemscope=\"itemscope\" itemtype=\"https:\/\/schema.org\/ImageObject\" >\n\t\t\t\t\t\t<span itemprop='url'>https:\/\/www.juiceandworld.com\/wp-content\/uploads\/2016\/07\/ThinkstockPhotos-473654106-1.jpg<\/span>\n\t\t\t\t\t\t<span itemprop='height'>443<\/span>\n\t\t\t\t\t\t<span itemprop='width'>850<\/span>\n\t\t\t\t<\/span>\n\t\t\t\t<span class='av-structured-data'  itemprop=\"publisher\" itemtype=\"https:\/\/schema.org\/Organization\" itemscope=\"itemscope\" >\n\t\t\t\t\t\t<span itemprop='name'>Administrador<\/span>\n\t\t\t\t\t\t<span itemprop='logo' itemscope itemtype='https:\/\/schema.org\/ImageObject'>\n\t\t\t\t\t\t\t<span itemprop='url'>http:\/\/www.juiceandworld.com\/wp-content\/uploads\/2019\/09\/logo.png<\/span>\n\t\t\t\t\t\t<\/span>\n\t\t\t\t<\/span><span class='av-structured-data'  itemprop=\"author\" itemscope=\"itemscope\" itemtype=\"https:\/\/schema.org\/Person\" ><span itemprop='name'>Administrador<\/span><\/span><span class='av-structured-data'  itemprop=\"datePublished\" datetime=\"2016-07-01T14:07:00+00:00\" >2016-07-01 14:07:00<\/span><span class='av-structured-data'  itemprop=\"dateModified\" itemtype=\"https:\/\/schema.org\/dateModified\" >2016-09-08 23:12:03<\/span><span class='av-structured-data'  itemprop=\"mainEntityOfPage\" itemtype=\"https:\/\/schema.org\/mainEntityOfPage\" ><span itemprop='name'>El crecimiento de las marcas de distribuidor<\/span><\/span><\/span><\/article><article class=\"post-entry post-entry-type-standard post-entry-83 post-loop-4 post-parity-even post-entry-last single-big with-slider post-83 post type-post status-publish format-standard has-post-thumbnail hentry category-envases tag-botellas tag-calidad tag-conservacion tag-envase tag-medio-ambiente tag-seguridad tag-sostenible tag-vidrio\"  itemscope=\"itemscope\" itemtype=\"https:\/\/schema.org\/BlogPosting\" ><div class=\"big-preview single-big\"  itemprop=\"image\" itemscope=\"itemscope\" itemtype=\"https:\/\/schema.org\/ImageObject\" ><a href=\"https:\/\/www.juiceandworld.com\/es\/how-to-selecting-the-perfect-wine\/\"  title=\"1\" ><img decoding=\"async\" loading=\"lazy\" width=\"845\" height=\"321\" src=\"https:\/\/www.juiceandworld.com\/wp-content\/uploads\/2016\/05\/1-845x321.jpg\" class=\"wp-image-779 avia-img-lazy-loading-779 attachment-entry_with_sidebar size-entry_with_sidebar wp-post-image\" alt=\"\" \/><\/a><\/div><div class=\"blog-meta\"><\/div><div class='entry-content-wrapper clearfix standard-content'><header class=\"entry-content-header\" aria-label=\"Post: El vidrio, un salto de calidad\"><h2 class='post-title entry-title '  itemprop=\"headline\" ><a href=\"https:\/\/www.juiceandworld.com\/es\/how-to-selecting-the-perfect-wine\/\" rel=\"bookmark\" title=\"Enlace permanente: El vidrio, un salto de calidad\">El vidrio, un salto de calidad<span class=\"post-format-icon minor-meta\"><\/span><\/a><\/h2><span class=\"post-meta-infos\"><time class=\"date-container minor-meta updated\"  itemprop=\"datePublished\" datetime=\"2014-07-09T22:13:04+00:00\" >09\/07\/2014<\/time><span class=\"text-sep\">\/<\/span><span class=\"blog-categories minor-meta\">en <a href=\"https:\/\/www.juiceandworld.com\/es\/category\/envases\/\" rel=\"tag\">Envases<\/a><\/span><\/span><\/header><div class=\"entry-content\"  itemprop=\"text\" ><p>Teniendo en cuenta el incremento de inter\u00e9s que se ha dado entre la poblaci\u00f3n actual hacia los estilos de vida saludables, adquirir alimentos sanos y seguros es uno de los factores m\u00e1s importantes para los consumidores y por ello, en Juice&amp;World apostamos por \u00a0la salud de nuestros clientes comprometi\u00e9ndonos con la seguridad alimentaria, calidad y [&hellip;]<\/p>\n<div class=\"read-more-link\"><a href=\"https:\/\/www.juiceandworld.com\/es\/how-to-selecting-the-perfect-wine\/\" class=\"more-link\">Leer m\u00e1s<span class='more-link-arrow avia-svg-icon avia-font-svg_entypo-fontello' data-av_svg_icon='right-open-big' data-av_iconset='svg_entypo-fontello'><svg version=\"1.1\" xmlns=\"http:\/\/www.w3.org\/2000\/svg\" width=\"15\" height=\"32\" viewBox=\"0 0 15 32\" preserveAspectRatio=\"xMidYMid meet\" role=\"graphics-symbol\" aria-hidden=\"true\">\n<path d=\"M0.416 27.84l11.456-11.84-11.456-11.904q-0.832-0.832 0-1.536 0.832-0.832 1.536 0l12.544 12.608q0.768 0.832 0 1.6l-12.544 12.608q-0.704 0.832-1.536 0-0.832-0.704 0-1.536z\"><\/path>\n<\/svg><\/span><\/a><\/div>\n<\/div><footer class=\"entry-footer\"><\/footer><div class='post_delimiter'><\/div><\/div><div class=\"post_author_timeline\"><\/div><span class='hidden'>\n\t\t\t\t<span class='av-structured-data'  itemprop=\"image\" itemscope=\"itemscope\" itemtype=\"https:\/\/schema.org\/ImageObject\" >\n\t\t\t\t\t\t<span itemprop='url'>https:\/\/www.juiceandworld.com\/wp-content\/uploads\/2016\/05\/1.jpg<\/span>\n\t\t\t\t\t\t<span itemprop='height'>1698<\/span>\n\t\t\t\t\t\t<span itemprop='width'>2394<\/span>\n\t\t\t\t<\/span>\n\t\t\t\t<span class='av-structured-data'  itemprop=\"publisher\" itemtype=\"https:\/\/schema.org\/Organization\" itemscope=\"itemscope\" >\n\t\t\t\t\t\t<span itemprop='name'>Administrador<\/span>\n\t\t\t\t\t\t<span itemprop='logo' itemscope itemtype='https:\/\/schema.org\/ImageObject'>\n\t\t\t\t\t\t\t<span itemprop='url'>http:\/\/www.juiceandworld.com\/wp-content\/uploads\/2019\/09\/logo.png<\/span>\n\t\t\t\t\t\t<\/span>\n\t\t\t\t<\/span><span class='av-structured-data'  itemprop=\"author\" itemscope=\"itemscope\" itemtype=\"https:\/\/schema.org\/Person\" ><span itemprop='name'>Administrador<\/span><\/span><span class='av-structured-data'  itemprop=\"datePublished\" datetime=\"2014-07-09T22:13:04+00:00\" >2014-07-09 22:13:04<\/span><span class='av-structured-data'  itemprop=\"dateModified\" itemtype=\"https:\/\/schema.org\/dateModified\" >2016-07-11 15:08:10<\/span><span class='av-structured-data'  itemprop=\"mainEntityOfPage\" itemtype=\"https:\/\/schema.org\/mainEntityOfPage\" ><span itemprop='name'>El vidrio, un salto de calidad<\/span><\/span><\/span><\/article><div class='single-big'><\/div><\/div>\n","protected":false},"excerpt":{"rendered":"","protected":false},"author":1,"featured_media":0,"parent":0,"menu_order":0,"comment_status":"open","ping_status":"open","template":"","meta":{"footnotes":""},"class_list":["post-19","page","type-page","status-publish","hentry"],"_links":{"self":[{"href":"https:\/\/www.juiceandworld.com\/es\/wp-json\/wp\/v2\/pages\/19","targetHints":{"allow":["GET"]}}],"collection":[{"href":"https:\/\/www.juiceandworld.com\/es\/wp-json\/wp\/v2\/pages"}],"about":[{"href":"https:\/\/www.juiceandworld.com\/es\/wp-json\/wp\/v2\/types\/page"}],"author":[{"embeddable":true,"href":"https:\/\/www.juiceandworld.com\/es\/wp-json\/wp\/v2\/users\/1"}],"replies":[{"embeddable":true,"href":"https:\/\/www.juiceandworld.com\/es\/wp-json\/wp\/v2\/comments?post=19"}],"version-history":[{"count":21,"href":"https:\/\/www.juiceandworld.com\/es\/wp-json\/wp\/v2\/pages\/19\/revisions"}],"predecessor-version":[{"id":820,"href":"https:\/\/www.juiceandworld.com\/es\/wp-json\/wp\/v2\/pages\/19\/revisions\/820"}],"wp:attachment":[{"href":"https:\/\/www.juiceandworld.com\/es\/wp-json\/wp\/v2\/media?parent=19"}],"curies":[{"name":"wp","href":"https:\/\/api.w.org\/{rel}","templated":true}]}}