{"id":381,"date":"2016-05-06T08:35:05","date_gmt":"2016-05-06T08:35:05","guid":{"rendered":"http:\/\/www.juiceandworld.com\/?page_id=381"},"modified":"2016-08-03T15:35:45","modified_gmt":"2016-08-03T15:35:45","slug":"juice-and-world","status":"publish","type":"page","link":"https:\/\/www.juiceandworld.com\/es\/juice-and-world\/","title":{"rendered":"Juice and World"},"content":{"rendered":"<div id='layer_slider_1'  class='avia-layerslider main_color avia-shadow  avia-builder-el-0  el_before_av_section  avia-builder-el-first  container_wrap sidebar_left'  style='height: 701px;'  ><\/div>\n\n<style type=\"text\/css\" data-created_by=\"avia_inline_auto\" id=\"style-css-av-av_section-23319c3f75eb425dbb29643bb6b4224d\">\n.avia-section.av-av_section-23319c3f75eb425dbb29643bb6b4224d{\nbackground-color:#f4ecd7;\nbackground-image:unset;\n}\n<\/style>\n<div id='av_section_1'  class='avia-section av-av_section-23319c3f75eb425dbb29643bb6b4224d main_color avia-section-default avia-shadow  avia-builder-el-1  el_after_av_layerslider  el_before_av_section  avia-bg-style-parallax av-minimum-height av-minimum-height-custom av-height-custom  container_wrap sidebar_left'   data-av_minimum_height_px='200'><div class='container av-section-cont-open' style='height:200px'><div class='template-page content  av-content-small units'><div class='post-entry post-entry-type-page post-entry-381'><div class='entry-content-wrapper clearfix'>\n\n<style type=\"text\/css\" data-created_by=\"avia_inline_auto\" id=\"style-css-av-av_heading-7a58a024b9eb74bd626c239d6776ec06\">\n#top .av-special-heading.av-av_heading-7a58a024b9eb74bd626c239d6776ec06{\npadding-bottom:0;\ncolor:#aba38e;\nfont-size:60px;\n}\nbody .av-special-heading.av-av_heading-7a58a024b9eb74bd626c239d6776ec06 .av-special-heading-tag .heading-char{\nfont-size:25px;\n}\n#top #wrap_all .av-special-heading.av-av_heading-7a58a024b9eb74bd626c239d6776ec06 .av-special-heading-tag{\nfont-size:60px;\n}\n.av-special-heading.av-av_heading-7a58a024b9eb74bd626c239d6776ec06 .special-heading-inner-border{\nborder-color:#aba38e;\n}\n.av-special-heading.av-av_heading-7a58a024b9eb74bd626c239d6776ec06 .av-subheading{\nfont-size:30px;\n}\n\n@media only screen and (min-width: 480px) and (max-width: 767px){ \n#top #wrap_all .av-special-heading.av-av_heading-7a58a024b9eb74bd626c239d6776ec06 .av-special-heading-tag{\nfont-size:0.8em;\n}\n}\n\n@media only screen and (max-width: 479px){ \n#top #wrap_all .av-special-heading.av-av_heading-7a58a024b9eb74bd626c239d6776ec06 .av-special-heading-tag{\nfont-size:0.8em;\n}\n}\n<\/style>\n<div  class='av-special-heading av-av_heading-7a58a024b9eb74bd626c239d6776ec06 av-special-heading-h1 custom-color-heading blockquote modern-quote modern-centered  avia-builder-el-2  avia-builder-el-no-sibling  av-inherit-size'><h1 class='av-special-heading-tag '  itemprop=\"headline\"  >Bienvenido a Juice&amp;World<\/h1><div class='av_custom_color av-subheading av-subheading_below'><p>Un mundo de sabor<\/p>\n<\/div><div class=\"special-heading-border\"><div class=\"special-heading-inner-border\"><\/div><\/div><\/div>\n\n<\/div><\/div><\/div><!-- close content main div --><\/div><\/div>\n<style type=\"text\/css\" data-created_by=\"avia_inline_auto\" id=\"style-css-av-av_section-2d027922fa223af8ed98f32fd5081625\">\n.avia-section.av-av_section-2d027922fa223af8ed98f32fd5081625 .av-parallax .av-parallax-inner{\nbackground-repeat:no-repeat;\nbackground-image:url(https:\/\/www.juiceandworld.com\/wp-content\/uploads\/2016\/05\/fondoclaro2.jpg);\nbackground-position:50% 0%;\nbackground-attachment:scroll;\n}\n<\/style>\n<div id='av_section_2'  class='avia-section av-av_section-2d027922fa223af8ed98f32fd5081625 main_color avia-section-large avia-no-border-styling  avia-builder-el-3  el_after_av_section  el_before_av_section  av-parallax-section avia-bg-style-parallax container_wrap sidebar_left'  data-section-bg-repeat='no-repeat'><div class='av-parallax' data-avia-parallax-ratio='0.3' ><div class='av-parallax-inner main_color avia-full-stretch'><\/div><\/div><div class='container av-section-cont-open' ><div class='template-page content  av-content-small units'><div class='post-entry post-entry-type-page post-entry-381'><div class='entry-content-wrapper clearfix'>\n\n<style type=\"text\/css\" data-created_by=\"avia_inline_auto\" id=\"style-css-av-av_one_half-9497bbf8bff73ea4c6992cc17fa9ec36\">\n.flex_column.av-av_one_half-9497bbf8bff73ea4c6992cc17fa9ec36{\nborder-radius:0px 0px 0px 0px;\npadding:0px 0px 0px 0px;\n}\n<\/style>\n<div  class='flex_column av-av_one_half-9497bbf8bff73ea4c6992cc17fa9ec36 av_one_half  avia-builder-el-4  el_before_av_one_half  avia-builder-el-first  first flex_column_div av-zero-column-padding  '     ><p>\n<style type=\"text\/css\" data-created_by=\"avia_inline_auto\" id=\"style-css-av-av_heading-8f54c04e79eec18e6acc8e48cd3d9a92\">\n#top .av-special-heading.av-av_heading-8f54c04e79eec18e6acc8e48cd3d9a92{\npadding-bottom:0;\n}\nbody .av-special-heading.av-av_heading-8f54c04e79eec18e6acc8e48cd3d9a92 .av-special-heading-tag .heading-char{\nfont-size:25px;\n}\n.av-special-heading.av-av_heading-8f54c04e79eec18e6acc8e48cd3d9a92 .av-subheading{\nfont-size:15px;\n}\n<\/style>\n<div  class='av-special-heading av-av_heading-8f54c04e79eec18e6acc8e48cd3d9a92 av-special-heading-h2 blockquote modern-quote  avia-builder-el-5  el_before_av_textblock  avia-builder-el-first  av-thin-font'><h2 class='av-special-heading-tag '  itemprop=\"headline\"  >Desde el a\u00f1o 2.001<strong>personalizando sabores<\/strong><\/h2><div class=\"special-heading-border\"><div class=\"special-heading-inner-border\"><\/div><\/div><\/div><br \/>\n<section  class='av_textblock_section av-av_textblock-0366cc7376be6c9e82a3e9cc8987b64f '   itemscope=\"itemscope\" itemtype=\"https:\/\/schema.org\/CreativeWork\" ><div class='avia_textblock'  itemprop=\"text\" ><p class=\"p1\"><strong>Juice&amp;World<\/strong> es una empresa que nace con el objetivo de dar respuesta a una necesidad del mercado: la producci\u00f3n y envasado de zumos naturales y saludables y bebidas con y sin alcohol.<\/p>\n<p class=\"p1\">Estudiando los gustos de los consumidores y bas\u00e1ndonos en nuestra amplia experiencia profesional en el mundo de la alimentaci\u00f3n desarrollamos una amplia gama de bebidas elaboradas a base de zumos\u00a0de frutas naturales.<\/p>\n<blockquote>\n<p>Elaboramos zumos y bebidas<br \/>\nrefrescantes naturales y saludables.<\/p>\n<\/blockquote>\n<\/div><\/section><\/p><\/div>\n<style type=\"text\/css\" data-created_by=\"avia_inline_auto\" id=\"style-css-av-av_one_half-9c1d454dc06f7247226bc4e8f931daae\">\n.flex_column.av-av_one_half-9c1d454dc06f7247226bc4e8f931daae{\nborder-radius:0px 0px 0px 0px;\npadding:0px 0px 0px 0px;\n}\n<\/style>\n<div  class='flex_column av-av_one_half-9c1d454dc06f7247226bc4e8f931daae av_one_half  avia-builder-el-7  el_after_av_one_half  avia-builder-el-last  flex_column_div av-zero-column-padding  '     ><style type=\"text\/css\" data-created_by=\"avia_inline_auto\" id=\"style-css-av-av_image-53b3719afd0758357201db5dada29234\">\n.avia-image-container.av-av_image-53b3719afd0758357201db5dada29234 img.avia_image{\nbox-shadow:none;\n}\n.avia-image-container.av-av_image-53b3719afd0758357201db5dada29234 .av-image-caption-overlay-center{\ncolor:#ffffff;\n}\n<\/style>\n<div  class='avia-image-container av-av_image-53b3719afd0758357201db5dada29234 av-styling- avia-align-center  avia-builder-el-8  avia-builder-el-no-sibling '   itemprop=\"image\" itemscope=\"itemscope\" itemtype=\"https:\/\/schema.org\/ImageObject\" ><div class=\"avia-image-container-inner\"><div class=\"avia-image-overlay-wrap\"><img fetchpriority=\"high\" class='wp-image-519 avia-img-lazy-loading-not-519 avia_image ' src='https:\/\/www.juiceandworld.com\/wp-content\/uploads\/2016\/05\/Logotipo.jpg' alt='' title='Logotipo'  height=\"427\" width=\"563\"  itemprop=\"thumbnailUrl\"  \/><\/div><\/div><\/div><\/div><\/div><\/div><\/div><!-- close content main div --><\/div><\/div>\n<style type=\"text\/css\" data-created_by=\"avia_inline_auto\" id=\"style-css-av-av_section-de85115a53eec9088c42be2c6d2f9953\">\n.avia-section.av-av_section-de85115a53eec9088c42be2c6d2f9953{\nbackground-color:#f4ecd7;\nbackground-image:unset;\n}\n<\/style>\n<div id='av_section_3'  class='avia-section av-av_section-de85115a53eec9088c42be2c6d2f9953 main_color avia-section-large avia-shadow  avia-builder-el-9  el_after_av_section  el_before_av_hr  avia-bg-style-scroll container_wrap sidebar_left'  ><div class='container av-section-cont-open' ><div class='template-page content  av-content-small units'><div class='post-entry post-entry-type-page post-entry-381'><div class='entry-content-wrapper clearfix'>\n\n<style type=\"text\/css\" data-created_by=\"avia_inline_auto\" id=\"style-css-av-av_one_fourth-9497bbf8bff73ea4c6992cc17fa9ec36\">\n.flex_column.av-av_one_fourth-9497bbf8bff73ea4c6992cc17fa9ec36{\nborder-radius:0px 0px 0px 0px;\npadding:0px 0px 0px 0px;\n}\n<\/style>\n<div  class='flex_column av-av_one_fourth-9497bbf8bff73ea4c6992cc17fa9ec36 av_one_fourth  avia-builder-el-10  el_before_av_one_fourth  avia-builder-el-first  first flex_column_div av-zero-column-padding  '     ><style type=\"text\/css\" data-created_by=\"avia_inline_auto\" id=\"style-css-av-av_icon_box-240475ef689783254e00924ab37bbcae\">\n.iconbox.av-av_icon_box-240475ef689783254e00924ab37bbcae .iconbox_icon{\nbackground-color:#d7c89f;\nborder:1px solid #d7c89f;\ncolor:#fffbf1;\n}\n.iconbox.av-av_icon_box-240475ef689783254e00924ab37bbcae .iconbox_icon.avia-svg-icon svg:first-child{\nfill:#fffbf1;\nstroke:#fffbf1;\n}\n<\/style>\n<article  class='iconbox iconbox_top av-av_icon_box-240475ef689783254e00924ab37bbcae av-no-box  avia-builder-el-11  avia-builder-el-no-sibling '  itemscope=\"itemscope\" itemtype=\"https:\/\/schema.org\/CreativeWork\" ><div class=\"iconbox_content\"><header class=\"entry-content-header\" aria-label=\"Icon: Calidad e Innovaci\u00f3n\"><div class='iconbox_icon heading-color avia-iconfont avia-font-fontello' data-av_icon='\ue801' data-av_iconfont='fontello'  ><\/div><h3 class='iconbox_content_title '  itemprop=\"headline\" >Calidad e Innovaci\u00f3n<\/h3><\/header><div class='iconbox_content_container '  itemprop=\"text\" ><p>Nuestros productos son elaborados con los mejores materiales y tecnolog\u00edas del mercado para cumplir con la calidad e innovaci\u00f3n requerida, teniendo en cuenta los m\u00e1s estrictos est\u00e1ndares de calidad.<\/p>\n<\/div><\/div><footer class=\"entry-footer\"><\/footer><\/article><\/div>\n<style type=\"text\/css\" data-created_by=\"avia_inline_auto\" id=\"style-css-av-av_one_fourth-9c1d454dc06f7247226bc4e8f931daae\">\n.flex_column.av-av_one_fourth-9c1d454dc06f7247226bc4e8f931daae{\nborder-radius:0px 0px 0px 0px;\npadding:0px 0px 0px 0px;\n}\n<\/style>\n<div  class='flex_column av-av_one_fourth-9c1d454dc06f7247226bc4e8f931daae av_one_fourth  avia-builder-el-12  el_after_av_one_fourth  el_before_av_one_fourth  flex_column_div av-zero-column-padding  '     ><style type=\"text\/css\" data-created_by=\"avia_inline_auto\" id=\"style-css-av-av_icon_box-4ab20f2b481e47990ff453fcc1da24d3\">\n.iconbox.av-av_icon_box-4ab20f2b481e47990ff453fcc1da24d3 .iconbox_icon{\nbackground-color:#d7c89f;\nborder:1px solid #d7c89f;\ncolor:#fffbf1;\n}\n.iconbox.av-av_icon_box-4ab20f2b481e47990ff453fcc1da24d3 .iconbox_icon.avia-svg-icon svg:first-child{\nfill:#fffbf1;\nstroke:#fffbf1;\n}\n<\/style>\n<article  class='iconbox iconbox_top av-av_icon_box-4ab20f2b481e47990ff453fcc1da24d3 av-no-box  avia-builder-el-13  avia-builder-el-no-sibling '  itemscope=\"itemscope\" itemtype=\"https:\/\/schema.org\/CreativeWork\" ><div class=\"iconbox_content\"><header class=\"entry-content-header\" aria-label=\"Icon: Flexibilidad\"><div class='iconbox_icon heading-color avia-iconfont avia-font-fontello' data-av_icon='\ue80c' data-av_iconfont='fontello'  ><\/div><h3 class='iconbox_content_title '  itemprop=\"headline\" >Flexibilidad<\/h3><\/header><div class='iconbox_content_container '  itemprop=\"text\" ><p>Estudiamos las necesidades de nuestros clientes con el prop\u00f3sito de satisfacerlas, adapt\u00e1ndonos a su marca y mercado y creando nuevas f\u00f3rmulas de producto para cubrir la demanda actual.<\/p>\n<\/div><\/div><footer class=\"entry-footer\"><\/footer><\/article><\/div>\n<style type=\"text\/css\" data-created_by=\"avia_inline_auto\" id=\"style-css-av-av_one_fourth-de02ff6c6bb29fc4ff1e98b6fcee57c3\">\n.flex_column.av-av_one_fourth-de02ff6c6bb29fc4ff1e98b6fcee57c3{\nborder-radius:0px 0px 0px 0px;\npadding:0px 0px 0px 0px;\n}\n<\/style>\n<div  class='flex_column av-av_one_fourth-de02ff6c6bb29fc4ff1e98b6fcee57c3 av_one_fourth  avia-builder-el-14  el_after_av_one_fourth  el_before_av_one_fourth  flex_column_div av-zero-column-padding  '     ><style type=\"text\/css\" data-created_by=\"avia_inline_auto\" id=\"style-css-av-av_icon_box-9e8d8b009f4455e4bc51fe2415a867f8\">\n.iconbox.av-av_icon_box-9e8d8b009f4455e4bc51fe2415a867f8 .iconbox_icon{\nbackground-color:#d7c89f;\nborder:1px solid #d7c89f;\ncolor:#fffbf1;\n}\n.iconbox.av-av_icon_box-9e8d8b009f4455e4bc51fe2415a867f8 .iconbox_icon.avia-svg-icon svg:first-child{\nfill:#fffbf1;\nstroke:#fffbf1;\n}\n<\/style>\n<article  class='iconbox iconbox_top av-av_icon_box-9e8d8b009f4455e4bc51fe2415a867f8 av-no-box  avia-builder-el-15  avia-builder-el-no-sibling '  itemscope=\"itemscope\" itemtype=\"https:\/\/schema.org\/CreativeWork\" ><div class=\"iconbox_content\"><header class=\"entry-content-header\" aria-label=\"Icon: Gran capacidad de respuesta\"><div class='iconbox_icon heading-color avia-iconfont avia-font-fontello' data-av_icon='\ue804' data-av_iconfont='fontello'  ><\/div><h3 class='iconbox_content_title '  itemprop=\"headline\" >Gran capacidad de respuesta<\/h3><\/header><div class='iconbox_content_container '  itemprop=\"text\" ><p>Respondemos con rapidez a los pedidos con la posibilidad de controlar todo el proceso, desde el dise\u00f1o y elaboraci\u00f3n de producto hasta envasado y log\u00edstica, gracias al trabajo conjunto de nuestro equipo.<\/p>\n<\/div><\/div><footer class=\"entry-footer\"><\/footer><\/article><\/div>\n<style type=\"text\/css\" data-created_by=\"avia_inline_auto\" id=\"style-css-av-av_one_fourth-9c1d454dc06f7247226bc4e8f931daae\">\n.flex_column.av-av_one_fourth-9c1d454dc06f7247226bc4e8f931daae{\nborder-radius:0px 0px 0px 0px;\npadding:0px 0px 0px 0px;\n}\n<\/style>\n<div  class='flex_column av-av_one_fourth-9c1d454dc06f7247226bc4e8f931daae av_one_fourth  avia-builder-el-16  el_after_av_one_fourth  avia-builder-el-last  flex_column_div av-zero-column-padding  '     ><style type=\"text\/css\" data-created_by=\"avia_inline_auto\" id=\"style-css-av-av_icon_box-cdbe4a1fc6200faecc5c2e7d0a178149\">\n.iconbox.av-av_icon_box-cdbe4a1fc6200faecc5c2e7d0a178149 .iconbox_icon{\nbackground-color:#d7c89f;\nborder:1px solid #d7c89f;\ncolor:#fffbf1;\n}\n.iconbox.av-av_icon_box-cdbe4a1fc6200faecc5c2e7d0a178149 .iconbox_icon.avia-svg-icon svg:first-child{\nfill:#fffbf1;\nstroke:#fffbf1;\n}\n<\/style>\n<article  class='iconbox iconbox_top av-av_icon_box-cdbe4a1fc6200faecc5c2e7d0a178149 av-no-box  avia-builder-el-17  avia-builder-el-no-sibling '  itemscope=\"itemscope\" itemtype=\"https:\/\/schema.org\/CreativeWork\" ><div class=\"iconbox_content\"><header class=\"entry-content-header\" aria-label=\"Icon: Compromiso\"><div class='iconbox_icon heading-color avia-iconfont avia-font-fontello' data-av_icon='\ue802' data-av_iconfont='fontello'  ><\/div><h3 class='iconbox_content_title '  itemprop=\"headline\" >Compromiso<\/h3><\/header><div class='iconbox_content_container '  itemprop=\"text\" ><p>Nos comprometemos con el medio ambiente y la salud.\u00a0Nuestras bebidas est\u00e1n envasadas en vidrio reciclable y las elaboramos siguiendo est\u00e1ndares que respetan y contribuyen al bienestar de nuestro entorno y nuestra salud.<\/p>\n<\/div><\/div><footer class=\"entry-footer\"><\/footer><\/article><\/div><\/div><\/div><\/div><!-- close content main div --><\/div><\/div><div id='after_section_3'  class='main_color av_default_container_wrap container_wrap sidebar_left'  ><div class='container av-section-cont-open' ><div class='template-page content  av-content-small units'><div class='post-entry post-entry-type-page post-entry-381'><div class='entry-content-wrapper clearfix'>\n<style type=\"text\/css\" data-created_by=\"avia_inline_auto\" id=\"style-css-av-av_hr-a6de236e6c183bbbd700292deacd2b52\">\n#top .hr.hr-invisible.av-av_hr-a6de236e6c183bbbd700292deacd2b52{\nheight:20px;\n}\n<\/style>\n<div  class='hr av-av_hr-a6de236e6c183bbbd700292deacd2b52 hr-invisible  avia-builder-el-18  el_after_av_section  el_before_av_section  avia-builder-el-no-sibling '><span class='hr-inner '><span class=\"hr-inner-style\"><\/span><\/span><\/div><\/p>\n<\/div><\/div><\/div><!-- close content main div --><\/div><\/div>\n<style type=\"text\/css\" data-created_by=\"avia_inline_auto\" id=\"style-css-av-av_section-70f5e4fb72ff6b3226ed0fc7d60279a6\">\n.avia-section.av-av_section-70f5e4fb72ff6b3226ed0fc7d60279a6 .av-parallax .av-parallax-inner{\nbackground-repeat:no-repeat;\nbackground-image:url(https:\/\/www.juiceandworld.com\/wp-content\/uploads\/2016\/05\/Mapa-3.jpg);\nbackground-position:50% 0%;\nbackground-attachment:scroll;\n}\n<\/style>\n<div id='av_section_4'  class='avia-section av-av_section-70f5e4fb72ff6b3226ed0fc7d60279a6 main_color avia-section-large avia-shadow  avia-builder-el-19  el_after_av_hr  el_before_av_hr  avia-full-stretch av-parallax-section avia-bg-style-parallax container_wrap sidebar_left'  data-section-bg-repeat='stretch'><div class='av-parallax' data-avia-parallax-ratio='0.3' ><div class='av-parallax-inner main_color avia-full-stretch'><\/div><\/div><div class='container av-section-cont-open' ><div class='template-page content  av-content-small units'><div class='post-entry post-entry-type-page post-entry-381'><div class='entry-content-wrapper clearfix'>\n\n<style type=\"text\/css\" data-created_by=\"avia_inline_auto\" id=\"style-css-av-av_hr-00444a7bb7bb7268297681ed877f508d\">\n#top .hr.hr-invisible.av-av_hr-00444a7bb7bb7268297681ed877f508d{\nheight:150px;\n}\n<\/style>\n<div  class='hr av-av_hr-00444a7bb7bb7268297681ed877f508d hr-invisible  avia-builder-el-20  el_before_av_one_fifth  avia-builder-el-first '><span class='hr-inner '><span class=\"hr-inner-style\"><\/span><\/span><\/div>\n\n<style type=\"text\/css\" data-created_by=\"avia_inline_auto\" id=\"style-css-av-av_one_fifth-9497bbf8bff73ea4c6992cc17fa9ec36\">\n.flex_column.av-av_one_fifth-9497bbf8bff73ea4c6992cc17fa9ec36{\nborder-radius:0px 0px 0px 0px;\npadding:0px 0px 0px 0px;\n}\n<\/style>\n<div  class='flex_column av-av_one_fifth-9497bbf8bff73ea4c6992cc17fa9ec36 av_one_fifth  avia-builder-el-21  el_after_av_hr  el_before_av_three_fifth  first flex_column_div av-zero-column-padding  '     ><\/div>\n<style type=\"text\/css\" data-created_by=\"avia_inline_auto\" id=\"style-css-av-av_three_fifth-9c1d454dc06f7247226bc4e8f931daae\">\n.flex_column.av-av_three_fifth-9c1d454dc06f7247226bc4e8f931daae{\nborder-radius:0px 0px 0px 0px;\npadding:0px 0px 0px 0px;\n}\n<\/style>\n<div  class='flex_column av-av_three_fifth-9c1d454dc06f7247226bc4e8f931daae av_three_fifth  avia-builder-el-22  el_after_av_one_fifth  el_before_av_one_fifth  flex_column_div av-zero-column-padding  '     ><style type=\"text\/css\" data-created_by=\"avia_inline_auto\" id=\"style-css-av-av_heading-a53c74bf5ad04b5576dc7d25d9157aed\">\n#top .av-special-heading.av-av_heading-a53c74bf5ad04b5576dc7d25d9157aed{\npadding-bottom:0;\ncolor:#ffffff;\nfont-size:60px;\n}\nbody .av-special-heading.av-av_heading-a53c74bf5ad04b5576dc7d25d9157aed .av-special-heading-tag .heading-char{\nfont-size:25px;\n}\n#top #wrap_all .av-special-heading.av-av_heading-a53c74bf5ad04b5576dc7d25d9157aed .av-special-heading-tag{\nfont-size:60px;\n}\n.av-special-heading.av-av_heading-a53c74bf5ad04b5576dc7d25d9157aed .special-heading-inner-border{\nborder-color:#ffffff;\n}\n.av-special-heading.av-av_heading-a53c74bf5ad04b5576dc7d25d9157aed .av-subheading{\nfont-size:20px;\n}\n\n@media only screen and (min-width: 480px) and (max-width: 767px){ \n#top #wrap_all .av-special-heading.av-av_heading-a53c74bf5ad04b5576dc7d25d9157aed .av-special-heading-tag{\nfont-size:0.8em;\n}\n}\n\n@media only screen and (max-width: 479px){ \n#top #wrap_all .av-special-heading.av-av_heading-a53c74bf5ad04b5576dc7d25d9157aed .av-special-heading-tag{\nfont-size:0.8em;\n}\n}\n<\/style>\n<div  class='av-special-heading av-av_heading-a53c74bf5ad04b5576dc7d25d9157aed av-special-heading-h1 custom-color-heading blockquote modern-quote modern-centered  avia-builder-el-23  avia-builder-el-no-sibling  av-thin-font av-inherit-size'><h1 class='av-special-heading-tag '  itemprop=\"headline\"  ><strong>Juice&amp;World <\/strong>en el mundo<\/h1><div class='av_custom_color av-subheading av-subheading_below'><p>Actualmente nuestras bebidas se pueden encontrar en m\u00e1s de 30 pa\u00edses de los cinco continentes. El conocimiento de las tendencias de los distintos mercados internacionales se apoya en una estrecha relaci\u00f3n con el cliente, lo que nos permite dar servicio en todo el planeta garantizando la m\u00e1xima satisfacci\u00f3n del consumidor.<\/p>\n<\/div><div class=\"special-heading-border\"><div class=\"special-heading-inner-border\"><\/div><\/div><\/div><\/div>\n<style type=\"text\/css\" data-created_by=\"avia_inline_auto\" id=\"style-css-av-av_one_fifth-9c1d454dc06f7247226bc4e8f931daae\">\n.flex_column.av-av_one_fifth-9c1d454dc06f7247226bc4e8f931daae{\nborder-radius:0px 0px 0px 0px;\npadding:0px 0px 0px 0px;\n}\n<\/style>\n<div  class='flex_column av-av_one_fifth-9c1d454dc06f7247226bc4e8f931daae av_one_fifth  avia-builder-el-24  el_after_av_three_fifth  el_before_av_hr  flex_column_div av-zero-column-padding  '     ><\/div>\n<style type=\"text\/css\" data-created_by=\"avia_inline_auto\" id=\"style-css-av-av_hr-00444a7bb7bb7268297681ed877f508d\">\n#top .hr.hr-invisible.av-av_hr-00444a7bb7bb7268297681ed877f508d{\nheight:150px;\n}\n<\/style>\n<div  class='hr av-av_hr-00444a7bb7bb7268297681ed877f508d hr-invisible  avia-builder-el-25  el_after_av_one_fifth  avia-builder-el-last '><span class='hr-inner '><span class=\"hr-inner-style\"><\/span><\/span><\/div>\n<\/div><\/div><\/div><!-- close content main div --><\/div><\/div><div id='after_section_4'  class='main_color av_default_container_wrap container_wrap sidebar_left'  ><div class='container av-section-cont-open' ><div class='template-page content  av-content-small units'><div class='post-entry post-entry-type-page post-entry-381'><div class='entry-content-wrapper clearfix'>\n\n<style type=\"text\/css\" data-created_by=\"avia_inline_auto\" id=\"style-css-av-av_hr-a6de236e6c183bbbd700292deacd2b52\">\n#top .hr.hr-invisible.av-av_hr-a6de236e6c183bbbd700292deacd2b52{\nheight:20px;\n}\n<\/style>\n<div  class='hr av-av_hr-a6de236e6c183bbbd700292deacd2b52 hr-invisible  avia-builder-el-26  el_after_av_section  avia-builder-el-no-sibling '><span class='hr-inner '><span class=\"hr-inner-style\"><\/span><\/span><\/div>\n","protected":false},"excerpt":{"rendered":"","protected":false},"author":1,"featured_media":0,"parent":0,"menu_order":0,"comment_status":"open","ping_status":"open","template":"","meta":{"footnotes":""},"class_list":["post-381","page","type-page","status-publish","hentry"],"_links":{"self":[{"href":"https:\/\/www.juiceandworld.com\/es\/wp-json\/wp\/v2\/pages\/381","targetHints":{"allow":["GET"]}}],"collection":[{"href":"https:\/\/www.juiceandworld.com\/es\/wp-json\/wp\/v2\/pages"}],"about":[{"href":"https:\/\/www.juiceandworld.com\/es\/wp-json\/wp\/v2\/types\/page"}],"author":[{"embeddable":true,"href":"https:\/\/www.juiceandworld.com\/es\/wp-json\/wp\/v2\/users\/1"}],"replies":[{"embeddable":true,"href":"https:\/\/www.juiceandworld.com\/es\/wp-json\/wp\/v2\/comments?post=381"}],"version-history":[{"count":104,"href":"https:\/\/www.juiceandworld.com\/es\/wp-json\/wp\/v2\/pages\/381\/revisions"}],"predecessor-version":[{"id":2746,"href":"https:\/\/www.juiceandworld.com\/es\/wp-json\/wp\/v2\/pages\/381\/revisions\/2746"}],"wp:attachment":[{"href":"https:\/\/www.juiceandworld.com\/es\/wp-json\/wp\/v2\/media?parent=381"}],"curies":[{"name":"wp","href":"https:\/\/api.w.org\/{rel}","templated":true}]}}