{"id":1884,"date":"2019-09-24T12:52:28","date_gmt":"2019-09-24T12:52:28","guid":{"rendered":"http:\/\/www.juiceandworld.com\/home-2019\/"},"modified":"2020-01-02T13:13:24","modified_gmt":"2020-01-02T13:13:24","slug":"home-2019","status":"publish","type":"page","link":"https:\/\/www.juiceandworld.com\/fr\/","title":{"rendered":"HOME"},"content":{"rendered":"\n<style type=\"text\/css\" data-created_by=\"avia_inline_auto\" id=\"style-css-av-zt9khw-14832f9f4edd030d20bfc33900d6aa59\">\n#top .flex_column.av-zt9khw-14832f9f4edd030d20bfc33900d6aa59{\nmargin-top:0px;\nmargin-bottom:0px;\n}\n.flex_column.av-zt9khw-14832f9f4edd030d20bfc33900d6aa59{\nborder-radius:0px 0px 0px 0px;\npadding:0px 0px 0px 0px;\n}\n.responsive #top #wrap_all .flex_column.av-zt9khw-14832f9f4edd030d20bfc33900d6aa59{\nmargin-top:0px;\nmargin-bottom:0px;\n}\n<\/style>\n<div  class='flex_column av-zt9khw-14832f9f4edd030d20bfc33900d6aa59 av_one_full  avia-builder-el-0  el_before_av_layout_row  avia-builder-el-no-sibling  first no_margin flex_column_div av-zero-column-padding  '     ><\/div>\n<\/div><\/div><\/div><!-- close content main div --><\/div><\/div><div id='home-intro'  class='av-layout-grid-container av-w303v8-d495191491853b2f024af865d6e0c109 entry-content-wrapper main_color av-flex-cells  avia-builder-el-2  el_after_av_one_full  el_before_av_layout_row  grid-row-not-first  container_wrap sidebar_right'  >\n\n<style type=\"text\/css\" data-created_by=\"avia_inline_auto\" id=\"style-css-av-uubqms-f5fce1ea65fed9fb43255fa2ef12dc87\">\n.flex_cell.av-uubqms-f5fce1ea65fed9fb43255fa2ef12dc87{\nvertical-align:top;\n}\n.responsive #top #wrap_all .flex_cell.av-uubqms-f5fce1ea65fed9fb43255fa2ef12dc87{\npadding:30px 30px 30px 30px !important;\n}\n<\/style>\n<div class='flex_cell av-uubqms-f5fce1ea65fed9fb43255fa2ef12dc87 av-gridrow-cell av_one_third no_margin  avia-builder-el-3  el_before_av_cell_one_third  avia-builder-el-first  content-align-top'  ><div class='flex_cell_inner'>\n<style type=\"text\/css\" data-created_by=\"avia_inline_auto\" id=\"style-css-av-sd507o-caa771358e1bbeb77927e3a6f645ac57\">\n.flex_column.av-sd507o-caa771358e1bbeb77927e3a6f645ac57{\nborder-radius:0px 0px 0px 0px;\npadding:0px 40px 0px 40px;\n}\n<\/style>\n<div  class='flex_column av-sd507o-caa771358e1bbeb77927e3a6f645ac57 av_one_full  avia-builder-el-4  avia-builder-el-no-sibling  first flex_column_div  '     ><p>\n<style type=\"text\/css\" data-created_by=\"avia_inline_auto\" id=\"style-css-av-qy0as4-8fb59789702f51e7895dd6ba5f045d3c\">\n.avia-image-container.av-qy0as4-8fb59789702f51e7895dd6ba5f045d3c img.avia_image{\nbox-shadow:none;\n}\n.avia-image-container.av-qy0as4-8fb59789702f51e7895dd6ba5f045d3c .av-image-caption-overlay-center{\ncolor:#ffffff;\n}\n<\/style>\n<div  class='avia-image-container av-qy0as4-8fb59789702f51e7895dd6ba5f045d3c av-styling- avia-align-center  avia-builder-el-5  el_before_av_textblock  avia-builder-el-first '   itemprop=\"image\" itemscope=\"itemscope\" itemtype=\"https:\/\/schema.org\/ImageObject\" ><div class=\"avia-image-container-inner\"><div class=\"avia-image-overlay-wrap\"><img fetchpriority=\"high\" class='wp-image-1341 avia-img-lazy-loading-not-1341 avia_image ' src='https:\/\/www.juiceandworld.com\/wp-content\/uploads\/2019\/09\/home-flavour.png' alt='' title='home-flavour'  height=\"150\" width=\"150\"  itemprop=\"thumbnailUrl\"  \/><\/div><\/div><\/div><br \/>\n<section  class='av_textblock_section av-2khajo-a746be5489b20c7626536ac0a95024c3 '   itemscope=\"itemscope\" itemtype=\"https:\/\/schema.org\/CreativeWork\" ><div class='avia_textblock'  itemprop=\"text\" ><h2><a href=\"http:\/\/www.juiceandworld.com\/customization-2\/\">N\u2019importe quelle saveur que vous voulez<\/a><\/h2>\n<p>Nous fabriquons toutes sortes de boissons que nos clients et leurs consommateurs peuvent imaginer devenir r\u00e9alit\u00e9.<\/p>\n<p>Notre \u00e9quipe de recherche et d\u00e9veloppement \u00e9labore chaque nouvelle recette en fonction des go\u00fbts des clients et offre des saveurs uniques dans des bouteilles en verre aux motifs personnalis\u00e9s.<\/p>\n<\/div><\/section><\/p><\/div>\n<\/div><\/div>\n<style type=\"text\/css\" data-created_by=\"avia_inline_auto\" id=\"style-css-av-o5t9dw-526bb414a89fd098ab0bd2d0cdb1c8ae\">\n.flex_cell.av-o5t9dw-526bb414a89fd098ab0bd2d0cdb1c8ae{\nvertical-align:top;\n}\n.responsive #top #wrap_all .flex_cell.av-o5t9dw-526bb414a89fd098ab0bd2d0cdb1c8ae{\npadding:30px 30px 30px 30px !important;\n}\n<\/style>\n<div class='flex_cell av-o5t9dw-526bb414a89fd098ab0bd2d0cdb1c8ae av-gridrow-cell av_one_third no_margin  avia-builder-el-7  el_after_av_cell_one_third  el_before_av_cell_one_third  content-align-top'  ><div class='flex_cell_inner'>\n<style type=\"text\/css\" data-created_by=\"avia_inline_auto\" id=\"style-css-av-n0ypkk-b2ff7f0302ed890467761dba0fc8c647\">\n.flex_column.av-n0ypkk-b2ff7f0302ed890467761dba0fc8c647{\nborder-radius:0px 0px 0px 0px;\npadding:0px 40px 0px 40px;\n}\n<\/style>\n<div  class='flex_column av-n0ypkk-b2ff7f0302ed890467761dba0fc8c647 av_one_full  avia-builder-el-8  avia-builder-el-no-sibling  first flex_column_div  '     ><p>\n<style type=\"text\/css\" data-created_by=\"avia_inline_auto\" id=\"style-css-av-k3gww4-8f79e88999cd86b1bc5efd919004e399\">\n.avia-image-container.av-k3gww4-8f79e88999cd86b1bc5efd919004e399 img.avia_image{\nbox-shadow:none;\n}\n.avia-image-container.av-k3gww4-8f79e88999cd86b1bc5efd919004e399 .av-image-caption-overlay-center{\ncolor:#ffffff;\n}\n<\/style>\n<div  class='avia-image-container av-k3gww4-8f79e88999cd86b1bc5efd919004e399 av-styling- avia-align-center  avia-builder-el-9  el_before_av_textblock  avia-builder-el-first '   itemprop=\"image\" itemscope=\"itemscope\" itemtype=\"https:\/\/schema.org\/ImageObject\" ><div class=\"avia-image-container-inner\"><div class=\"avia-image-overlay-wrap\"><img fetchpriority=\"high\" class='wp-image-1344 avia-img-lazy-loading-not-1344 avia_image ' src='https:\/\/www.juiceandworld.com\/wp-content\/uploads\/2019\/09\/home-nature.png' alt='' title='home-nature'  height=\"150\" width=\"150\"  itemprop=\"thumbnailUrl\"  \/><\/div><\/div><\/div><br \/>\n<section  class='av_textblock_section av-j84vbo-8bdc26a2e2291b67bc4c7b23ea083d1a '   itemscope=\"itemscope\" itemtype=\"https:\/\/schema.org\/CreativeWork\" ><div class='avia_textblock'  itemprop=\"text\" ><h2><a href=\"http:\/\/www.juiceandworld.com\/by-nature\/\">Engag\u00e9s pour la nature<\/a><\/h2>\n<p>La nature nous offre toute une gamme de saveurs naturelles qui sont la base de nos jus de fruits et boissons non alcoolis\u00e9es.<\/p>\n<p>Nous sommes une entreprise \u00ab Plastic free\u00bb qui prend soin de la nature, la respecte, lui donne un style de vie naturel et une consommation saine et durable.<\/p>\n<\/div><\/section><\/p><\/div>\n<\/div><\/div>\n<style type=\"text\/css\" data-created_by=\"avia_inline_auto\" id=\"style-css-av-hfemfo-b5df4a68331d63a8a3e58f49768bea45\">\n.flex_cell.av-hfemfo-b5df4a68331d63a8a3e58f49768bea45{\nvertical-align:top;\n}\n.responsive #top #wrap_all .flex_cell.av-hfemfo-b5df4a68331d63a8a3e58f49768bea45{\npadding:30px 30px 30px 30px !important;\n}\n<\/style>\n<div class='flex_cell av-hfemfo-b5df4a68331d63a8a3e58f49768bea45 av-gridrow-cell av_one_third no_margin  avia-builder-el-11  el_after_av_cell_one_third  avia-builder-el-last  content-align-top'  ><div class='flex_cell_inner'>\n<style type=\"text\/css\" data-created_by=\"avia_inline_auto\" id=\"style-css-av-g9whus-2ae8d5db2e5b7ae4e3edba517daa5593\">\n.flex_column.av-g9whus-2ae8d5db2e5b7ae4e3edba517daa5593{\nborder-radius:0px 0px 0px 0px;\npadding:0px 40px 0px 40px;\n}\n<\/style>\n<div  class='flex_column av-g9whus-2ae8d5db2e5b7ae4e3edba517daa5593 av_one_full  avia-builder-el-12  avia-builder-el-no-sibling  first flex_column_div  '     ><p>\n<style type=\"text\/css\" data-created_by=\"avia_inline_auto\" id=\"style-css-av-esc4k4-e855b3c9b26a725e001600368ca1f9fc\">\n.avia-image-container.av-esc4k4-e855b3c9b26a725e001600368ca1f9fc img.avia_image{\nbox-shadow:none;\n}\n.avia-image-container.av-esc4k4-e855b3c9b26a725e001600368ca1f9fc .av-image-caption-overlay-center{\ncolor:#ffffff;\n}\n<\/style>\n<div  class='avia-image-container av-esc4k4-e855b3c9b26a725e001600368ca1f9fc av-styling- avia-align-center  avia-builder-el-13  el_before_av_textblock  avia-builder-el-first '   itemprop=\"image\" itemscope=\"itemscope\" itemtype=\"https:\/\/schema.org\/ImageObject\" ><div class=\"avia-image-container-inner\"><div class=\"avia-image-overlay-wrap\"><img fetchpriority=\"high\" class='wp-image-1347 avia-img-lazy-loading-not-1347 avia_image ' src='https:\/\/www.juiceandworld.com\/wp-content\/uploads\/2019\/09\/home-quality.png' alt='' title='home-quality'  height=\"150\" width=\"150\"  itemprop=\"thumbnailUrl\"  \/><\/div><\/div><\/div><br \/>\n<section  class='av_textblock_section av-c02ikk-6087d004c7b6b9d03f91860639cc9cd0 '   itemscope=\"itemscope\" itemtype=\"https:\/\/schema.org\/CreativeWork\" ><div class='avia_textblock'  itemprop=\"text\" ><h2><a href=\"http:\/\/www.juiceandworld.com\/highqualityguaranteed\/\">HAUTE QUALIT\u00c9 GARANTIE<\/a><\/h2>\n<p>Nous appliquons les exigences et la rigueur les plus strictes dans les processus de production dans le but de garantir la plus haute qualit\u00e9 et la s\u00e9curit\u00e9 alimentaire, ce qui a \u00e9t\u00e9 approuv\u00e9 par les organismes de certification nationaux et internationaux les plus exigeants.<\/p>\n<\/div><\/section><\/p><\/div>\n<\/div><\/div><\/div><div id='some-choices'  class='av-layout-grid-container av-13xcz8-b93f3101fe940d3cc979b9435e928071 entry-content-wrapper main_color av-flex-cells  avia-builder-el-15  el_after_av_layout_row  el_before_av_layout_row  grid-row-not-first  container_wrap sidebar_right'  >\n\n<style type=\"text\/css\" data-created_by=\"avia_inline_auto\" id=\"style-css-av-8uj5ic-5ed8a5f799c4612a422c180102255002\">\n.flex_cell.av-8uj5ic-5ed8a5f799c4612a422c180102255002{\nvertical-align:top;\n}\n.responsive #top #wrap_all .flex_cell.av-8uj5ic-5ed8a5f799c4612a422c180102255002{\npadding:30px 30px 30px 30px !important;\n}\n<\/style>\n<div class='flex_cell av-8uj5ic-5ed8a5f799c4612a422c180102255002 av-gridrow-cell av_one_full no_margin  avia-builder-el-16  avia-builder-el-no-sibling  content-align-top'  ><div class='flex_cell_inner'><section  class='av_textblock_section av-7jfrk4-5d5e9d1dcb5ab60d042fe6fe686551a0 '   itemscope=\"itemscope\" itemtype=\"https:\/\/schema.org\/CreativeWork\" ><div class='avia_textblock'  itemprop=\"text\" ><h3>QUELQUES OPTIONS<\/h3>\n<\/div><\/section>\n<\/div><\/div><\/div><div id='home-productos'  class='av-layout-grid-container av-616bhg-17ede79d98362a5a00f45f968094609c entry-content-wrapper main_color av-fixed-cells  avia-builder-el-18  el_after_av_layout_row  avia-builder-el-last  grid-row-not-first  container_wrap sidebar_right'  >\n\n<style type=\"text\/css\" data-created_by=\"avia_inline_auto\" id=\"style-css-av-4wiml0-f484300bfbc7d663c776e571e7a951f1\">\n.flex_cell.av-4wiml0-f484300bfbc7d663c776e571e7a951f1{\nvertical-align:top;\n}\n.responsive #top #wrap_all .flex_cell.av-4wiml0-f484300bfbc7d663c776e571e7a951f1{\npadding:30px 30px 30px 30px !important;\n}\n<\/style>\n<div class='flex_cell av-4wiml0-f484300bfbc7d663c776e571e7a951f1 av-gridrow-cell av_one_full no_margin  avia-builder-el-19  avia-builder-el-no-sibling  content-align-top'  ><div class='flex_cell_inner'>\n<\/div><\/div>\n<\/div><\/p>\n","protected":false},"excerpt":{"rendered":"","protected":false},"author":1,"featured_media":0,"parent":0,"menu_order":0,"comment_status":"closed","ping_status":"closed","template":"","meta":{"footnotes":""},"class_list":["post-1884","page","type-page","status-publish","hentry"],"_links":{"self":[{"href":"https:\/\/www.juiceandworld.com\/fr\/wp-json\/wp\/v2\/pages\/1884","targetHints":{"allow":["GET"]}}],"collection":[{"href":"https:\/\/www.juiceandworld.com\/fr\/wp-json\/wp\/v2\/pages"}],"about":[{"href":"https:\/\/www.juiceandworld.com\/fr\/wp-json\/wp\/v2\/types\/page"}],"author":[{"embeddable":true,"href":"https:\/\/www.juiceandworld.com\/fr\/wp-json\/wp\/v2\/users\/1"}],"replies":[{"embeddable":true,"href":"https:\/\/www.juiceandworld.com\/fr\/wp-json\/wp\/v2\/comments?post=1884"}],"version-history":[{"count":24,"href":"https:\/\/www.juiceandworld.com\/fr\/wp-json\/wp\/v2\/pages\/1884\/revisions"}],"predecessor-version":[{"id":2236,"href":"https:\/\/www.juiceandworld.com\/fr\/wp-json\/wp\/v2\/pages\/1884\/revisions\/2236"}],"wp:attachment":[{"href":"https:\/\/www.juiceandworld.com\/fr\/wp-json\/wp\/v2\/media?parent=1884"}],"curies":[{"name":"wp","href":"https:\/\/api.w.org\/{rel}","templated":true}]}}