{"id":2194,"date":"2019-09-25T10:19:02","date_gmt":"2019-09-25T10:19:02","guid":{"rendered":"http:\/\/www.juiceandworld.com\/facilities\/"},"modified":"2020-01-02T12:44:38","modified_gmt":"2020-01-02T12:44:38","slug":"installations","status":"publish","type":"page","link":"https:\/\/www.juiceandworld.com\/fr\/installations\/","title":{"rendered":"Installations"},"content":{"rendered":"<div id='cabecera'  class='avia-section av-3gkkd4-49fb0477153da218573a44923b7d86f7 main_color avia-section-default avia-no-shadow  avia-builder-el-0  el_before_av_one_half  avia-builder-el-first  avia-bg-style-scroll av-minimum-height av-minimum-height-custom av-height-custom  container_wrap sidebar_right'   data-av_minimum_height_px='200'><div class='container av-section-cont-open' style='height:200px'><main  role=\"main\" itemprop=\"mainContentOfPage\"  class='template-page content  av-content-small alpha units'><div class='post-entry post-entry-type-page post-entry-2194'><div class='entry-content-wrapper clearfix'>\n\n<style type=\"text\/css\" data-created_by=\"avia_inline_auto\" id=\"style-css-av-k4wpt4w5-7dd26de3f286d5a155d1f2f23b8633ac\">\n#top .av-special-heading.av-k4wpt4w5-7dd26de3f286d5a155d1f2f23b8633ac{\npadding-bottom:0;\n}\nbody .av-special-heading.av-k4wpt4w5-7dd26de3f286d5a155d1f2f23b8633ac .av-special-heading-tag .heading-char{\nfont-size:25px;\n}\n.av-special-heading.av-k4wpt4w5-7dd26de3f286d5a155d1f2f23b8633ac .av-subheading{\nfont-size:15px;\n}\n<\/style>\n<div  class='av-special-heading av-k4wpt4w5-7dd26de3f286d5a155d1f2f23b8633ac av-special-heading-h1 custom-color-heading blockquote modern-quote  avia-builder-el-1  avia-builder-el-no-sibling '><h1 class='av-special-heading-tag '  itemprop=\"headline\"  >Installations<\/h1><div class=\"special-heading-border\"><div class=\"special-heading-inner-border\"><\/div><\/div><\/div>\n<\/div><\/div><\/main><!-- close content main element --><\/div><\/div><div id='after_section_1'  class='main_color av_default_container_wrap container_wrap sidebar_right'  ><div class='container av-section-cont-open' ><div class='template-page content  av-content-small alpha units'><div class='post-entry post-entry-type-page post-entry-2194'><div class='entry-content-wrapper clearfix'>\n<style type=\"text\/css\" data-created_by=\"avia_inline_auto\" id=\"style-css-av-txsu60-0d9e6087d6b847a88aa0fcbab2abc6a1\">\n.flex_column.av-txsu60-0d9e6087d6b847a88aa0fcbab2abc6a1{\nborder-radius:0px 0px 0px 0px;\npadding:0px 0px 0px 0px;\n}\n<\/style>\n<div  class='flex_column av-txsu60-0d9e6087d6b847a88aa0fcbab2abc6a1 av_one_half  avia-builder-el-2  el_after_av_section  el_before_av_one_half  avia-builder-el-first  first flex_column_div av-zero-column-padding  '     ><section  class='av_textblock_section av-tr02fs-c43094f2d5d494d82bc94a6b3df11b66 '   itemscope=\"itemscope\" itemtype=\"https:\/\/schema.org\/CreativeWork\" ><div class='avia_textblock'  itemprop=\"text\" ><div class=\"av-special-heading av-special-heading-h2 blockquote modern-quote avia-builder-el-4 el_before_av_textblock avia-builder-el-first av-thin-font\">\n<h2 class=\"av-special-heading-tag\"><strong>Nous sommes une \u00e9quipe<\/strong><\/h2>\n<\/div>\n<section class=\"av_textblock_section\">\n<div class=\"avia_textblock \">\n<p>Le secret de notre succ\u00e8s ? La combinaison d&rsquo;installations modernes et d&rsquo;une \u00e9quipe de professionnels pleinement capables de proposer et d\u00e9velopper des solutions innovantes et comp\u00e9titives pour le d\u00e9veloppement de toutes sortes de boissons. Du d\u00e9partement financier aux ventes et marketing, en passant par la R &amp; D, la production et la logistique, le r\u00e9sultat de notre travail est le fruit d&rsquo;une strat\u00e9gie commune et d&rsquo;un travail commun quotidien.<\/p>\n<blockquote>\n<p>Le travail d&rsquo;\u00e9quipe est l&rsquo;une de nos valeurs fondamentales.<\/p>\n<\/blockquote>\n<\/div>\n<\/section>\n<div class=\"av-special-heading av-special-heading-h2 blockquote modern-quote avia-builder-el-6 el_after_av_textblock el_before_av_textblock av-thin-font\">\n<h2 class=\"av-special-heading-tag\">Nous avons une<strong>\u00a0grande capacit\u00e9 de production<\/strong><\/h2>\n<\/div>\n<section class=\"av_textblock_section\">\n<div class=\"avia_textblock \">\n<p><strong>Juice&amp;World<\/strong>\u00a0dispose d\u2019une usine d\u2019embouteillage moderne gr\u00e2ce \u00e0 laquelle nous sommes en mesure d\u2019am\u00e9liorer continuellement notre capacit\u00e9 de production. Nous avons con\u00e7u notre installation de mani\u00e8re \u00e0 atteindre un maximum de flexibilit\u00e9 et \u00e0 int\u00e9grer de nouveaux d\u00e9veloppements dans le processus de mise en bouteille chaque fois que nous le jugeons n\u00e9cessaire.<\/p>\n<p>Nous combinons les derni\u00e8res technologies avec notre expertise pour tirer le meilleur parti de notre usine et obtenir des produits de la plus haute qualit\u00e9. Notre \u00e9tablissement est \u00e9quip\u00e9 des derniers d\u00e9veloppements technologiques disponibles sur le march\u00e9.<\/p>\n<\/div>\n<\/section>\n<\/div><\/section><\/div>\n<style type=\"text\/css\" data-created_by=\"avia_inline_auto\" id=\"style-css-av-raap0o-6701e6a5a3afdf0d58b19fd4a900b586\">\n.flex_column.av-raap0o-6701e6a5a3afdf0d58b19fd4a900b586{\nborder-radius:0px 0px 0px 0px;\npadding:0px 0px 0px 0px;\n}\n<\/style>\n<div  class='flex_column av-raap0o-6701e6a5a3afdf0d58b19fd4a900b586 av_one_half  avia-builder-el-4  el_after_av_one_half  el_before_av_section  avia-builder-el-last  flex_column_div av-zero-column-padding  '     ><style type=\"text\/css\" data-created_by=\"avia_inline_auto\" id=\"style-css-av-pdy4rs-e27f800f057720cac6467f963b38441b\">\n.avia-image-container.av-pdy4rs-e27f800f057720cac6467f963b38441b img.avia_image{\nbox-shadow:none;\n}\n.avia-image-container.av-pdy4rs-e27f800f057720cac6467f963b38441b .av-image-caption-overlay-center{\ncolor:#ffffff;\n}\n<\/style>\n<div  class='avia-image-container av-pdy4rs-e27f800f057720cac6467f963b38441b av-styling-no-styling avia-align-center  avia-builder-el-5  avia-builder-el-no-sibling '   itemprop=\"image\" itemscope=\"itemscope\" itemtype=\"https:\/\/schema.org\/ImageObject\" ><div class=\"avia-image-container-inner\"><div class=\"avia-image-overlay-wrap\"><img fetchpriority=\"high\" class='wp-image-1802 avia-img-lazy-loading-not-1802 avia_image ' src='https:\/\/www.juiceandworld.com\/wp-content\/uploads\/2019\/10\/1-1030x731.jpg' alt='' title='1-1030x731'  height=\"731\" width=\"1030\"  itemprop=\"thumbnailUrl\"  \/><\/div><\/div><\/div><\/div><\/p>\n<\/div><\/div><\/div><!-- close content main div --><\/div><\/div>\n<style type=\"text\/css\" data-created_by=\"avia_inline_auto\" id=\"style-css-av-ntf0vs-e28571dfac5a79df0a652833a9f754a3\">\n.avia-section.av-ntf0vs-e28571dfac5a79df0a652833a9f754a3{\nbackground-color:#ddedf6;\nbackground-image:unset;\n}\n<\/style>\n<div id='av_section_2'  class='avia-section av-ntf0vs-e28571dfac5a79df0a652833a9f754a3 main_color avia-section-large avia-shadow  avia-builder-el-6  el_after_av_one_half  el_before_av_hr  avia-bg-style-scroll container_wrap sidebar_right'  ><div class='container av-section-cont-open' ><div class='template-page content  av-content-small alpha units'><div class='post-entry post-entry-type-page post-entry-2194'><div class='entry-content-wrapper clearfix'>\n<div  class='flex_column av-mqlk8o-0b529b163b0603cfecdaa5a96671743d av_one_third  avia-builder-el-7  el_before_av_one_third  avia-builder-el-first  first flex_column_div  '     ><section  class='av_textblock_section av-23k5ug-9e7cc16ac6c51c44d317c71aacfcbc87 '   itemscope=\"itemscope\" itemtype=\"https:\/\/schema.org\/CreativeWork\" ><div class='avia_textblock'  itemprop=\"text\" ><h3>MIXAGE DIRECT<\/h3>\n<p>Nous avons un espace pour le m\u00e9lange direct automatis\u00e9 des produits.<\/p>\n<\/div><\/section><\/div>\n<style type=\"text\/css\" data-created_by=\"avia_inline_auto\" id=\"style-css-av-jea2lk-cb2597363ab5ebe530056239a8f539af\">\n.flex_column.av-jea2lk-cb2597363ab5ebe530056239a8f539af{\nborder-radius:0px 0px 0px 0px;\npadding:0px 0px 0px 0px;\n}\n<\/style>\n<div  class='flex_column av-jea2lk-cb2597363ab5ebe530056239a8f539af av_one_third  avia-builder-el-9  el_after_av_one_third  el_before_av_one_third  flex_column_div av-zero-column-padding  '     ><section  class='av_textblock_section av-hkho94-65a186e2b916f7e7128644cbf3e4cf26 '   itemscope=\"itemscope\" itemtype=\"https:\/\/schema.org\/CreativeWork\" ><div class='avia_textblock'  itemprop=\"text\" ><h3>D\u00e9sa\u00e9ration et rin\u00e7age<\/h3>\n<p>M\u00e9canismes pour la d\u00e9sa\u00e9ration de l&rsquo;eau et le rin\u00e7age, le remplissage et le scellement des bouteilles.<\/p>\n<\/div><\/section><\/div>\n<style type=\"text\/css\" data-created_by=\"avia_inline_auto\" id=\"style-css-av-f5bduw-382640a21753ab0f95c4d5cc1fb5ac77\">\n.flex_column.av-f5bduw-382640a21753ab0f95c4d5cc1fb5ac77{\nborder-radius:0px 0px 0px 0px;\npadding:0px 0px 0px 0px;\n}\n<\/style>\n<div  class='flex_column av-f5bduw-382640a21753ab0f95c4d5cc1fb5ac77 av_one_third  avia-builder-el-11  el_after_av_one_third  el_before_av_one_third  flex_column_div av-zero-column-padding  '     ><section  class='av_textblock_section av-ds14eg-f2728041ed74ba37095bc9b8cf9ebd02 '   itemscope=\"itemscope\" itemtype=\"https:\/\/schema.org\/CreativeWork\" ><div class='avia_textblock'  itemprop=\"text\" ><h3>PERSONNALISATION DES BOUTEILLES<\/h3>\n<p>Nous avons des capsuleuses et des \u00e9tiqueteuses pour une personnalisation totale des bouteilles.<\/p>\n<\/div><\/section><\/div>\n<style type=\"text\/css\" data-created_by=\"avia_inline_auto\" id=\"style-css-av-bw5a08-efa1c256bc7b15b02212eafb94987b43\">\n.flex_column.av-bw5a08-efa1c256bc7b15b02212eafb94987b43{\nborder-radius:0px 0px 0px 0px;\npadding:0px 0px 0px 0px;\n}\n<\/style>\n<div  class='flex_column av-bw5a08-efa1c256bc7b15b02212eafb94987b43 av_one_third  avia-builder-el-13  el_after_av_one_third  el_before_av_one_third  first flex_column_div av-zero-column-padding  column-top-margin'     ><section  class='av_textblock_section av-b4dmco-15cb17499a02fa1c8ce41f3126e5e23d '   itemscope=\"itemscope\" itemtype=\"https:\/\/schema.org\/CreativeWork\" ><div class='avia_textblock'  itemprop=\"text\" ><h3>TUNNEL DE PASTEURISATION<\/h3>\n<p>Stabilisation biologique par pasteurisation en tunnel.<\/p>\n<\/div><\/section><\/div>\n<style type=\"text\/css\" data-created_by=\"avia_inline_auto\" id=\"style-css-av-9tv0uw-1b56b3507fad8863239c6055eeca3a23\">\n.flex_column.av-9tv0uw-1b56b3507fad8863239c6055eeca3a23{\nborder-radius:0px 0px 0px 0px;\npadding:0px 0px 0px 0px;\n}\n<\/style>\n<div  class='flex_column av-9tv0uw-1b56b3507fad8863239c6055eeca3a23 av_one_third  avia-builder-el-15  el_after_av_one_third  el_before_av_one_third  flex_column_div av-zero-column-padding  column-top-margin'     ><section  class='av_textblock_section av-6wy0mw-7c40e17d69787ef2c85b5af47a5f95f3 '   itemscope=\"itemscope\" itemtype=\"https:\/\/schema.org\/CreativeWork\" ><div class='avia_textblock'  itemprop=\"text\" ><h3>NETTOYAGE AUTOMATIS\u00c9<\/h3>\n<p>Nous avons des syst\u00e8mes automatiques de nettoyage et de d\u00e9sinfection.<\/p>\n<\/div><\/section><\/div>\n<style type=\"text\/css\" data-created_by=\"avia_inline_auto\" id=\"style-css-av-67qivs-ef8f69cee184d570f0162e8a48e4b6bb\">\n.flex_column.av-67qivs-ef8f69cee184d570f0162e8a48e4b6bb{\nborder-radius:0px 0px 0px 0px;\npadding:0px 0px 0px 0px;\n}\n<\/style>\n<div  class='flex_column av-67qivs-ef8f69cee184d570f0162e8a48e4b6bb av_one_third  avia-builder-el-17  el_after_av_one_third  avia-builder-el-last  flex_column_div av-zero-column-padding  column-top-margin'     ><section  class='av_textblock_section av-4hqfy0-416f4aeb0175ab6b490c3dff53ddcec9 '   itemscope=\"itemscope\" itemtype=\"https:\/\/schema.org\/CreativeWork\" ><div class='avia_textblock'  itemprop=\"text\" ><h3>FINITION ET EMBALLAGE<\/h3>\n<p>Nous avons des machines modernes pour la phase de finition et d\u2019emballage qui permettent une grande vari\u00e9t\u00e9 de pr\u00e9sentations finales.<\/p>\n<\/div><\/section><\/div><\/div><\/div><\/div><!-- close content main div --><\/div><\/div><div id='after_section_2'  class='main_color av_default_container_wrap container_wrap sidebar_right'  ><div class='container av-section-cont-open' ><div class='template-page content  av-content-small alpha units'><div class='post-entry post-entry-type-page post-entry-2194'><div class='entry-content-wrapper clearfix'>\n<style type=\"text\/css\" data-created_by=\"avia_inline_auto\" id=\"style-css-av-2eqwaw-a106ade174209a0b400e6114367f2ab2\">\n#top .hr.hr-invisible.av-2eqwaw-a106ade174209a0b400e6114367f2ab2{\nheight:20px;\n}\n<\/style>\n<div  class='hr av-2eqwaw-a106ade174209a0b400e6114367f2ab2 hr-invisible  avia-builder-el-19  el_after_av_section  avia-builder-el-no-sibling '><span class='hr-inner '><span class=\"hr-inner-style\"><\/span><\/span><\/div><\/p>\n","protected":false},"excerpt":{"rendered":"","protected":false},"author":1,"featured_media":0,"parent":0,"menu_order":0,"comment_status":"closed","ping_status":"closed","template":"","meta":{"footnotes":""},"class_list":["post-2194","page","type-page","status-publish","hentry"],"_links":{"self":[{"href":"https:\/\/www.juiceandworld.com\/fr\/wp-json\/wp\/v2\/pages\/2194","targetHints":{"allow":["GET"]}}],"collection":[{"href":"https:\/\/www.juiceandworld.com\/fr\/wp-json\/wp\/v2\/pages"}],"about":[{"href":"https:\/\/www.juiceandworld.com\/fr\/wp-json\/wp\/v2\/types\/page"}],"author":[{"embeddable":true,"href":"https:\/\/www.juiceandworld.com\/fr\/wp-json\/wp\/v2\/users\/1"}],"replies":[{"embeddable":true,"href":"https:\/\/www.juiceandworld.com\/fr\/wp-json\/wp\/v2\/comments?post=2194"}],"version-history":[{"count":2,"href":"https:\/\/www.juiceandworld.com\/fr\/wp-json\/wp\/v2\/pages\/2194\/revisions"}],"predecessor-version":[{"id":2196,"href":"https:\/\/www.juiceandworld.com\/fr\/wp-json\/wp\/v2\/pages\/2194\/revisions\/2196"}],"wp:attachment":[{"href":"https:\/\/www.juiceandworld.com\/fr\/wp-json\/wp\/v2\/media?parent=2194"}],"curies":[{"name":"wp","href":"https:\/\/api.w.org\/{rel}","templated":true}]}}