{"id":2199,"date":"2019-09-25T07:32:47","date_gmt":"2019-09-25T07:32:47","guid":{"rendered":"http:\/\/www.juiceandworld.com\/highqualityguaranteed\/"},"modified":"2021-07-19T12:16:58","modified_gmt":"2021-07-19T12:16:58","slug":"qualite","status":"publish","type":"page","link":"https:\/\/www.juiceandworld.com\/fr\/qualite\/","title":{"rendered":"Qualit\u00e9"},"content":{"rendered":"<div id='cabecera'  class='avia-section av-11by8qg-7b62900fc86fa75556165612f372182a main_color avia-section-default avia-no-shadow  avia-builder-el-0  el_before_av_one_half  avia-builder-el-first  avia-bg-style-scroll av-minimum-height av-minimum-height-custom av-height-custom  container_wrap sidebar_right'   data-av_minimum_height_px='200'><div class='container av-section-cont-open' style='height:200px'><main  role=\"main\" itemprop=\"mainContentOfPage\"  class='template-page content  av-content-small alpha units'><div class='post-entry post-entry-type-page post-entry-2199'><div class='entry-content-wrapper clearfix'>\n\n<style type=\"text\/css\" data-created_by=\"avia_inline_auto\" id=\"style-css-av-k4wq4i07-d10c5813170df1cd3f126e520947aed3\">\n#top .av-special-heading.av-k4wq4i07-d10c5813170df1cd3f126e520947aed3{\npadding-bottom:0;\n}\nbody .av-special-heading.av-k4wq4i07-d10c5813170df1cd3f126e520947aed3 .av-special-heading-tag .heading-char{\nfont-size:25px;\n}\n.av-special-heading.av-k4wq4i07-d10c5813170df1cd3f126e520947aed3 .av-subheading{\nfont-size:15px;\n}\n<\/style>\n<div  class='av-special-heading av-k4wq4i07-d10c5813170df1cd3f126e520947aed3 av-special-heading-h1 custom-color-heading blockquote modern-quote  avia-builder-el-1  avia-builder-el-no-sibling '><h1 class='av-special-heading-tag '  itemprop=\"headline\"  >HAUTE QUALIT\u00c9 GARANTIE<\/h1><div class=\"special-heading-border\"><div class=\"special-heading-inner-border\"><\/div><\/div><\/div>\n<\/div><\/div><\/main><!-- close content main element --><\/div><\/div><div id='after_section_1'  class='main_color av_default_container_wrap container_wrap sidebar_right'  ><div class='container av-section-cont-open' ><div class='template-page content  av-content-small alpha units'><div class='post-entry post-entry-type-page post-entry-2199'><div class='entry-content-wrapper clearfix'>\n\n<style type=\"text\/css\" data-created_by=\"avia_inline_auto\" id=\"style-css-av-xdu2mw-01add1dd29bdd4f44960f1697baaa9d7\">\n.flex_column.av-xdu2mw-01add1dd29bdd4f44960f1697baaa9d7{\nborder-radius:0px 0px 0px 0px;\npadding:0px 0px 0px 0px;\n}\n<\/style>\n<div  class='flex_column av-xdu2mw-01add1dd29bdd4f44960f1697baaa9d7 av_one_half  avia-builder-el-2  el_after_av_section  el_before_av_one_half  avia-builder-el-first  first flex_column_div av-zero-column-padding  '     ><section  class='av_textblock_section av-wtoz8o-a50c002055f9b1902902d693df7c5449 '   itemscope=\"itemscope\" itemtype=\"https:\/\/schema.org\/CreativeWork\" ><div class='avia_textblock'  itemprop=\"text\" ><p>Chez Juice &amp; World, nous investissons nos efforts dans la technologie et dans l&rsquo;innovation pour garantir \u00e0 nos clients la plus haute qualit\u00e9 et s\u00e9curit\u00e9 alimentaire de tous nos produits.<\/p>\n<section class=\"av_textblock_section\">\n<div class=\"avia_textblock \">\n<blockquote>\n<p>Nous travaillons avec un syst\u00e8me int\u00e9gr\u00e9 de gestion de la qualit\u00e9 et de la s\u00e9curit\u00e9 alimentaire.<\/p>\n<\/blockquote>\n<\/div>\n<p>Tout au long de notre processus de production, nous appliquons la plus grande rigueur et le meilleur contr\u00f4le possible gr\u00e2ce \u00e0 un syst\u00e8me de gestion int\u00e9gr\u00e9 (SIG). Notre SIG, bas\u00e9 sur le syst\u00e8me HACCP (Analyse des risques et des points de contr\u00f4le critiques), est approuv\u00e9 par les organismes de certification nationaux et internationaux les plus exigeants : <strong>BRC IFS, FDA <\/strong>et<strong> certificat Halal.<\/strong><br \/>\nNotre exp\u00e9rience et notre infrastructure nous permettent d\u2019\u00eatre polyvalents et flexibles, d\u2019innover et de nous adapter aux besoins de chaque client et aux particularit\u00e9s de chaque march\u00e9.<\/p>\n<\/section>\n<\/div><\/section><\/div>\n<style type=\"text\/css\" data-created_by=\"avia_inline_auto\" id=\"style-css-av-v5yru0-76deb436bdc65766d5274db425dcc61a\">\n.flex_column.av-v5yru0-76deb436bdc65766d5274db425dcc61a{\nborder-radius:0px 0px 0px 0px;\npadding:0px 0px 0px 0px;\n}\n<\/style>\n<div  class='flex_column av-v5yru0-76deb436bdc65766d5274db425dcc61a av_one_half  avia-builder-el-4  el_after_av_one_half  el_before_av_section  avia-builder-el-last  flex_column_div av-zero-column-padding  '     ><style type=\"text\/css\" data-created_by=\"avia_inline_auto\" id=\"style-css-av-t5oypk-6ced65704ba73e7237d756fd5bb01b6a\">\n.avia-image-container.av-t5oypk-6ced65704ba73e7237d756fd5bb01b6a img.avia_image{\nbox-shadow:none;\n}\n.avia-image-container.av-t5oypk-6ced65704ba73e7237d756fd5bb01b6a .av-image-caption-overlay-center{\ncolor:#ffffff;\n}\n<\/style>\n<div  class='avia-image-container av-t5oypk-6ced65704ba73e7237d756fd5bb01b6a av-styling- avia-align-center  avia-builder-el-5  avia-builder-el-no-sibling '   itemprop=\"image\" itemscope=\"itemscope\" itemtype=\"https:\/\/schema.org\/ImageObject\" ><div class=\"avia-image-container-inner\"><div class=\"avia-image-overlay-wrap\"><img fetchpriority=\"high\" class='wp-image-1958 avia-img-lazy-loading-not-1958 avia_image ' src='https:\/\/www.juiceandworld.com\/wp-content\/uploads\/2019\/10\/quality-1030x651.jpg' alt='' title='Showing a shield with a check mark .'  height=\"651\" width=\"1030\"  itemprop=\"thumbnailUrl\"  \/><\/div><\/div><\/div><\/div><\/p>\n<\/div><\/div><\/div><!-- close content main div --><\/div><\/div>\n<style type=\"text\/css\" data-created_by=\"avia_inline_auto\" id=\"style-css-av-r9ltyw-8001e132c96b93daf7b9aeb9537b0dd2\">\n.avia-section.av-r9ltyw-8001e132c96b93daf7b9aeb9537b0dd2{\nbackground-color:#ddedf6;\nbackground-image:unset;\n}\n<\/style>\n<div id='av_section_2'  class='avia-section av-r9ltyw-8001e132c96b93daf7b9aeb9537b0dd2 main_color avia-section-large avia-shadow  avia-builder-el-6  el_after_av_one_half  el_before_av_textblock  avia-bg-style-scroll container_wrap sidebar_right'  ><div class='container av-section-cont-open' ><div class='template-page content  av-content-small alpha units'><div class='post-entry post-entry-type-page post-entry-2199'><div class='entry-content-wrapper clearfix'>\n\n<style type=\"text\/css\" data-created_by=\"avia_inline_auto\" id=\"style-css-av-4wns3c-c5bcbe4e9b4c0404f66ccab8c0fc0767\">\n#top .av_textblock_section.av-4wns3c-c5bcbe4e9b4c0404f66ccab8c0fc0767 .avia_textblock{\nfont-size:21px;\n}\n<\/style>\n<section  class='av_textblock_section av-4wns3c-c5bcbe4e9b4c0404f66ccab8c0fc0767 '   itemscope=\"itemscope\" itemtype=\"https:\/\/schema.org\/CreativeWork\" ><div class='avia_textblock'  itemprop=\"text\" ><p>CERTIFICATS<\/p>\n<\/div><\/section>\n\n<style type=\"text\/css\" data-created_by=\"avia_inline_auto\" id=\"style-css-av-pg9ibs-4ac1827be260969af7250f959a78135f\">\n.flex_column.av-pg9ibs-4ac1827be260969af7250f959a78135f{\nborder-radius:0px 0px 0px 0px;\npadding:0px 0px 0px 0px;\n}\n<\/style>\n<div  class='flex_column av-pg9ibs-4ac1827be260969af7250f959a78135f av_one_fourth  avia-builder-el-8  el_after_av_textblock  el_before_av_one_fourth  first flex_column_div av-zero-column-padding  column-top-margin'     ><p>\n<style type=\"text\/css\" data-created_by=\"avia_inline_auto\" id=\"style-css-av-oqgd94-cc68b482216c5286fb4de7a8dc6ce67f\">\n.avia-image-container.av-oqgd94-cc68b482216c5286fb4de7a8dc6ce67f img.avia_image{\nbox-shadow:none;\n}\n.avia-image-container.av-oqgd94-cc68b482216c5286fb4de7a8dc6ce67f .av-image-caption-overlay-center{\ncolor:#ffffff;\n}\n<\/style>\n<div  class='avia-image-container av-oqgd94-cc68b482216c5286fb4de7a8dc6ce67f av-styling- avia-align-center  avia-builder-el-9  el_before_av_textblock  avia-builder-el-first '   itemprop=\"image\" itemscope=\"itemscope\" itemtype=\"https:\/\/schema.org\/ImageObject\" ><div class=\"avia-image-container-inner\"><div class=\"avia-image-overlay-wrap\"><img fetchpriority=\"high\" class='wp-image-1786 avia-img-lazy-loading-not-1786 avia_image ' src='https:\/\/www.juiceandworld.com\/wp-content\/uploads\/2019\/10\/halal-1-180x180.png' alt='' title='halal'  height=\"180\" width=\"180\"  itemprop=\"thumbnailUrl\"  \/><\/div><\/div><\/div><br \/>\n<section  class='av_textblock_section av-m4vge0-6b8d3de4727c91410d6c2c2e1d4dd55d '   itemscope=\"itemscope\" itemtype=\"https:\/\/schema.org\/CreativeWork\" ><div class='avia_textblock'  itemprop=\"text\" ><p>Une marque de garantie qui certifie que les produits alimentaires et les boissons sont fabriqu\u00e9s et transform\u00e9s conform\u00e9ment aux pr\u00e9ceptes de l&rsquo;islam, garantissant que rien en eux n&rsquo;est Haram, interdit, et qu&rsquo;ils sont b\u00e9n\u00e9fiques et sains pour la consommation humaine en Europe et les pays \u00e0 population musulmane.<\/p>\n<p><em>* V\u00e9rifier la disponibilit\u00e9 du certificat pour chaque produit. <\/em><\/p>\n<\/div><\/section><\/p><\/div>\n<style type=\"text\/css\" data-created_by=\"avia_inline_auto\" id=\"style-css-av-ktypmw-234a71dbf872a1766cdb10f7b1d18428\">\n.flex_column.av-ktypmw-234a71dbf872a1766cdb10f7b1d18428{\nborder-radius:0px 0px 0px 0px;\npadding:0px 0px 0px 0px;\n}\n<\/style>\n<div  class='flex_column av-ktypmw-234a71dbf872a1766cdb10f7b1d18428 av_one_fourth  avia-builder-el-11  el_after_av_one_fourth  el_before_av_one_fourth  flex_column_div av-zero-column-padding  column-top-margin'     ><p>\n<style type=\"text\/css\" data-created_by=\"avia_inline_auto\" id=\"style-css-av-ipekyg-dd1102eed5cf3f826a748104d0c57237\">\n.avia-image-container.av-ipekyg-dd1102eed5cf3f826a748104d0c57237 img.avia_image{\nbox-shadow:none;\n}\n.avia-image-container.av-ipekyg-dd1102eed5cf3f826a748104d0c57237 .av-image-caption-overlay-center{\ncolor:#ffffff;\n}\n<\/style>\n<div  class='avia-image-container av-ipekyg-dd1102eed5cf3f826a748104d0c57237 av-styling- avia-align-center  avia-builder-el-12  el_before_av_textblock  avia-builder-el-first '   itemprop=\"image\" itemscope=\"itemscope\" itemtype=\"https:\/\/schema.org\/ImageObject\" ><div class=\"avia-image-container-inner\"><div class=\"avia-image-overlay-wrap\"><img fetchpriority=\"high\" class='wp-image-1780 avia-img-lazy-loading-not-1780 avia_image ' src='https:\/\/www.juiceandworld.com\/wp-content\/uploads\/2019\/10\/brc-1-180x180.png' alt='' title='brc'  height=\"180\" width=\"180\"  itemprop=\"thumbnailUrl\"  \/><\/div><\/div><\/div><br \/>\n<section  class='av_textblock_section av-hzdao8-f015166f45e2de780bed1672fb900a0f '   itemscope=\"itemscope\" itemtype=\"https:\/\/schema.org\/CreativeWork\" ><div class='avia_textblock'  itemprop=\"text\" ><p>La norme mondiale pour la s\u00e9curit\u00e9 alimentaire BRC, \u00e9labor\u00e9e au Royaume-Uni et reconnue internationalement, vise \u00e0 aider les distributeurs \u00e0 respecter les obligations l\u00e9gales en mati\u00e8re de s\u00e9curit\u00e9 alimentaire, en garantissant la transparence et la rigueur des syst\u00e8mes de certification et le plus haut niveau de protection des consommateurs.<\/p>\n<\/div><\/section><\/p><\/div>\n<style type=\"text\/css\" data-created_by=\"avia_inline_auto\" id=\"style-css-av-gf3eko-2fd5a89ba5340dd961b9287ac67660d9\">\n.flex_column.av-gf3eko-2fd5a89ba5340dd961b9287ac67660d9{\nborder-radius:0px 0px 0px 0px;\npadding:0px 0px 0px 0px;\n}\n<\/style>\n<div  class='flex_column av-gf3eko-2fd5a89ba5340dd961b9287ac67660d9 av_one_fourth  avia-builder-el-14  el_after_av_one_fourth  el_before_av_one_fourth  flex_column_div av-zero-column-padding  column-top-margin'     ><p>\n<style type=\"text\/css\" data-created_by=\"avia_inline_auto\" id=\"style-css-av-4w0co-ecb94f517d34ace61c027191232a78ed\">\n.avia-image-container.av-4w0co-ecb94f517d34ace61c027191232a78ed img.avia_image{\nbox-shadow:none;\n}\n.avia-image-container.av-4w0co-ecb94f517d34ace61c027191232a78ed .av-image-caption-overlay-center{\ncolor:#ffffff;\n}\n<\/style>\n<div  class='avia-image-container av-4w0co-ecb94f517d34ace61c027191232a78ed av-styling- avia-align-center  avia-builder-el-15  el_before_av_textblock  avia-builder-el-first '   itemprop=\"image\" itemscope=\"itemscope\" itemtype=\"https:\/\/schema.org\/ImageObject\" ><div class=\"avia-image-container-inner\"><div class=\"avia-image-overlay-wrap\"><img fetchpriority=\"high\" class='wp-image-1789 avia-img-lazy-loading-not-1789 avia_image ' src='https:\/\/www.juiceandworld.com\/wp-content\/uploads\/2019\/10\/Mesa-de-trabajo-4-180x180.png' alt='' title='Mesa de trabajo 4'  height=\"180\" width=\"180\"  itemprop=\"thumbnailUrl\"  \/><\/div><\/div><\/div><br \/>\n<section  class='av_textblock_section av-ch1t2g-99ddf774fa125d9ccdb39a6309c36288 '   itemscope=\"itemscope\" itemtype=\"https:\/\/schema.org\/CreativeWork\" ><div class='avia_textblock'  itemprop=\"text\" ><p>Un protocole technique priv\u00e9 d\u00e9velopp\u00e9 par des distributeurs allemands, fran\u00e7ais et italiens, destin\u00e9 \u00e0 aider les fournisseurs \u00e0 fournir des produits s\u00fbrs conform\u00e9ment \u00e0 la l\u00e9gislation en vigueur. Il est conforme aux exigences internationales GFSI et fournit une vision claire des concepts de s\u00e9curit\u00e9 alimentaire et de contr\u00f4le de la qualit\u00e9.<\/p>\n<\/div><\/section><\/p><\/div>\n<style type=\"text\/css\" data-created_by=\"avia_inline_auto\" id=\"style-css-av-az6xoo-73dae722cb27478f951044a4202fc0d4\">\n.flex_column.av-az6xoo-73dae722cb27478f951044a4202fc0d4{\nborder-radius:0px 0px 0px 0px;\npadding:0px 0px 0px 0px;\n}\n<\/style>\n<div  class='flex_column av-az6xoo-73dae722cb27478f951044a4202fc0d4 av_one_fourth  avia-builder-el-17  el_after_av_one_fourth  avia-builder-el-last  flex_column_div av-zero-column-padding  column-top-margin'     ><p>\n<style type=\"text\/css\" data-created_by=\"avia_inline_auto\" id=\"style-css-av-9h027c-de6e144592dc76485bec839d9d7e0475\">\n.avia-image-container.av-9h027c-de6e144592dc76485bec839d9d7e0475 img.avia_image{\nbox-shadow:none;\n}\n.avia-image-container.av-9h027c-de6e144592dc76485bec839d9d7e0475 .av-image-caption-overlay-center{\ncolor:#ffffff;\n}\n<\/style>\n<div  class='avia-image-container av-9h027c-de6e144592dc76485bec839d9d7e0475 av-styling- avia-align-center  avia-builder-el-18  el_before_av_textblock  avia-builder-el-first '   itemprop=\"image\" itemscope=\"itemscope\" itemtype=\"https:\/\/schema.org\/ImageObject\" ><div class=\"avia-image-container-inner\"><div class=\"avia-image-overlay-wrap\"><img fetchpriority=\"high\" class='wp-image-1783 avia-img-lazy-loading-not-1783 avia_image ' src='https:\/\/www.juiceandworld.com\/wp-content\/uploads\/2019\/10\/fda-1-180x180.png' alt='' title='fda'  height=\"180\" width=\"180\"  itemprop=\"thumbnailUrl\"  \/><\/div><\/div><\/div><br \/>\n<section  class='av_textblock_section av-7ajce0-85dbc80cf31b10be973679d2da0fcde3 '   itemscope=\"itemscope\" itemtype=\"https:\/\/schema.org\/CreativeWork\" ><div class='avia_textblock'  itemprop=\"text\" ><p>La FDA (Food and Drug Administration) est une agence f\u00e9d\u00e9rale des \u00c9tats-Unis qui d\u00e9pend du minist\u00e8re de la Sant\u00e9 et s&rsquo;int\u00e9resse principalement \u00e0 la r\u00e9glementation des importations de produits alimentaires, m\u00e9dicaments, cosm\u00e9tiques, \u00e9quipements m\u00e9dicaux et autres produits biologiques ou d\u00e9riv\u00e9s.<\/p>\n<\/div><\/section><\/p><\/div><\/div><\/div><\/div><!-- close content main div --><\/div><\/div><div id='after_section_2'  class='main_color av_default_container_wrap container_wrap sidebar_right'  ><div class='container av-section-cont-open' ><div class='template-page content  av-content-small alpha units'><div class='post-entry post-entry-type-page post-entry-2199'><div class='entry-content-wrapper clearfix'>\n<style type=\"text\/css\" data-created_by=\"avia_inline_auto\" id=\"style-css-av-4wns3c-c5bcbe4e9b4c0404f66ccab8c0fc0767\">\n#top .av_textblock_section.av-4wns3c-c5bcbe4e9b4c0404f66ccab8c0fc0767 .avia_textblock{\nfont-size:21px;\n}\n<\/style>\n<section  class='av_textblock_section av-4wns3c-c5bcbe4e9b4c0404f66ccab8c0fc0767 '   itemscope=\"itemscope\" itemtype=\"https:\/\/schema.org\/CreativeWork\" ><div class='avia_textblock'  itemprop=\"text\" ><p style=\"text-align: center;\">Afin de v\u00e9rifier le degr\u00e9 de conformit\u00e9 de notre syst\u00e8me de gestion int\u00e9gr\u00e9 et des protocoles BRC et IFS, Juice &amp; World est audit\u00e9 annuellement par le prestataire de certification LRQA Ltd. et p\u00e9riodiquement par certains de nos principaux clients.<\/p>\n<\/div><\/section><\/p>\n<\/div><\/div><\/div><!-- close content main div --><\/div><\/div>\n<style type=\"text\/css\" data-created_by=\"avia_inline_auto\" id=\"style-css-av-r9ltyw-8001e132c96b93daf7b9aeb9537b0dd2\">\n.avia-section.av-r9ltyw-8001e132c96b93daf7b9aeb9537b0dd2{\nbackground-color:#ddedf6;\nbackground-image:unset;\n}\n<\/style>\n<div id='av_section_3'  class='avia-section av-r9ltyw-8001e132c96b93daf7b9aeb9537b0dd2 main_color avia-section-large avia-shadow  avia-builder-el-21  el_after_av_textblock  el_before_av_hr  avia-bg-style-scroll container_wrap sidebar_right'  ><div class='container av-section-cont-open' ><div class='template-page content  av-content-small alpha units'><div class='post-entry post-entry-type-page post-entry-2199'><div class='entry-content-wrapper clearfix'>\n\n<style type=\"text\/css\" data-created_by=\"avia_inline_auto\" id=\"style-css-av-4wns3c-c5bcbe4e9b4c0404f66ccab8c0fc0767\">\n#top .av_textblock_section.av-4wns3c-c5bcbe4e9b4c0404f66ccab8c0fc0767 .avia_textblock{\nfont-size:21px;\n}\n<\/style>\n<section  class='av_textblock_section av-4wns3c-c5bcbe4e9b4c0404f66ccab8c0fc0767 '   itemscope=\"itemscope\" itemtype=\"https:\/\/schema.org\/CreativeWork\" ><div class='avia_textblock'  itemprop=\"text\" ><p>AIDE ET SUBVENTIONS<\/p>\n<\/div><\/section>\n\n<style type=\"text\/css\" data-created_by=\"avia_inline_auto\" id=\"style-css-av-pg9ibs-4ac1827be260969af7250f959a78135f\">\n.flex_column.av-pg9ibs-4ac1827be260969af7250f959a78135f{\nborder-radius:0px 0px 0px 0px;\npadding:0px 0px 0px 0px;\n}\n<\/style>\n<div  class='flex_column av-pg9ibs-4ac1827be260969af7250f959a78135f av_one_half  avia-builder-el-23  el_after_av_textblock  avia-builder-el-last  first flex_column_div av-zero-column-padding  column-top-margin'     ><p>\n<style type=\"text\/css\" data-created_by=\"avia_inline_auto\" id=\"style-css-av-oqgd94-4f761c14e283b29eb01dc0918b794356\">\n.avia-image-container.av-oqgd94-4f761c14e283b29eb01dc0918b794356 img.avia_image{\nbox-shadow:none;\n}\n.avia-image-container.av-oqgd94-4f761c14e283b29eb01dc0918b794356 .av-image-caption-overlay-center{\ncolor:#ffffff;\n}\n<\/style>\n<div  class='avia-image-container av-oqgd94-4f761c14e283b29eb01dc0918b794356 av-styling- avia-align-center  avia-builder-el-24  el_before_av_textblock  avia-builder-el-first '   itemprop=\"image\" itemscope=\"itemscope\" itemtype=\"https:\/\/schema.org\/ImageObject\" ><div class=\"avia-image-container-inner\"><div class=\"avia-image-overlay-wrap\"><img fetchpriority=\"high\" class='wp-image-2650 avia-img-lazy-loading-not-2650 avia_image ' src='https:\/\/www.juiceandworld.com\/wp-content\/uploads\/2021\/07\/image001.jpg' alt='' title='image001'  height=\"73\" width=\"454\"  itemprop=\"thumbnailUrl\"  \/><\/div><\/div><\/div><br \/>\n<section  class='av_textblock_section av-m4vge0-6b8d3de4727c91410d6c2c2e1d4dd55d '   itemscope=\"itemscope\" itemtype=\"https:\/\/schema.org\/CreativeWork\" ><div class='avia_textblock'  itemprop=\"text\" ><p>Cette entreprise a re\u00e7u une aide cofinanc\u00e9e \u00e0 50 % par le gouvernement de Navarre et le Fonds europ\u00e9en de d\u00e9veloppement r\u00e9gional dans le cadre du programme op\u00e9rationnel FEDER 2014-2020 de Navarre.<\/p>\n<\/div><\/section><\/p><\/div><\/div><\/div><\/div><!-- close content main div --><\/div><\/div><div id='after_section_3'  class='main_color av_default_container_wrap container_wrap sidebar_right'  ><div class='container av-section-cont-open' ><div class='template-page content  av-content-small alpha units'><div class='post-entry post-entry-type-page post-entry-2199'><div class='entry-content-wrapper clearfix'>\n<style type=\"text\/css\" data-created_by=\"avia_inline_auto\" id=\"style-css-av-66d87c-56cf6d005da5c90bd2c185ea7ea08a04\">\n#top .hr.hr-invisible.av-66d87c-56cf6d005da5c90bd2c185ea7ea08a04{\nheight:50px;\n}\n<\/style>\n<div  class='hr av-66d87c-56cf6d005da5c90bd2c185ea7ea08a04 hr-invisible  avia-builder-el-26  el_after_av_section  el_before_av_hr  avia-builder-el-first '><span class='hr-inner '><span class=\"hr-inner-style\"><\/span><\/span><\/div><\/p>\n\n<style type=\"text\/css\" data-created_by=\"avia_inline_auto\" id=\"style-css-av-2tmqfs-433b4b0e3d3e59ce662d3ec5cebf9bad\">\n#top .hr.hr-invisible.av-2tmqfs-433b4b0e3d3e59ce662d3ec5cebf9bad{\nheight:50px;\n}\n<\/style>\n<div  class='hr av-2tmqfs-433b4b0e3d3e59ce662d3ec5cebf9bad hr-invisible  avia-builder-el-27  el_after_av_hr  avia-builder-el-last '><span class='hr-inner '><span class=\"hr-inner-style\"><\/span><\/span><\/div>\n","protected":false},"excerpt":{"rendered":"","protected":false},"author":1,"featured_media":0,"parent":0,"menu_order":0,"comment_status":"closed","ping_status":"closed","template":"","meta":{"footnotes":""},"class_list":["post-2199","page","type-page","status-publish","hentry"],"_links":{"self":[{"href":"https:\/\/www.juiceandworld.com\/fr\/wp-json\/wp\/v2\/pages\/2199","targetHints":{"allow":["GET"]}}],"collection":[{"href":"https:\/\/www.juiceandworld.com\/fr\/wp-json\/wp\/v2\/pages"}],"about":[{"href":"https:\/\/www.juiceandworld.com\/fr\/wp-json\/wp\/v2\/types\/page"}],"author":[{"embeddable":true,"href":"https:\/\/www.juiceandworld.com\/fr\/wp-json\/wp\/v2\/users\/1"}],"replies":[{"embeddable":true,"href":"https:\/\/www.juiceandworld.com\/fr\/wp-json\/wp\/v2\/comments?post=2199"}],"version-history":[{"count":5,"href":"https:\/\/www.juiceandworld.com\/fr\/wp-json\/wp\/v2\/pages\/2199\/revisions"}],"predecessor-version":[{"id":2656,"href":"https:\/\/www.juiceandworld.com\/fr\/wp-json\/wp\/v2\/pages\/2199\/revisions\/2656"}],"wp:attachment":[{"href":"https:\/\/www.juiceandworld.com\/fr\/wp-json\/wp\/v2\/media?parent=2199"}],"curies":[{"name":"wp","href":"https:\/\/api.w.org\/{rel}","templated":true}]}}