{"id":2205,"date":"2019-09-25T10:01:19","date_gmt":"2019-09-25T10:01:19","guid":{"rendered":"http:\/\/www.juiceandworld.com\/customization-2\/"},"modified":"2020-08-13T09:19:53","modified_gmt":"2020-08-13T09:19:53","slug":"personnalisation","status":"publish","type":"page","link":"https:\/\/www.juiceandworld.com\/fr\/personnalisation\/","title":{"rendered":"Personnalisation"},"content":{"rendered":"<div id='cabecera'  class='avia-section av-ioaabv-4140244192298b57029e376e3e81e1b0 main_color avia-section-default avia-no-shadow  avia-builder-el-0  el_before_av_one_half  avia-builder-el-first  avia-bg-style-scroll av-minimum-height av-minimum-height-custom av-height-custom  container_wrap sidebar_right'   data-av_minimum_height_px='100'><div class='container av-section-cont-open' style='height:100px'><main  role=\"main\" itemprop=\"mainContentOfPage\"  class='template-page content  av-content-small alpha units'><div class='post-entry post-entry-type-page post-entry-2205'><div class='entry-content-wrapper clearfix'>\n\n<style type=\"text\/css\" data-created_by=\"avia_inline_auto\" id=\"style-css-av-k4wqxmmf-7a30299ee0809484fccd88e89fa5902f\">\n#top .av-special-heading.av-k4wqxmmf-7a30299ee0809484fccd88e89fa5902f{\npadding-bottom:0;\n}\nbody .av-special-heading.av-k4wqxmmf-7a30299ee0809484fccd88e89fa5902f .av-special-heading-tag .heading-char{\nfont-size:25px;\n}\n.av-special-heading.av-k4wqxmmf-7a30299ee0809484fccd88e89fa5902f .av-subheading{\nfont-size:15px;\n}\n<\/style>\n<div  class='av-special-heading av-k4wqxmmf-7a30299ee0809484fccd88e89fa5902f av-special-heading-h1 custom-color-heading blockquote modern-quote  avia-builder-el-1  avia-builder-el-no-sibling '><h1 class='av-special-heading-tag '  itemprop=\"headline\"  >Personnalisation<\/h1><div class=\"special-heading-border\"><div class=\"special-heading-inner-border\"><\/div><\/div><\/div>\n<\/div><\/div><\/main><!-- close content main element --><\/div><\/div><div id='after_section_1'  class='main_color av_default_container_wrap container_wrap sidebar_right'  ><div class='container av-section-cont-open' ><div class='template-page content  av-content-small alpha units'><div class='post-entry post-entry-type-page post-entry-2205'><div class='entry-content-wrapper clearfix'>\n\n<style type=\"text\/css\" data-created_by=\"avia_inline_auto\" id=\"style-css-av-fwqe9n-34a711b78d2c11ba0a6eb029d31b3ebc\">\n.flex_column.av-fwqe9n-34a711b78d2c11ba0a6eb029d31b3ebc{\nborder-radius:0px 0px 0px 0px;\npadding:0px 0px 0px 0px;\n}\n<\/style>\n<div  class='flex_column av-fwqe9n-34a711b78d2c11ba0a6eb029d31b3ebc av_one_half  avia-builder-el-2  el_after_av_section  el_before_av_one_half  avia-builder-el-first  first flex_column_div av-zero-column-padding  '     ><section  class='av_textblock_section av-e91h5n-8a6ef38b4ceaf0164adfda8e5395e5df '   itemscope=\"itemscope\" itemtype=\"https:\/\/schema.org\/CreativeWork\" ><div class='avia_textblock'  itemprop=\"text\" ><div class=\"av-special-heading av-special-heading-h2 blockquote modern-quote avia-builder-el-4 el_before_av_textblock avia-builder-el-first av-thin-font\">\n<h2 class=\"av-special-heading-tag\"><strong>N&rsquo;importe quelle saveur dans la nature que vous voulez<\/strong><\/h2>\n<\/div>\n<p><strong>Juice&amp;World<\/strong>\u00a0fabrique des produits sur mesure. Nous nous engageons \u00e0 fournir le meilleur service et les meilleurs produits, en tenant compte des exigences du march\u00e9, qui cherche maintenant \u00e0 personnaliser davantage ses produits.<\/p>\n<section class=\"av_textblock_section\">\n<div class=\"avia_textblock \">\n<blockquote>\n<p>Vous voulez un autre type de produit d\u00e9velopp\u00e9 selon vos go\u00fbts ? Formules sp\u00e9ciales, modifications de nos produits ou d\u00e9veloppement de produits totalement originaux.<\/p>\n<\/blockquote>\n<\/div>\n<\/section>\n<p>Nous travaillons avec vous pour d\u00e9velopper les produits dont vous avez besoin. Notre d\u00e9partement de R &amp; D est l\u00e0 pour d\u00e9velopper des produits, de la conception \u00e0 la production finale, tandis que notre d\u00e9partement de production et de marketing garantit le r\u00e9sultat final que vous souhaitez.<\/p>\n<p>Voir nos quantit\u00e9s minimum de commande pour les produits \u00e0 la carte.<\/p>\n<\/div><\/section><\/div>\n\n<style type=\"text\/css\" data-created_by=\"avia_inline_auto\" id=\"style-css-av-cw1acr-3608be355d0b5476116bc3df43b6191b\">\n.flex_column.av-cw1acr-3608be355d0b5476116bc3df43b6191b{\nborder-radius:0px 0px 0px 0px;\npadding:0px 0px 0px 0px;\n}\n<\/style>\n<div  class='flex_column av-cw1acr-3608be355d0b5476116bc3df43b6191b av_one_half  avia-builder-el-4  el_after_av_one_half  el_before_av_one_half  flex_column_div av-zero-column-padding  '     ><style type=\"text\/css\" data-created_by=\"avia_inline_auto\" id=\"style-css-av-af1mkb-d5c0a16b435a5d23749e523115e00718\">\n.avia-image-container.av-af1mkb-d5c0a16b435a5d23749e523115e00718 img.avia_image{\nbox-shadow:none;\n}\n.avia-image-container.av-af1mkb-d5c0a16b435a5d23749e523115e00718 .av-image-caption-overlay-center{\ncolor:#ffffff;\n}\n<\/style>\n<div  class='avia-image-container av-af1mkb-d5c0a16b435a5d23749e523115e00718 av-styling- avia-align-center  avia-builder-el-5  avia-builder-el-no-sibling '   itemprop=\"image\" itemscope=\"itemscope\" itemtype=\"https:\/\/schema.org\/ImageObject\" ><div class=\"avia-image-container-inner\"><div class=\"avia-image-overlay-wrap\"><img fetchpriority=\"high\" class='wp-image-1952 avia-img-lazy-loading-not-1952 avia_image ' src='https:\/\/www.juiceandworld.com\/wp-content\/uploads\/2019\/10\/customization-1030x671.jpg' alt='' title='Healthy fruit and vegetable smoothies'  height=\"671\" width=\"1030\"  itemprop=\"thumbnailUrl\"  \/><\/div><\/div><\/div><\/div>\n\n<style type=\"text\/css\" data-created_by=\"avia_inline_auto\" id=\"style-css-av-9unj3f-3a506bc2a3be6548f95660ac5f5e4ee1\">\n.flex_column.av-9unj3f-3a506bc2a3be6548f95660ac5f5e4ee1{\nborder-radius:0px 0px 0px 0px;\npadding:0px 0px 0px 0px;\n}\n<\/style>\n<div  class='flex_column av-9unj3f-3a506bc2a3be6548f95660ac5f5e4ee1 av_one_half  avia-builder-el-6  el_after_av_one_half  el_before_av_one_full  first flex_column_div av-zero-column-padding  column-top-margin'     ><section  class='av_textblock_section av-71g9or-560b6924d70154e688b3c51a48619564 '   itemscope=\"itemscope\" itemtype=\"https:\/\/schema.org\/CreativeWork\" ><div class='avia_textblock'  itemprop=\"text\" ><h2>Concevez votre propre emballage<\/h2>\n<p>Nos clients nous confient leur atout le plus pr\u00e9cieux : leur identit\u00e9 de marque. S\u00e9lectionnez le produit que vous voulez dans notre catalogue et nous d\u00e9velopperons un design pour d\u00e9corer votre bouteille personnalis\u00e9e pour vous.<\/p>\n<\/div><\/section><\/div>\n\n<style type=\"text\/css\" data-created_by=\"avia_inline_auto\" id=\"style-css-av-6kh78b-c277bce432c71e0dc58687730f9c28b1\">\n.flex_column.av-6kh78b-c277bce432c71e0dc58687730f9c28b1{\nborder-radius:0px 0px 0px 0px;\npadding:0px 0px 0px 0px;\n}\n<\/style>\n<div  class='flex_column av-6kh78b-c277bce432c71e0dc58687730f9c28b1 av_one_full  avia-builder-el-8  el_after_av_one_half  avia-builder-el-last  first flex_column_div av-zero-column-padding  column-top-margin'     ><section  class='av_textblock_section av-3rjdbv-602f9a18aa63c21e7be782505d5f51a4 '   itemscope=\"itemscope\" itemtype=\"https:\/\/schema.org\/CreativeWork\" ><div class='avia_textblock'  itemprop=\"text\" ><h2>Formats de bouteilles disponibles<\/h2>\n<p><strong>\u00a0<\/strong><\/p>\n<\/div><\/section><br \/>\n\n<style type=\"text\/css\" data-created_by=\"avia_inline_auto\" id=\"style-css-av-28y4vf-27ae4cc48dfbd769f8745f2cf9517ec1\">\n#top .avia-gallery.av-28y4vf-27ae4cc48dfbd769f8745f2cf9517ec1 .avia-gallery-thumb a{\nwidth:14.2857%;\n}\n<\/style>\n<div  class='avia-gallery av-28y4vf-27ae4cc48dfbd769f8745f2cf9517ec1 avia_animate_when_visible  avia-builder-el-10  el_after_av_textblock  avia-builder-el-last  deactivate_avia_lazyload avia-gallery-animate avia-gallery-1'  itemprop=\"image\" itemscope=\"itemscope\" itemtype=\"https:\/\/schema.org\/ImageObject\" ><meta itemprop=\"contentURL\" content=\"https:\/\/www.juiceandworld.com\/fr\/personnalisation\/\"><div class='avia-gallery-thumb'><a href=\"https:\/\/www.juiceandworld.com\/wp-content\/uploads\/2020\/08\/botella1200ml-2.jpg\" data-rel='gallery-1' data-prev-img='https:\/\/www.juiceandworld.com\/wp-content\/uploads\/2020\/08\/botella1200ml-2.jpg' class='first_thumb lightbox ' data-onclick='1' title='1 (200 ml)'  itemprop=\"thumbnailUrl\"  ><img fetchpriority=\"high\" class=\"wp-image-2637 avia-img-lazy-loading-not-2637\"  data-avia-tooltip='1 (200 ml)' src='https:\/\/www.juiceandworld.com\/wp-content\/uploads\/2020\/08\/botella1200ml-2.jpg' width='450' height='1017'  title='botella1200ml' alt='' \/><div class='big-prev-fake'><img loading=\"lazy\" class=\"wp-image-2637 avia-img-lazy-loading-2637\"  width='450' height='1017' src='https:\/\/www.juiceandworld.com\/wp-content\/uploads\/2020\/08\/botella1200ml-2.jpg' title='botella1200ml' alt='' \/><\/div><\/a><a href=\"https:\/\/www.juiceandworld.com\/wp-content\/uploads\/2019\/09\/DSC9038.png\" data-rel='gallery-1' data-prev-img='https:\/\/www.juiceandworld.com\/wp-content\/uploads\/2019\/09\/DSC9038.png' class='lightbox ' data-onclick='2' title='2 (250 ml)'  itemprop=\"thumbnailUrl\"  ><img fetchpriority=\"high\" class=\"wp-image-1529 avia-img-lazy-loading-not-1529\"  data-avia-tooltip='2 (250 ml)' src='https:\/\/www.juiceandworld.com\/wp-content\/uploads\/2019\/09\/DSC9038.png' width='450' height='1017'  title='_DSC9038' alt='' \/><div class='big-prev-fake'><img loading=\"lazy\" class=\"wp-image-1529 avia-img-lazy-loading-1529\"  width='450' height='1017' src='https:\/\/www.juiceandworld.com\/wp-content\/uploads\/2019\/09\/DSC9038.png' title='_DSC9038' alt='' \/><\/div><\/a><a href=\"https:\/\/www.juiceandworld.com\/wp-content\/uploads\/2019\/09\/DSC9041.png\" data-rel='gallery-1' data-prev-img='https:\/\/www.juiceandworld.com\/wp-content\/uploads\/2019\/09\/DSC9041.png' class='lightbox ' data-onclick='3' title='3 (250 ml)'  itemprop=\"thumbnailUrl\"  ><img fetchpriority=\"high\" class=\"wp-image-1532 avia-img-lazy-loading-not-1532\"  data-avia-tooltip='3 (250 ml)' src='https:\/\/www.juiceandworld.com\/wp-content\/uploads\/2019\/09\/DSC9041.png' width='450' height='1017'  title='_DSC9041' alt='' \/><div class='big-prev-fake'><img loading=\"lazy\" class=\"wp-image-1532 avia-img-lazy-loading-1532\"  width='450' height='1017' src='https:\/\/www.juiceandworld.com\/wp-content\/uploads\/2019\/09\/DSC9041.png' title='_DSC9041' alt='' \/><\/div><\/a><a href=\"https:\/\/www.juiceandworld.com\/wp-content\/uploads\/2019\/09\/DSC9036.png\" data-rel='gallery-1' data-prev-img='https:\/\/www.juiceandworld.com\/wp-content\/uploads\/2019\/09\/DSC9036.png' class='lightbox ' data-onclick='4' title='4 (275ml)'  itemprop=\"thumbnailUrl\"  ><img fetchpriority=\"high\" class=\"wp-image-1526 avia-img-lazy-loading-not-1526\"  data-avia-tooltip='4 (275ml)' src='https:\/\/www.juiceandworld.com\/wp-content\/uploads\/2019\/09\/DSC9036.png' width='450' height='1017'  title='_DSC9036' alt='' \/><div class='big-prev-fake'><img loading=\"lazy\" class=\"wp-image-1526 avia-img-lazy-loading-1526\"  width='450' height='1017' src='https:\/\/www.juiceandworld.com\/wp-content\/uploads\/2019\/09\/DSC9036.png' title='_DSC9036' alt='' \/><\/div><\/a><a href=\"https:\/\/www.juiceandworld.com\/wp-content\/uploads\/2019\/09\/DSC9030.png\" data-rel='gallery-1' data-prev-img='https:\/\/www.juiceandworld.com\/wp-content\/uploads\/2019\/09\/DSC9030.png' class='lightbox ' data-onclick='5' title='5 (330ml)'  itemprop=\"thumbnailUrl\"  ><img fetchpriority=\"high\" class=\"wp-image-1523 avia-img-lazy-loading-not-1523\"  data-avia-tooltip='5 (330ml)' src='https:\/\/www.juiceandworld.com\/wp-content\/uploads\/2019\/09\/DSC9030.png' width='450' height='1017'  title='_DSC9030' alt='' \/><div class='big-prev-fake'><img loading=\"lazy\" class=\"wp-image-1523 avia-img-lazy-loading-1523\"  width='450' height='1017' src='https:\/\/www.juiceandworld.com\/wp-content\/uploads\/2019\/09\/DSC9030.png' title='_DSC9030' alt='' \/><\/div><\/a><a href=\"https:\/\/www.juiceandworld.com\/wp-content\/uploads\/2019\/09\/DSC9459.png\" data-rel='gallery-1' data-prev-img='https:\/\/www.juiceandworld.com\/wp-content\/uploads\/2019\/09\/DSC9459.png' class='lightbox ' data-onclick='6' title='6 (330 ml)'  itemprop=\"thumbnailUrl\"  ><img fetchpriority=\"high\" class=\"wp-image-1535 avia-img-lazy-loading-not-1535\"  data-avia-tooltip='6 (330 ml)' src='https:\/\/www.juiceandworld.com\/wp-content\/uploads\/2019\/09\/DSC9459.png' width='450' height='1017'  title='_DSC9459' alt='' \/><div class='big-prev-fake'><img loading=\"lazy\" class=\"wp-image-1535 avia-img-lazy-loading-1535\"  width='450' height='1017' src='https:\/\/www.juiceandworld.com\/wp-content\/uploads\/2019\/09\/DSC9459.png' title='_DSC9459' alt='' \/><\/div><\/a><a href=\"https:\/\/www.juiceandworld.com\/wp-content\/uploads\/2019\/09\/DSC9026.png\" data-rel='gallery-1' data-prev-img='https:\/\/www.juiceandworld.com\/wp-content\/uploads\/2019\/09\/DSC9026.png' class='lightbox ' data-onclick='7' title='7 (350ml)'  itemprop=\"thumbnailUrl\"  ><img fetchpriority=\"high\" class=\"wp-image-1520 avia-img-lazy-loading-not-1520\"  data-avia-tooltip='7 (350ml)' src='https:\/\/www.juiceandworld.com\/wp-content\/uploads\/2019\/09\/DSC9026.png' width='450' height='1017'  title='_DSC9026' alt='' \/><div class='big-prev-fake'><img loading=\"lazy\" class=\"wp-image-1520 avia-img-lazy-loading-1520\"  width='450' height='1017' src='https:\/\/www.juiceandworld.com\/wp-content\/uploads\/2019\/09\/DSC9026.png' title='_DSC9026' alt='' \/><\/div><\/a><a href=\"https:\/\/www.juiceandworld.com\/wp-content\/uploads\/2019\/09\/DSC9022.png\" data-rel='gallery-1' data-prev-img='https:\/\/www.juiceandworld.com\/wp-content\/uploads\/2019\/09\/DSC9022.png' class='first_thumb lightbox ' data-onclick='8' title='8 (750ml)'  itemprop=\"thumbnailUrl\"  ><img fetchpriority=\"high\" class=\"wp-image-1514 avia-img-lazy-loading-not-1514\"  data-avia-tooltip='8 (750ml)' src='https:\/\/www.juiceandworld.com\/wp-content\/uploads\/2019\/09\/DSC9022.png' width='450' height='1017'  title='_DSC9022' alt='' \/><div class='big-prev-fake'><img loading=\"lazy\" class=\"wp-image-1514 avia-img-lazy-loading-1514\"  width='450' height='1017' src='https:\/\/www.juiceandworld.com\/wp-content\/uploads\/2019\/09\/DSC9022.png' title='_DSC9022' alt='' \/><\/div><\/a><a href=\"https:\/\/www.juiceandworld.com\/wp-content\/uploads\/2019\/09\/DSC9010.png\" data-rel='gallery-1' data-prev-img='https:\/\/www.juiceandworld.com\/wp-content\/uploads\/2019\/09\/DSC9010.png' class='lightbox ' data-onclick='9' title='9 (750 ml)'  itemprop=\"thumbnailUrl\"  ><img fetchpriority=\"high\" class=\"wp-image-1502 avia-img-lazy-loading-not-1502\"  data-avia-tooltip='9 (750 ml)' src='https:\/\/www.juiceandworld.com\/wp-content\/uploads\/2019\/09\/DSC9010.png' width='450' height='1017'  title='_DSC9010' alt='' \/><div class='big-prev-fake'><img loading=\"lazy\" class=\"wp-image-1502 avia-img-lazy-loading-1502\"  width='450' height='1017' src='https:\/\/www.juiceandworld.com\/wp-content\/uploads\/2019\/09\/DSC9010.png' title='_DSC9010' alt='' \/><\/div><\/a><a href=\"https:\/\/www.juiceandworld.com\/wp-content\/uploads\/2019\/09\/DSC9015.png\" data-rel='gallery-1' data-prev-img='https:\/\/www.juiceandworld.com\/wp-content\/uploads\/2019\/09\/DSC9015.png' class='lightbox ' data-onclick='10' title='10 (750ml)'  itemprop=\"thumbnailUrl\"  ><img fetchpriority=\"high\" class=\"wp-image-1508 avia-img-lazy-loading-not-1508\"  data-avia-tooltip='10 (750ml)' src='https:\/\/www.juiceandworld.com\/wp-content\/uploads\/2019\/09\/DSC9015.png' width='450' height='1017'  title='_DSC9015' alt='' \/><div class='big-prev-fake'><img loading=\"lazy\" class=\"wp-image-1508 avia-img-lazy-loading-1508\"  width='450' height='1017' src='https:\/\/www.juiceandworld.com\/wp-content\/uploads\/2019\/09\/DSC9015.png' title='_DSC9015' alt='' \/><\/div><\/a><a href=\"https:\/\/www.juiceandworld.com\/wp-content\/uploads\/2019\/09\/DSC9012.png\" data-rel='gallery-1' data-prev-img='https:\/\/www.juiceandworld.com\/wp-content\/uploads\/2019\/09\/DSC9012.png' class='lightbox ' data-onclick='11' title='11 (750ml)'  itemprop=\"thumbnailUrl\"  ><img fetchpriority=\"high\" class=\"wp-image-1505 avia-img-lazy-loading-not-1505\"  data-avia-tooltip='11 (750ml)' src='https:\/\/www.juiceandworld.com\/wp-content\/uploads\/2019\/09\/DSC9012.png' width='450' height='1017'  title='_DSC9012' alt='' \/><div class='big-prev-fake'><img loading=\"lazy\" class=\"wp-image-1505 avia-img-lazy-loading-1505\"  width='450' height='1017' src='https:\/\/www.juiceandworld.com\/wp-content\/uploads\/2019\/09\/DSC9012.png' title='_DSC9012' alt='' \/><\/div><\/a><a href=\"https:\/\/www.juiceandworld.com\/wp-content\/uploads\/2019\/09\/DSC9024.png\" data-rel='gallery-1' data-prev-img='https:\/\/www.juiceandworld.com\/wp-content\/uploads\/2019\/09\/DSC9024.png' class='lightbox ' data-onclick='12' title='12 (750ml)'  itemprop=\"thumbnailUrl\"  ><img fetchpriority=\"high\" class=\"wp-image-1517 avia-img-lazy-loading-not-1517\"  data-avia-tooltip='12 (750ml)' src='https:\/\/www.juiceandworld.com\/wp-content\/uploads\/2019\/09\/DSC9024.png' width='450' height='1017'  title='_DSC9024' alt='' \/><div class='big-prev-fake'><img loading=\"lazy\" class=\"wp-image-1517 avia-img-lazy-loading-1517\"  width='450' height='1017' src='https:\/\/www.juiceandworld.com\/wp-content\/uploads\/2019\/09\/DSC9024.png' title='_DSC9024' alt='' \/><\/div><\/a><a href=\"https:\/\/www.juiceandworld.com\/wp-content\/uploads\/2019\/09\/DSC9017.png\" data-rel='gallery-1' data-prev-img='https:\/\/www.juiceandworld.com\/wp-content\/uploads\/2019\/09\/DSC9017.png' class='lightbox ' data-onclick='13' title='13 (750ml)'  itemprop=\"thumbnailUrl\"  ><img fetchpriority=\"high\" class=\"wp-image-1511 avia-img-lazy-loading-not-1511\"  data-avia-tooltip='13 (750ml)' src='https:\/\/www.juiceandworld.com\/wp-content\/uploads\/2019\/09\/DSC9017.png' width='450' height='1017'  title='_DSC9017' alt='' \/><div class='big-prev-fake'><img loading=\"lazy\" class=\"wp-image-1511 avia-img-lazy-loading-1511\"  width='450' height='1017' src='https:\/\/www.juiceandworld.com\/wp-content\/uploads\/2019\/09\/DSC9017.png' title='_DSC9017' alt='' \/><\/div><\/a><a href=\"https:\/\/www.juiceandworld.com\/wp-content\/uploads\/2019\/09\/DSC9004.png\" data-rel='gallery-1' data-prev-img='https:\/\/www.juiceandworld.com\/wp-content\/uploads\/2019\/09\/DSC9004.png' class='lightbox ' data-onclick='14' title='14 (750 ml)'  itemprop=\"thumbnailUrl\"  ><img fetchpriority=\"high\" class=\"wp-image-1496 avia-img-lazy-loading-not-1496\"  data-avia-tooltip='14 (750 ml)' src='https:\/\/www.juiceandworld.com\/wp-content\/uploads\/2019\/09\/DSC9004.png' width='450' height='1017'  title='_DSC9004' alt='' \/><div class='big-prev-fake'><img loading=\"lazy\" class=\"wp-image-1496 avia-img-lazy-loading-1496\"  width='450' height='1017' src='https:\/\/www.juiceandworld.com\/wp-content\/uploads\/2019\/09\/DSC9004.png' title='_DSC9004' alt='' \/><\/div><\/a><a href=\"https:\/\/www.juiceandworld.com\/wp-content\/uploads\/2019\/09\/DSC9008.png\" data-rel='gallery-1' data-prev-img='https:\/\/www.juiceandworld.com\/wp-content\/uploads\/2019\/09\/DSC9008.png' class='first_thumb lightbox ' data-onclick='15' title='15 (750 ml)'  itemprop=\"thumbnailUrl\"  ><img fetchpriority=\"high\" class=\"wp-image-1499 avia-img-lazy-loading-not-1499\"  data-avia-tooltip='15 (750 ml)' src='https:\/\/www.juiceandworld.com\/wp-content\/uploads\/2019\/09\/DSC9008.png' width='450' height='1017'  title='_DSC9008' alt='' \/><div class='big-prev-fake'><img loading=\"lazy\" class=\"wp-image-1499 avia-img-lazy-loading-1499\"  width='450' height='1017' src='https:\/\/www.juiceandworld.com\/wp-content\/uploads\/2019\/09\/DSC9008.png' title='_DSC9008' alt='' \/><\/div><\/a><\/div><\/div><\/p><\/div>\n","protected":false},"excerpt":{"rendered":"","protected":false},"author":1,"featured_media":0,"parent":0,"menu_order":0,"comment_status":"closed","ping_status":"closed","template":"","meta":{"footnotes":""},"class_list":["post-2205","page","type-page","status-publish","hentry"],"_links":{"self":[{"href":"https:\/\/www.juiceandworld.com\/fr\/wp-json\/wp\/v2\/pages\/2205","targetHints":{"allow":["GET"]}}],"collection":[{"href":"https:\/\/www.juiceandworld.com\/fr\/wp-json\/wp\/v2\/pages"}],"about":[{"href":"https:\/\/www.juiceandworld.com\/fr\/wp-json\/wp\/v2\/types\/page"}],"author":[{"embeddable":true,"href":"https:\/\/www.juiceandworld.com\/fr\/wp-json\/wp\/v2\/users\/1"}],"replies":[{"embeddable":true,"href":"https:\/\/www.juiceandworld.com\/fr\/wp-json\/wp\/v2\/comments?post=2205"}],"version-history":[{"count":8,"href":"https:\/\/www.juiceandworld.com\/fr\/wp-json\/wp\/v2\/pages\/2205\/revisions"}],"predecessor-version":[{"id":2640,"href":"https:\/\/www.juiceandworld.com\/fr\/wp-json\/wp\/v2\/pages\/2205\/revisions\/2640"}],"wp:attachment":[{"href":"https:\/\/www.juiceandworld.com\/fr\/wp-json\/wp\/v2\/media?parent=2205"}],"curies":[{"name":"wp","href":"https:\/\/api.w.org\/{rel}","templated":true}]}}