{"id":2217,"date":"2014-07-09T15:49:47","date_gmt":"2014-07-09T15:49:47","guid":{"rendered":"http:\/\/www.juiceandworld.com\/contacto\/"},"modified":"2020-01-02T13:10:31","modified_gmt":"2020-01-02T13:10:31","slug":"contact","status":"publish","type":"page","link":"https:\/\/www.juiceandworld.com\/fr\/contact\/","title":{"rendered":"Contact"},"content":{"rendered":"<div id='av_section_1'  class='avia-section av-yc6jwg-7c705e37f65d731a4b65134fdb300108 main_color avia-section-default avia-shadow  avia-builder-el-0  el_before_av_section  avia-builder-el-first  avia-bg-style-scroll container_wrap sidebar_right'  ><div class='container av-section-cont-open' ><main  role=\"main\" itemprop=\"mainContentOfPage\"  class='template-page content  av-content-small alpha units'><div class='post-entry post-entry-type-page post-entry-2217'><div class='entry-content-wrapper clearfix'>\n<div  class='flex_column av-37q1pc-e1354b4fbe2f624fae53b2f7940153e1 av_one_fifth  avia-builder-el-1  el_before_av_three_fifth  avia-builder-el-first  first flex_column_div  '     ><\/div>\n<style type=\"text\/css\" data-created_by=\"avia_inline_auto\" id=\"style-css-av-uqsf00-4655c0acef74c517160a306e87e61afc\">\n.flex_column.av-uqsf00-4655c0acef74c517160a306e87e61afc{\nborder-radius:0px 0px 0px 0px;\npadding:0px 0px 0px 0px;\n}\n<\/style>\n<div  class='flex_column av-uqsf00-4655c0acef74c517160a306e87e61afc av_three_fifth  avia-builder-el-2  el_after_av_one_fifth  el_before_av_one_fifth  flex_column_div av-zero-column-padding  '     ><div  class='av_gmaps_sc_main_wrap av_gmaps_main_wrap '><div id='av_gmap_0' class='avia-google-map-container avia-google-map-sc av_gmaps_show_unconditionally av-no-fallback-img ' data-mapid='av_gmap_0'  style='height: 400px;'><a class=\"av_gmaps_browser_disabled av_text_confirm_link av_text_confirm_link_visible\" href=\"https:\/\/www.google.com\/maps\/search\/?api=1&#038;query=Av.%20los%20Tilos%2010%20%20%20Villatuerta%20%20Espa\u00f1a\" target=\"_blank\">Les cartes ont \u00e9t\u00e9 d\u00e9sactiv\u00e9es par le visiteur sur ce site. Cliquer pour ouvrir la carte dans une nouvelle fen\u00eatre.<\/a><\/div><\/div><\/div>\n<style type=\"text\/css\" data-created_by=\"avia_inline_auto\" id=\"style-css-av-qaoyfk-46c1b33dc8e137fd4754fdcbb02bfada\">\n.flex_column.av-qaoyfk-46c1b33dc8e137fd4754fdcbb02bfada{\nborder-radius:0px 0px 0px 0px;\npadding:0px 0px 0px 0px;\n}\n<\/style>\n<div  class='flex_column av-qaoyfk-46c1b33dc8e137fd4754fdcbb02bfada av_one_fifth  avia-builder-el-4  el_after_av_three_fifth  avia-builder-el-last  flex_column_div av-zero-column-padding  '     ><\/div>\n\n<\/div><\/div><\/main><!-- close content main element --><\/div><\/div><div id='av_section_2'  class='avia-section av-ntqsnk-d808c3949ce60b688f3b577aba1b55a3 main_color avia-section-default avia-shadow  avia-builder-el-5  el_after_av_section  el_before_av_hr  avia-bg-style-scroll container_wrap sidebar_right'  ><div class='container av-section-cont-open' ><div class='template-page content  av-content-small alpha units'><div class='post-entry post-entry-type-page post-entry-2217'><div class='entry-content-wrapper clearfix'>\n<div  class='flex_column av-m30kcw-bd3ff3fa7b507fe92868c84e455d6903 av_one_half  avia-builder-el-6  el_before_av_one_half  avia-builder-el-first  first flex_column_div  '     ><p>\n<style type=\"text\/css\" data-created_by=\"avia_inline_auto\" id=\"style-css-av-k4wqqnvc-a07332dc789160eb02966e19bac09436\">\n#top .av-special-heading.av-k4wqqnvc-a07332dc789160eb02966e19bac09436{\npadding-bottom:10px;\n}\nbody .av-special-heading.av-k4wqqnvc-a07332dc789160eb02966e19bac09436 .av-special-heading-tag .heading-char{\nfont-size:25px;\n}\n.av-special-heading.av-k4wqqnvc-a07332dc789160eb02966e19bac09436 .av-subheading{\nfont-size:15px;\n}\n<\/style>\n<div  class='av-special-heading av-k4wqqnvc-a07332dc789160eb02966e19bac09436 av-special-heading-h2 blockquote modern-quote  avia-builder-el-7  el_before_av_hr  avia-builder-el-first '><h2 class='av-special-heading-tag '  itemprop=\"headline\"  >Contact<\/h2><div class=\"special-heading-border\"><div class=\"special-heading-inner-border\"><\/div><\/div><\/div><br \/>\n\n<style type=\"text\/css\" data-created_by=\"avia_inline_auto\" id=\"style-css-av-if21u8-466ced387db0ff9fefb831499348cda9\">\n#top .hr.av-if21u8-466ced387db0ff9fefb831499348cda9{\nmargin-top:0;\nmargin-bottom:0;\n}\n.hr.av-if21u8-466ced387db0ff9fefb831499348cda9 .hr-inner{\nwidth:100%;\nborder-color:#fffcf2;\n}\n<\/style>\n<div  class='hr av-if21u8-466ced387db0ff9fefb831499348cda9 hr-custom  avia-builder-el-8  el_after_av_heading  el_before_av_textblock  hr-center hr-icon-no'><span class='hr-inner inner-border-av-border-fat'><span class=\"hr-inner-style\"><\/span><\/span><\/div><br \/>\n<section  class='av_textblock_section av-i390ww-16d386b7a0daccb9c3d916fd5a4dc8b2 '   itemscope=\"itemscope\" itemtype=\"https:\/\/schema.org\/CreativeWork\" ><div class='avia_textblock'  itemprop=\"text\" ><p>Juice&amp;World<br \/>\nAvda. de los Tilos 10-18<br \/>\nPol\u00edgono Industrial San Miguel<br \/>\n31132 Villatuerta<br \/>\nNavarra \u2013 Espa\u00f1a<\/p>\n<p>Tel: +34 948 536 080<br \/>\nFax: +34 948 541 827 \/ +34 948 541 306<\/p>\n<p>Email: <span style=\"color: #000080;\"><span lang=\"zxx\"><u><a href=\"mailto:info@juiceandworld.com\">info@juiceandworld.com<\/a><\/u><\/span><\/span><\/p>\n<\/div><\/section><\/p><\/div>\n<style type=\"text\/css\" data-created_by=\"avia_inline_auto\" id=\"style-css-av-fqejhs-b66212d1d4b221a0c45a5da5bd79eabf\">\n.flex_column.av-fqejhs-b66212d1d4b221a0c45a5da5bd79eabf{\nborder-radius:0px 0px 0px 0px;\npadding:0px 0px 0px 0px;\n}\n<\/style>\n<div  class='flex_column av-fqejhs-b66212d1d4b221a0c45a5da5bd79eabf av_one_half  avia-builder-el-10  el_after_av_one_half  avia-builder-el-last  flex_column_div av-zero-column-padding  '     ><p>\n<style type=\"text\/css\" data-created_by=\"avia_inline_auto\" id=\"style-css-av-k4wqqrft-4351da60bb0c7fb4590a72bd9b5e65af\">\n#top .av-special-heading.av-k4wqqrft-4351da60bb0c7fb4590a72bd9b5e65af{\npadding-bottom:10px;\n}\nbody .av-special-heading.av-k4wqqrft-4351da60bb0c7fb4590a72bd9b5e65af .av-special-heading-tag .heading-char{\nfont-size:25px;\n}\n.av-special-heading.av-k4wqqrft-4351da60bb0c7fb4590a72bd9b5e65af .av-subheading{\nfont-size:15px;\n}\n<\/style>\n<div  class='av-special-heading av-k4wqqrft-4351da60bb0c7fb4590a72bd9b5e65af av-special-heading-h2 blockquote modern-quote  avia-builder-el-11  el_before_av_hr  avia-builder-el-first '><h2 class='av-special-heading-tag '  itemprop=\"headline\"  >Contactez nous<\/h2><div class=\"special-heading-border\"><div class=\"special-heading-inner-border\"><\/div><\/div><\/div><br \/>\n\n<style type=\"text\/css\" data-created_by=\"avia_inline_auto\" id=\"style-css-av-c566xc-e2e049dd1329ecea98ae0b2290d308ab\">\n#top .hr.av-c566xc-e2e049dd1329ecea98ae0b2290d308ab{\nmargin-top:0;\nmargin-bottom:0;\n}\n.hr.av-c566xc-e2e049dd1329ecea98ae0b2290d308ab .hr-inner{\nwidth:100%;\nborder-color:#fffcf2;\n}\n<\/style>\n<div  class='hr av-c566xc-e2e049dd1329ecea98ae0b2290d308ab hr-custom  avia-builder-el-12  el_after_av_heading  el_before_av_contact  hr-center hr-icon-no'><span class='hr-inner inner-border-av-border-fat'><span class=\"hr-inner-style\"><\/span><\/span><\/div><br \/>\n<form action=\"https:\/\/www.juiceandworld.com\/fr\/contact\/\" method=\"post\" data-fields-with-error=\"Erreurs trouv\u00e9es dans les champs suivants :\" class=\"avia_ajax_form av-form-labels-hidden   avia-builder-el-13  el_after_av_hr  avia-builder-el-last   \" data-avia-form-id=\"1\" data-avia-redirect='' ><fieldset><p class='  first_form  form_element form_element_half' id='element_avia_1_1'><label for=\"avia_1_1\">Nom <abbr class=\"required\" title=\"requis(e)\">*<\/abbr><\/label> <input name=\"avia_1_1\" class=\"text_input is_empty\" type=\"text\" id=\"avia_1_1\" value=\"\"  placeholder='Nom*'\/><\/p><p class='  form_element form_element_half' id='element_avia_2_1'><label for=\"avia_2_1\">E-Mail <abbr class=\"required\" title=\"requis(e)\">*<\/abbr><\/label> <input name=\"avia_2_1\" class=\"text_input is_email\" type=\"text\" id=\"avia_2_1\" value=\"\"  placeholder='E-Mail*'\/><\/p><p class='  first_form  form_element form_fullwidth' id='element_avia_3_1'><label for=\"avia_3_1\">Sujet <abbr class=\"required\" title=\"requis(e)\">*<\/abbr><\/label> <input name=\"avia_3_1\" class=\"text_input is_empty\" type=\"text\" id=\"avia_3_1\" value=\"\"  placeholder='Sujet*'\/><\/p><p class='  first_form  form_element form_fullwidth av-last-visible-form-element' id='element_avia_4_1'><label for=\"avia_4_1\" class=\"textare_label hidden textare_label_avia_4_1\">Message <abbr class=\"required\" title=\"requis(e)\">*<\/abbr><\/label><textarea  placeholder='Message*' name=\"avia_4_1\" class=\"text_area is_empty\" cols=\"40\" rows=\"7\" id=\"avia_4_1\" ><\/textarea><\/p><p class=\"hidden\"><input type=\"text\" name=\"avia_5_1\" class=\"hidden \" id=\"avia_5_1\" value=\"\" \/><\/p><p class=\"form_element \"><input type=\"hidden\" value=\"1\" name=\"avia_generated_form1\" \/><input type=\"submit\" value=\"Envoyer \" class=\"button\"  data-sending-label=\"Envoi\"\/><\/p><\/fieldset><\/form><div id=\"ajaxresponse_1\" class=\"ajaxresponse ajaxresponse_1 hidden\"><\/div><\/p><\/div><\/div><\/div><\/div><!-- close content main div --><\/div><\/div><div id='after_section_2'  class='main_color av_default_container_wrap container_wrap sidebar_right'  ><div class='container av-section-cont-open' ><div class='template-page content  av-content-small alpha units'><div class='post-entry post-entry-type-page post-entry-2217'><div class='entry-content-wrapper clearfix'>\n<style type=\"text\/css\" data-created_by=\"avia_inline_auto\" id=\"style-css-av-2tuflc-b5828ee1528c06d65d9a37d82f34f9f0\">\n#top .hr.hr-invisible.av-2tuflc-b5828ee1528c06d65d9a37d82f34f9f0{\nheight:20px;\n}\n<\/style>\n<div  class='hr av-2tuflc-b5828ee1528c06d65d9a37d82f34f9f0 hr-invisible  avia-builder-el-14  el_after_av_section  avia-builder-el-no-sibling '><span class='hr-inner '><span class=\"hr-inner-style\"><\/span><\/span><\/div><\/p>\n","protected":false},"excerpt":{"rendered":"","protected":false},"author":1,"featured_media":0,"parent":0,"menu_order":0,"comment_status":"open","ping_status":"closed","template":"","meta":{"footnotes":""},"class_list":["post-2217","page","type-page","status-publish","hentry"],"_links":{"self":[{"href":"https:\/\/www.juiceandworld.com\/fr\/wp-json\/wp\/v2\/pages\/2217","targetHints":{"allow":["GET"]}}],"collection":[{"href":"https:\/\/www.juiceandworld.com\/fr\/wp-json\/wp\/v2\/pages"}],"about":[{"href":"https:\/\/www.juiceandworld.com\/fr\/wp-json\/wp\/v2\/types\/page"}],"author":[{"embeddable":true,"href":"https:\/\/www.juiceandworld.com\/fr\/wp-json\/wp\/v2\/users\/1"}],"replies":[{"embeddable":true,"href":"https:\/\/www.juiceandworld.com\/fr\/wp-json\/wp\/v2\/comments?post=2217"}],"version-history":[{"count":3,"href":"https:\/\/www.juiceandworld.com\/fr\/wp-json\/wp\/v2\/pages\/2217\/revisions"}],"predecessor-version":[{"id":2616,"href":"https:\/\/www.juiceandworld.com\/fr\/wp-json\/wp\/v2\/pages\/2217\/revisions\/2616"}],"wp:attachment":[{"href":"https:\/\/www.juiceandworld.com\/fr\/wp-json\/wp\/v2\/media?parent=2217"}],"curies":[{"name":"wp","href":"https:\/\/api.w.org\/{rel}","templated":true}]}}