{"id":2240,"date":"2019-09-25T10:16:36","date_gmt":"2019-09-25T10:16:36","guid":{"rendered":"http:\/\/www.juiceandworld.com\/by-nature-2\/"},"modified":"2020-01-02T17:27:26","modified_gmt":"2020-01-02T17:27:26","slug":"nature","status":"publish","type":"page","link":"https:\/\/www.juiceandworld.com\/fr\/nature\/","title":{"rendered":"Nature"},"content":{"rendered":"<div id='cabecera'  class='avia-section av-byv0j5-d67ca978e07e35871dc3345a5d6764c3 main_color avia-section-default avia-no-shadow  avia-builder-el-0  el_before_av_one_half  avia-builder-el-first  avia-bg-style-scroll av-minimum-height av-minimum-height-custom av-height-custom  container_wrap sidebar_right'   data-av_minimum_height_px='200'><div class='container av-section-cont-open' style='height:200px'><main  role=\"main\" itemprop=\"mainContentOfPage\"  class='template-page content  av-content-small alpha units'><div class='post-entry post-entry-type-page post-entry-2240'><div class='entry-content-wrapper clearfix'>\n\n<style type=\"text\/css\" data-created_by=\"avia_inline_auto\" id=\"style-css-av-k4x059u3-664d52db3095b9f6a384bc871b2cdc0d\">\n#top .av-special-heading.av-k4x059u3-664d52db3095b9f6a384bc871b2cdc0d{\npadding-bottom:0;\n}\nbody .av-special-heading.av-k4x059u3-664d52db3095b9f6a384bc871b2cdc0d .av-special-heading-tag .heading-char{\nfont-size:25px;\n}\n.av-special-heading.av-k4x059u3-664d52db3095b9f6a384bc871b2cdc0d .av-subheading{\nfont-size:15px;\n}\n<\/style>\n<div  class='av-special-heading av-k4x059u3-664d52db3095b9f6a384bc871b2cdc0d av-special-heading-h1 custom-color-heading blockquote modern-quote  avia-builder-el-1  avia-builder-el-no-sibling '><h1 class='av-special-heading-tag '  itemprop=\"headline\"  >Nature<\/h1><div class=\"special-heading-border\"><div class=\"special-heading-inner-border\"><\/div><\/div><\/div>\n<\/div><\/div><\/main><!-- close content main element --><\/div><\/div><div id='after_section_1'  class='main_color av_default_container_wrap container_wrap sidebar_right'  ><div class='container av-section-cont-open' ><div class='template-page content  av-content-small alpha units'><div class='post-entry post-entry-type-page post-entry-2240'><div class='entry-content-wrapper clearfix'>\n<style type=\"text\/css\" data-created_by=\"avia_inline_auto\" id=\"style-css-av-unnep-36912426eb35f31391126ac2d08708ff\">\n.flex_column.av-unnep-36912426eb35f31391126ac2d08708ff{\nborder-radius:0px 0px 0px 0px;\npadding:0px 0px 0px 0px;\n}\n<\/style>\n<div  class='flex_column av-unnep-36912426eb35f31391126ac2d08708ff av_one_half  avia-builder-el-2  el_after_av_section  el_before_av_one_half  avia-builder-el-first  first flex_column_div av-zero-column-padding  '     ><section  class='av_textblock_section av-7g8ocx-01c08fb50e8d663ba679e0559ec165e8 '   itemscope=\"itemscope\" itemtype=\"https:\/\/schema.org\/CreativeWork\" ><div class='avia_textblock'  itemprop=\"text\" ><div class=\"av-special-heading av-special-heading-h2 blockquote modern-quote avia-builder-el-4 el_before_av_textblock avia-builder-el-first av-thin-font\">\n<h2 class=\"av-special-heading-tag\"><strong>Engag\u00e9s pour la plan\u00e8t<\/strong><\/h2>\n<\/div>\n<section class=\"av_textblock_section\">\n<div class=\"avia_textblock \"><\/div>\n<\/section>\n<p>La nature nous offre toute une gamme de saveurs naturelles qui constituent la base de nos jus de fruits et de nos boissons rafra\u00eechissantes. Tous nos produits sont fabriqu\u00e9s \u00e0 partir d&rsquo;ingr\u00e9dients naturels de premi\u00e8re qualit\u00e9 issus des meilleurs champs de production de fruits d&rsquo;Europe.<\/p>\n<section class=\"av_textblock_section\">\n<div class=\"avia_textblock \"><\/div>\n<\/section>\n<p>Gr\u00e2ce \u00e0 notre emplacement, entour\u00e9 de vall\u00e9es et de montagnes, nous b\u00e9n\u00e9ficions d\u2019une eau de source qui apporte une saveur particuli\u00e8re et une excellente qualit\u00e9 \u00e0 nos boissons.<\/p>\n<section class=\"av_textblock_section\">\n<div class=\"avia_textblock \">\n<blockquote>\n<p>Nos boissons ont le go\u00fbt naturel de l&rsquo;eau de source.<\/p>\n<\/blockquote>\n<\/div>\n<\/section>\n<p>Nous sommes une entreprise \u00ab Plastic Free\u00bb qui prend soin de la nature et la respecte, en privil\u00e9giant un mode de vie naturel et une consommation saine et durable. Tous nos produits sont conditionn\u00e9s dans des bouteilles en verre, un contenant 100% recyclable garantissant la qualit\u00e9 et le go\u00fbt de chaque boisson.<\/p>\n<\/div><\/section><br \/>\n\n<style type=\"text\/css\" data-created_by=\"avia_inline_auto\" id=\"style-css-av-61ijm9-5006ddae330af8b12be2a13ddb72002b\">\n.avia-image-container.av-61ijm9-5006ddae330af8b12be2a13ddb72002b img.avia_image{\nbox-shadow:none;\n}\n.avia-image-container.av-61ijm9-5006ddae330af8b12be2a13ddb72002b .av-image-caption-overlay-center{\ncolor:#ffffff;\n}\n<\/style>\n<div  class='avia-image-container av-61ijm9-5006ddae330af8b12be2a13ddb72002b av-styling- avia-align-center  avia-builder-el-4  el_after_av_textblock  avia-builder-el-last '   itemprop=\"image\" itemscope=\"itemscope\" itemtype=\"https:\/\/schema.org\/ImageObject\" ><div class=\"avia-image-container-inner\"><div class=\"avia-image-overlay-wrap\"><img fetchpriority=\"high\" class='wp-image-1792 avia-img-lazy-loading-not-1792 avia_image ' src='https:\/\/www.juiceandworld.com\/wp-content\/uploads\/2019\/10\/Mesa-de-trabajo-5.png' alt='' title='Mesa de trabajo 5'  height=\"220\" width=\"220\"  itemprop=\"thumbnailUrl\"  \/><\/div><\/div><\/div><\/p><\/div><\/p>\n\n<style type=\"text\/css\" data-created_by=\"avia_inline_auto\" id=\"style-css-av-3x9k69-b8bebc572f7a0d139654685317ede68b\">\n.flex_column.av-3x9k69-b8bebc572f7a0d139654685317ede68b{\nborder-radius:0px 0px 0px 0px;\npadding:0px 0px 0px 0px;\n}\n<\/style>\n<div  class='flex_column av-3x9k69-b8bebc572f7a0d139654685317ede68b av_one_half  avia-builder-el-5  el_after_av_one_half  avia-builder-el-last  flex_column_div av-zero-column-padding  '     ><style type=\"text\/css\" data-created_by=\"avia_inline_auto\" id=\"style-css-av-294zsh-d2bd62df8a1609281c80e74217c21aa6\">\n.avia-image-container.av-294zsh-d2bd62df8a1609281c80e74217c21aa6 img.avia_image{\nbox-shadow:none;\n}\n.avia-image-container.av-294zsh-d2bd62df8a1609281c80e74217c21aa6 .av-image-caption-overlay-center{\ncolor:#ffffff;\n}\n<\/style>\n<div  class='avia-image-container av-294zsh-d2bd62df8a1609281c80e74217c21aa6 av-styling- avia-align-center  avia-builder-el-6  avia-builder-el-no-sibling '   itemprop=\"image\" itemscope=\"itemscope\" itemtype=\"https:\/\/schema.org\/ImageObject\" ><div class=\"avia-image-container-inner\"><div class=\"avia-image-overlay-wrap\"><img fetchpriority=\"high\" class='wp-image-1955 avia-img-lazy-loading-not-1955 avia_image ' src='https:\/\/www.juiceandworld.com\/wp-content\/uploads\/2019\/10\/nature-1030x734.jpg' alt='' title='Friends at cafe drinking healthy smoothies'  height=\"734\" width=\"1030\"  itemprop=\"thumbnailUrl\"  \/><\/div><\/div><\/div><\/div>\n","protected":false},"excerpt":{"rendered":"","protected":false},"author":1,"featured_media":0,"parent":0,"menu_order":0,"comment_status":"closed","ping_status":"closed","template":"","meta":{"footnotes":""},"class_list":["post-2240","page","type-page","status-publish","hentry"],"_links":{"self":[{"href":"https:\/\/www.juiceandworld.com\/fr\/wp-json\/wp\/v2\/pages\/2240","targetHints":{"allow":["GET"]}}],"collection":[{"href":"https:\/\/www.juiceandworld.com\/fr\/wp-json\/wp\/v2\/pages"}],"about":[{"href":"https:\/\/www.juiceandworld.com\/fr\/wp-json\/wp\/v2\/types\/page"}],"author":[{"embeddable":true,"href":"https:\/\/www.juiceandworld.com\/fr\/wp-json\/wp\/v2\/users\/1"}],"replies":[{"embeddable":true,"href":"https:\/\/www.juiceandworld.com\/fr\/wp-json\/wp\/v2\/comments?post=2240"}],"version-history":[{"count":3,"href":"https:\/\/www.juiceandworld.com\/fr\/wp-json\/wp\/v2\/pages\/2240\/revisions"}],"predecessor-version":[{"id":2242,"href":"https:\/\/www.juiceandworld.com\/fr\/wp-json\/wp\/v2\/pages\/2240\/revisions\/2242"}],"wp:attachment":[{"href":"https:\/\/www.juiceandworld.com\/fr\/wp-json\/wp\/v2\/media?parent=2240"}],"curies":[{"name":"wp","href":"https:\/\/api.w.org\/{rel}","templated":true}]}}